{"id":3954,"date":"2018-03-20T18:09:31","date_gmt":"2018-03-20T17:09:31","guid":{"rendered":"http:\/\/notrefrance-mouv.fr\/?page_id=3954"},"modified":"2024-10-31T19:42:26","modified_gmt":"2024-10-31T18:42:26","slug":"organisation","status":"publish","type":"page","link":"https:\/\/www.notrefrance.fr\/index.php\/organisation\/","title":{"rendered":"Organisation"},"content":{"rendered":"<p>[vc_row][vc_column][vc_custom_heading text=&#8221;Notre Organisation&#8221; font_container=&#8221;tag:h2|font_size:64|text_align:center|color:%2300148c&#8221; google_fonts=&#8221;font_family:Roboto%20Slab%3A100%2C300%2Cregular%2C700|font_style:400%20regular%3A400%3Anormal&#8221;][vc_empty_space height=&#8221;80px&#8221;][vc_column_text]<span style=\"font-size: 14pt;\">Nous sommes un jeune mouvement, sans barons ni \u00e9l\u00e9phants, fond\u00e9 sur le principe de la participation de chacun. Notre France appartient \u00e0 tous ceux qui partagent nos valeurs, et qui sont pr\u00eats \u00e0 s&#8217;investir pour les d\u00e9fendre \u00e0 nos c\u00f4t\u00e9s.<\/span>[\/vc_column_text][vc_empty_space height=&#8221;80px&#8221;][\/vc_column][\/vc_row][vc_row][vc_column][vc_column_text]<span style=\"color: #00148c;\"><strong><span style=\"font-size: 18pt;\">Martial Sciolla<\/span><\/strong><\/span><\/p>\n<p><strong><span style=\"color: #00148c;\"><span style=\"font-size: 18pt;\">Pr\u00e9sident<\/span><\/span><\/strong><\/p>\n<p><span style=\"font-size: 18pt;\">courriel : <span style=\"color: #00148c;\">martial.sciolla@notrefrance.fr<\/span><\/span><\/p>\n<p><span style=\"font-size: 18pt;\">t\u00e9l\u00e9phone : <span style=\"color: #00148c;\">+33 6 77 54 22 78<\/span><\/span>[\/vc_column_text][tt_social_links][tt_social_link icon_color_option=&#8221;custom-color&#8221; fontawesome_icon=&#8221;fa fa-facebook&#8221; link=&#8221;url:https%3A%2F%2Fwww.facebook.com%2Fmartial.sciolla.5||target:%20_blank|&#8221; icon_color=&#8221;#00148c&#8221;][\/tt_social_link][tt_social_link icon_color_option=&#8221;custom-color&#8221; fontawesome_icon=&#8221;fa fa-twitter&#8221; icon_color=&#8221;#00148c&#8221; link=&#8221;url:https%3A%2F%2Ftwitter.com%2Fmascio1392|||&#8221;][\/tt_social_link][\/tt_social_links][vc_empty_space height=&#8221;16px&#8221;][vc_separator color=&#8221;black&#8221;][\/vc_column][\/vc_row][vc_row][vc_column][vc_column_text]<span style=\"color: #00148c;\"><strong><span style=\"font-size: 18pt;\">Adrien Figge<\/span><\/strong><\/span><\/p>\n<p><span style=\"color: #00148c;\"><strong><span style=\"font-size: 18pt;\">Vice-pr\u00e9sident<\/span><\/strong><\/span><\/p>\n<p><span style=\"font-size: 18pt;\">courriel : <span style=\"color: #00148c;\">adrien.figge@notrefrance.fr<\/span><\/span><\/p>\n<p><span style=\"font-size: 18pt;\">t\u00e9l\u00e9phone : <span style=\"color: #00148c;\">+33 6 70 79 81 27<\/span><\/span>[\/vc_column_text][vc_separator color=&#8221;black&#8221;][\/vc_column][\/vc_row][vc_row][vc_column][vc_column_text]<span style=\"color: #00148c;\"><strong><span style=\"font-size: 18pt;\">J\u00e9r\u00f4me Garcia<\/span><\/strong><\/span><\/p>\n<p><span style=\"color: #00148c;\"><strong><span style=\"font-size: 18pt;\">Vice-pr\u00e9sident<\/span><\/strong><\/span><\/p>\n<p><span style=\"font-size: 18pt;\">courriel : <span style=\"color: #00148c;\">jerome.garcia@notrefrance.fr<\/span><\/span>[\/vc_column_text][vc_separator color=&#8221;black&#8221;][\/vc_column][\/vc_row][vc_row][vc_column][vc_column_text]<span style=\"color: #00148c;\"><strong><span style=\"font-size: 18pt;\">Antoine Gu\u00e9roult<\/span><\/strong><\/span><\/p>\n<p><strong><span style=\"color: #00148c;\"><span style=\"font-size: 18pt;\">Secr\u00e9taire G\u00e9n\u00e9ral<br \/>\n<\/span><\/span><\/strong><\/p>\n<p><span style=\"font-size: 18pt;\">courriel : <span style=\"color: #00148c;\">antoine.gueroult@notrefrance.fr<\/span><\/span><\/p>\n<p><span style=\"font-size: 18pt;\">t\u00e9l\u00e9phone :\u00a0<\/span>[\/vc_column_text][vc_empty_space height=&#8221;16px&#8221;][vc_separator color=&#8221;black&#8221;][\/vc_column][\/vc_row][vc_row][vc_column][vc_column_text]<span style=\"color: #00148c;\"><strong><span style=\"font-size: 18pt;\">Henri Komivi\u00a0Djol\u00e9gb\u00e9hou<\/span><\/strong><\/span><\/p>\n<p><strong><span style=\"color: #00148c;\"><span style=\"font-size: 18pt;\">D\u00e9l\u00e9gu\u00e9 \u00e0 la Citoyennet\u00e9<\/span><\/span><\/strong><\/p>\n<p><span style=\"font-size: 18pt;\">courriel : <span style=\"color: #00148c;\">henrikomivi.djolegbehou@notrefrance.fr<\/span><\/span>[\/vc_column_text][vc_empty_space height=&#8221;16px&#8221;][vc_separator color=&#8221;black&#8221;][vc_empty_space height=&#8221;48px&#8221;][\/vc_column][\/vc_row][vc_row][vc_column][vc_custom_heading text=&#8221;D\u00e9l\u00e9gu\u00e9s r\u00e9gionaux&#8221; font_container=&#8221;tag:h2|font_size:48|text_align:center&#8221; google_fonts=&#8221;font_family:Roboto%3A100%2C100italic%2C300%2C300italic%2Cregular%2Citalic%2C500%2C500italic%2C700%2C700italic%2C900%2C900italic|font_style:400%20regular%3A400%3Anormal&#8221;][vc_empty_space height=&#8221;48px&#8221;][vc_column_text]<div class=\"map_wrapper\" id=\"map_wrapper_4779\">\n<div class=\"map_box\" style=\"max-width:2000px\">\n<div class=\"map_aspect_ratio\" style=\"padding-top:56%\" data-padding-top=\"56%\" data-padding-top-mobile=\"\">\n<div class=\"map_container\">\n<div class=\"map_render map_loading\" id=\"map_4779\"><\/div>\n<\/div>\n<\/div>\n<\/div>\n<\/div>[\/vc_column_text][\/vc_column][\/vc_row][vc_row][\/vc_row]<\/p>\n","protected":false},"excerpt":{"rendered":"<p>[vc_row][vc_column][vc_custom_heading text=&#8221;Notre Organisation&#8221; font_container=&#8221;tag:h2|font_size:64|text_align:center|color:%2300148c&#8221; google_fonts=&#8221;font_family:Roboto%20Slab%3A100%2C300%2Cregular%2C700|font_style:400%20regular%3A400%3Anormal&#8221;][vc_empty_space height=&#8221;80px&#8221;][vc_column_text]Nous sommes un jeune mouvement, sans barons ni \u00e9l\u00e9phants, fond\u00e9 sur le principe de la participation de chacun. Notre France appartient \u00e0 tous ceux qui partagent nos valeurs, et qui sont pr\u00eats \u00e0 s&#8217;investir pour les d\u00e9fendre \u00e0 nos c\u00f4t\u00e9s.[\/vc_column_text][vc_empty_space height=&#8221;80px&#8221;][\/vc_column][\/vc_row][vc_row][vc_column][vc_column_text]Martial Sciolla Pr\u00e9sident courriel : martial.sciolla@notrefrance.fr t\u00e9l\u00e9phone : +33 6 [&hellip;]<\/p>\n","protected":false},"author":2,"featured_media":0,"parent":0,"menu_order":0,"comment_status":"closed","ping_status":"closed","template":"page-templates\/page-no-sidebar.php","meta":{"footnotes":""},"class_list":["post-3954","page","type-page","status-publish","hentry"],"yoast_head":"<!-- This site is optimized with the Yoast SEO plugin v27.3 - https:\/\/yoast.com\/product\/yoast-seo-wordpress\/ -->\n<title>Organisation - Notre France<\/title>\n<meta name=\"robots\" content=\"index, follow, max-snippet:-1, max-image-preview:large, max-video-preview:-1\" \/>\n<link rel=\"canonical\" href=\"https:\/\/www.notrefrance.fr\/index.php\/organisation\/\" \/>\n<meta property=\"og:locale\" content=\"fr_FR\" \/>\n<meta property=\"og:type\" content=\"article\" \/>\n<meta property=\"og:title\" content=\"Organisation - Notre France\" \/>\n<meta property=\"og:description\" content=\"[vc_row][vc_column][vc_custom_heading text=&#8221;Notre Organisation&#8221; font_container=&#8221;tag:h2|font_size:64|text_align:center|color:%2300148c&#8221; google_fonts=&#8221;font_family:Roboto%20Slab%3A100%2C300%2Cregular%2C700|font_style:400%20regular%3A400%3Anormal&#8221;][vc_empty_space height=&#8221;80px&#8221;][vc_column_text]Nous sommes un jeune mouvement, sans barons ni \u00e9l\u00e9phants, fond\u00e9 sur le principe de la participation de chacun. Notre France appartient \u00e0 tous ceux qui partagent nos valeurs, et qui sont pr\u00eats \u00e0 s&#8217;investir pour les d\u00e9fendre \u00e0 nos c\u00f4t\u00e9s.[\/vc_column_text][vc_empty_space height=&#8221;80px&#8221;][\/vc_column][\/vc_row][vc_row][vc_column][vc_column_text]Martial Sciolla Pr\u00e9sident courriel : martial.sciolla@notrefrance.fr t\u00e9l\u00e9phone : +33 6 [&hellip;]\" \/>\n<meta property=\"og:url\" content=\"https:\/\/www.notrefrance.fr\/index.php\/organisation\/\" \/>\n<meta property=\"og:site_name\" content=\"Notre France\" \/>\n<meta property=\"article:publisher\" content=\"https:\/\/www.facebook.com\/NotreFranceOfficiel\/\" \/>\n<meta property=\"article:modified_time\" content=\"2024-10-31T18:42:26+00:00\" \/>\n<meta name=\"twitter:card\" content=\"summary_large_image\" \/>\n<meta name=\"twitter:site\" content=\"@_notrefrance\" \/>\n<meta name=\"twitter:label1\" content=\"Dur\u00e9e de lecture estim\u00e9e\" \/>\n\t<meta name=\"twitter:data1\" content=\"2 minutes\" \/>\n<script type=\"application\/ld+json\" class=\"yoast-schema-graph\">{\"@context\":\"https:\\\/\\\/schema.org\",\"@graph\":[{\"@type\":\"WebPage\",\"@id\":\"https:\\\/\\\/www.notrefrance.fr\\\/index.php\\\/organisation\\\/\",\"url\":\"https:\\\/\\\/www.notrefrance.fr\\\/index.php\\\/organisation\\\/\",\"name\":\"Organisation - Notre France\",\"isPartOf\":{\"@id\":\"https:\\\/\\\/www.notrefrance.fr\\\/#website\"},\"datePublished\":\"2018-03-20T17:09:31+00:00\",\"dateModified\":\"2024-10-31T18:42:26+00:00\",\"breadcrumb\":{\"@id\":\"https:\\\/\\\/www.notrefrance.fr\\\/index.php\\\/organisation\\\/#breadcrumb\"},\"inLanguage\":\"fr-FR\",\"potentialAction\":[{\"@type\":\"ReadAction\",\"target\":[\"https:\\\/\\\/www.notrefrance.fr\\\/index.php\\\/organisation\\\/\"]}]},{\"@type\":\"BreadcrumbList\",\"@id\":\"https:\\\/\\\/www.notrefrance.fr\\\/index.php\\\/organisation\\\/#breadcrumb\",\"itemListElement\":[{\"@type\":\"ListItem\",\"position\":1,\"name\":\"Accueil\",\"item\":\"https:\\\/\\\/www.notrefrance.fr\\\/\"},{\"@type\":\"ListItem\",\"position\":2,\"name\":\"Organisation\"}]},{\"@type\":\"WebSite\",\"@id\":\"https:\\\/\\\/www.notrefrance.fr\\\/#website\",\"url\":\"https:\\\/\\\/www.notrefrance.fr\\\/\",\"name\":\"Notre France\",\"description\":\"Notre France\",\"publisher\":{\"@id\":\"https:\\\/\\\/www.notrefrance.fr\\\/#organization\"},\"potentialAction\":[{\"@type\":\"SearchAction\",\"target\":{\"@type\":\"EntryPoint\",\"urlTemplate\":\"https:\\\/\\\/www.notrefrance.fr\\\/?s={search_term_string}\"},\"query-input\":{\"@type\":\"PropertyValueSpecification\",\"valueRequired\":true,\"valueName\":\"search_term_string\"}}],\"inLanguage\":\"fr-FR\"},{\"@type\":\"Organization\",\"@id\":\"https:\\\/\\\/www.notrefrance.fr\\\/#organization\",\"name\":\"Notre France\",\"url\":\"https:\\\/\\\/www.notrefrance.fr\\\/\",\"logo\":{\"@type\":\"ImageObject\",\"inLanguage\":\"fr-FR\",\"@id\":\"https:\\\/\\\/www.notrefrance.fr\\\/#\\\/schema\\\/logo\\\/image\\\/\",\"url\":\"https:\\\/\\\/www.notrefrance.fr\\\/wp-content\\\/uploads\\\/2015\\\/12\\\/cropped-Logo-Notre-France-512x512.png\",\"contentUrl\":\"https:\\\/\\\/www.notrefrance.fr\\\/wp-content\\\/uploads\\\/2015\\\/12\\\/cropped-Logo-Notre-France-512x512.png\",\"width\":512,\"height\":512,\"caption\":\"Notre France\"},\"image\":{\"@id\":\"https:\\\/\\\/www.notrefrance.fr\\\/#\\\/schema\\\/logo\\\/image\\\/\"},\"sameAs\":[\"https:\\\/\\\/www.facebook.com\\\/NotreFranceOfficiel\\\/\",\"https:\\\/\\\/x.com\\\/_notrefrance\",\"https:\\\/\\\/www.linkedin.com\\\/company\\\/notre-france\\\/\"]}]}<\/script>\n<!-- \/ Yoast SEO plugin. -->","yoast_head_json":{"title":"Organisation - Notre France","robots":{"index":"index","follow":"follow","max-snippet":"max-snippet:-1","max-image-preview":"max-image-preview:large","max-video-preview":"max-video-preview:-1"},"canonical":"https:\/\/www.notrefrance.fr\/index.php\/organisation\/","og_locale":"fr_FR","og_type":"article","og_title":"Organisation - Notre France","og_description":"[vc_row][vc_column][vc_custom_heading text=&#8221;Notre Organisation&#8221; font_container=&#8221;tag:h2|font_size:64|text_align:center|color:%2300148c&#8221; google_fonts=&#8221;font_family:Roboto%20Slab%3A100%2C300%2Cregular%2C700|font_style:400%20regular%3A400%3Anormal&#8221;][vc_empty_space height=&#8221;80px&#8221;][vc_column_text]Nous sommes un jeune mouvement, sans barons ni \u00e9l\u00e9phants, fond\u00e9 sur le principe de la participation de chacun. Notre France appartient \u00e0 tous ceux qui partagent nos valeurs, et qui sont pr\u00eats \u00e0 s&#8217;investir pour les d\u00e9fendre \u00e0 nos c\u00f4t\u00e9s.[\/vc_column_text][vc_empty_space height=&#8221;80px&#8221;][\/vc_column][\/vc_row][vc_row][vc_column][vc_column_text]Martial Sciolla Pr\u00e9sident courriel : martial.sciolla@notrefrance.fr t\u00e9l\u00e9phone : +33 6 [&hellip;]","og_url":"https:\/\/www.notrefrance.fr\/index.php\/organisation\/","og_site_name":"Notre France","article_publisher":"https:\/\/www.facebook.com\/NotreFranceOfficiel\/","article_modified_time":"2024-10-31T18:42:26+00:00","twitter_card":"summary_large_image","twitter_site":"@_notrefrance","twitter_misc":{"Dur\u00e9e de lecture estim\u00e9e":"2 minutes"},"schema":{"@context":"https:\/\/schema.org","@graph":[{"@type":"WebPage","@id":"https:\/\/www.notrefrance.fr\/index.php\/organisation\/","url":"https:\/\/www.notrefrance.fr\/index.php\/organisation\/","name":"Organisation - Notre France","isPartOf":{"@id":"https:\/\/www.notrefrance.fr\/#website"},"datePublished":"2018-03-20T17:09:31+00:00","dateModified":"2024-10-31T18:42:26+00:00","breadcrumb":{"@id":"https:\/\/www.notrefrance.fr\/index.php\/organisation\/#breadcrumb"},"inLanguage":"fr-FR","potentialAction":[{"@type":"ReadAction","target":["https:\/\/www.notrefrance.fr\/index.php\/organisation\/"]}]},{"@type":"BreadcrumbList","@id":"https:\/\/www.notrefrance.fr\/index.php\/organisation\/#breadcrumb","itemListElement":[{"@type":"ListItem","position":1,"name":"Accueil","item":"https:\/\/www.notrefrance.fr\/"},{"@type":"ListItem","position":2,"name":"Organisation"}]},{"@type":"WebSite","@id":"https:\/\/www.notrefrance.fr\/#website","url":"https:\/\/www.notrefrance.fr\/","name":"Notre France","description":"Notre France","publisher":{"@id":"https:\/\/www.notrefrance.fr\/#organization"},"potentialAction":[{"@type":"SearchAction","target":{"@type":"EntryPoint","urlTemplate":"https:\/\/www.notrefrance.fr\/?s={search_term_string}"},"query-input":{"@type":"PropertyValueSpecification","valueRequired":true,"valueName":"search_term_string"}}],"inLanguage":"fr-FR"},{"@type":"Organization","@id":"https:\/\/www.notrefrance.fr\/#organization","name":"Notre France","url":"https:\/\/www.notrefrance.fr\/","logo":{"@type":"ImageObject","inLanguage":"fr-FR","@id":"https:\/\/www.notrefrance.fr\/#\/schema\/logo\/image\/","url":"https:\/\/www.notrefrance.fr\/wp-content\/uploads\/2015\/12\/cropped-Logo-Notre-France-512x512.png","contentUrl":"https:\/\/www.notrefrance.fr\/wp-content\/uploads\/2015\/12\/cropped-Logo-Notre-France-512x512.png","width":512,"height":512,"caption":"Notre France"},"image":{"@id":"https:\/\/www.notrefrance.fr\/#\/schema\/logo\/image\/"},"sameAs":["https:\/\/www.facebook.com\/NotreFranceOfficiel\/","https:\/\/x.com\/_notrefrance","https:\/\/www.linkedin.com\/company\/notre-france\/"]}]}},"_links":{"self":[{"href":"https:\/\/www.notrefrance.fr\/index.php\/wp-json\/wp\/v2\/pages\/3954","targetHints":{"allow":["GET"]}}],"collection":[{"href":"https:\/\/www.notrefrance.fr\/index.php\/wp-json\/wp\/v2\/pages"}],"about":[{"href":"https:\/\/www.notrefrance.fr\/index.php\/wp-json\/wp\/v2\/types\/page"}],"author":[{"embeddable":true,"href":"https:\/\/www.notrefrance.fr\/index.php\/wp-json\/wp\/v2\/users\/2"}],"replies":[{"embeddable":true,"href":"https:\/\/www.notrefrance.fr\/index.php\/wp-json\/wp\/v2\/comments?post=3954"}],"version-history":[{"count":47,"href":"https:\/\/www.notrefrance.fr\/index.php\/wp-json\/wp\/v2\/pages\/3954\/revisions"}],"predecessor-version":[{"id":4901,"href":"https:\/\/www.notrefrance.fr\/index.php\/wp-json\/wp\/v2\/pages\/3954\/revisions\/4901"}],"wp:attachment":[{"href":"https:\/\/www.notrefrance.fr\/index.php\/wp-json\/wp\/v2\/media?parent=3954"}],"curies":[{"name":"wp","href":"https:\/\/api.w.org\/{rel}","templated":true}]}}