{"id":4025,"date":"2018-04-06T19:28:43","date_gmt":"2018-04-06T17:28:43","guid":{"rendered":"http:\/\/notrefrance-mouv.fr\/?page_id=4025"},"modified":"2018-04-06T19:28:43","modified_gmt":"2018-04-06T17:28:43","slug":"positions-vladimir-poutine","status":"publish","type":"page","link":"https:\/\/www.notrefrance.fr\/index.php\/positions-vladimir-poutine\/","title":{"rendered":"Positions &#8211; Vladimir Poutine"},"content":{"rendered":"<p>[vc_row][vc_column][vc_column_text]<a href=\"http:\/\/notrefrance-mouv.fr\/index.php\/positions\/\"><span style=\"text-decoration: underline;\"><span style=\"font-size: 18pt;\">Retour \u00e0 nos prises de position<\/span><\/span><\/a>[\/vc_column_text][vc_empty_space][\/vc_column][\/vc_row][vc_row][vc_column][vc_custom_heading text=&#8221;Vladimir Poutine, le spectre de l&#8217;ours russe ?&#8221; font_container=&#8221;tag:h2|font_size:32|text_align:center|color:%2300148c&#8221; google_fonts=&#8221;font_family:Roboto%20Slab%3A100%2C300%2Cregular%2C700|font_style:700%20bold%20regular%3A700%3Anormal&#8221;][vc_empty_space][vc_column_text]<\/p>\n<p style=\"text-align: justify;\"><span style=\"font-size: 14pt;\">Le large succ\u00e8s de Vladimir Poutine aux \u00e9lections pr\u00e9sidentielles russes du 18 mars 2018 a \u00e9t\u00e9 accueilli de fa\u00e7on univoque par les pays occidentaux. Le scrutin aurait \u00e9t\u00e9 enti\u00e8rement verrouill\u00e9 et l\u2019adoubement du nouveau tsar des Russes le soir de sa r\u00e9\u00e9lection destin\u00e9 \u00e0 masquer les insuffisances d\u2019un r\u00e9gime liberticide et ne r\u00e9glant aucunement la question sociale.<\/span><\/p>\n<p>&nbsp;<\/p>\n<p style=\"text-align: justify;\"><span style=\"font-size: 18pt; color: #00148c;\"><strong>Une longue tradition de m\u00e9pris<\/strong><\/span><\/p>\n<p style=\"text-align: justify;\"><span style=\"font-size: 14pt;\">Les m\u00e9dias et certains intellectuels occidentaux assimilent la Russie de fa\u00e7on caricaturale \u00e0 une dictature, t\u00e9moignant, soit d\u2019une certaine paresse intellectuelle, soit d\u2019une vision condescendante qui a toujours \u00e9t\u00e9 pr\u00e9sente en Europe depuis que la Russie existe. Il suffit de lire ce qu\u2019\u00e9crit en 1843 l\u2019\u00e9crivain monarchiste Astolphe de Custine dans <em>La Russie en 1839<\/em>, best-seller de la philosophie politique du XIX\u00e8me si\u00e8cle, au m\u00eame titre que <em>De la D\u00e9mocratie en Am\u00e9rique<\/em>, pour se laisser convaincre du m\u00e9pris des opinions publiques occidentales \u00e0 l\u2019\u00e9gard de la Russie. La Russie des tsars \u00e9tait alors consid\u00e9r\u00e9e comme l\u2019arch\u00e9type du despotisme oriental. L\u2019histoire de la Russie \u00e9tait alors celle d\u2019une longue dynastie de tyrans, depuis le nouveau N\u00e9ron Ivan le Terrible jusqu\u2019au fourbe Alexandre I<sup>er<\/sup> de la campagne de Russie.<\/span><\/p>\n<p style=\"text-align: justify;\"><span style=\"font-size: 14pt;\">Cette vision s\u2019est certes infl\u00e9chie, mais elle est toujours pr\u00e9gnante dans la pens\u00e9e occidentale. Elle s\u2019est doubl\u00e9e d\u2019un climat d\u2019affrontement id\u00e9ologique durant la Guerre Froide. Le Russe est une nouvelle fois associ\u00e9 \u00e0 la figure de l\u2019Autre qui d\u00e9ferlerait sur l\u2019Europe, en h\u00e9ritier des invasions barbares.<\/span><\/p>\n<p>&nbsp;<\/p>\n<p style=\"text-align: justify;\"><span style=\"font-size: 18pt; color: #00148c;\"><strong>Le bilan contrast\u00e9 de Poutine<\/strong><\/span><\/p>\n<p style=\"text-align: justify;\"><span style=\"font-size: 14pt;\">Si les m\u00e9dias avaient \u00e9t\u00e9 un tant soit peu objectifs et nuanc\u00e9s, ils auraient dit ou \u00e9crit que le bilan du pr\u00e9sident russe est contrast\u00e9. Certes, les disparit\u00e9s socio-spatiales sont immenses entre les grandes m\u00e9tropoles (Moscou, Saint-P\u00e9tersbourg) compl\u00e8tement int\u00e9gr\u00e9es \u00e0 la mondialisation et certaines campagnes o\u00f9 le ch\u00f4mage, la pauvret\u00e9 et l\u2019alcoolisme sont de v\u00e9ritables fl\u00e9aux. Selon un rapport de Cr\u00e9dit Suisse en 2017, 1% de la population russe concentrerait les trois quarts de la richesse nationale. L\u2019\u00e9conomie russe, reposant essentiellement sur les ressources naturelles (gaz, p\u00e9trole, minerais) et l\u2019industrie lourde, reste tr\u00e8s d\u00e9pendante d\u2019autres puissances industrielles dont la richesse se fonde sur les biens manufactur\u00e9s. En cela, la Russie ne peut soutenir la comparaison avec la Chine, dont le pass\u00e9 comporte pourtant des points communs. Enfin, la Russie n\u2019est pas un mod\u00e8le de d\u00e9mocratie. Le mod\u00e8le de \u00ab\u00a0d\u00e9mocrature\u00a0\u00bb, v\u00e9ritable d\u00e9mocratie dirig\u00e9e et structur\u00e9e par un parti surpuissant, ne peut \u00eatre comparable avec les syst\u00e8mes politiques occidentaux. Elle s\u2019inscrit n\u00e9anmoins dans le cadre de la l\u00e9galit\u00e9 et de la constitution.<\/span><\/p>\n<p style=\"text-align: justify;\"><span style=\"font-size: 14pt;\">Il n\u2019en demeure pas moins qu\u2019avec ses 76,8%, et m\u00eame si des anomalies ont pu \u00eatre constat\u00e9es dans le scrutin, Vladimir Poutine dispose d\u2019une assise populaire tr\u00e8s confortable. Ceci n\u2019est pas d\u00fb au seul nationalisme expansionniste qu\u2019il a mis en avant dans la question ukrainienne, en r\u00e9alit\u00e9 depuis la guerre d\u2019Oss\u00e9tie du Sud en 2008. Certes, les Russes voient leur pays comme une forteresse assi\u00e9g\u00e9e par l\u2019Occident depuis la fin de l\u2019URSS en 1991. Mais, en reprenant le pouvoir sur les oligarques, en menant une politique volontariste de grands travaux (dont les jeux de Sotchi ont constitu\u00e9 l\u2019un des aboutissements), en r\u00e9tablissant la croissance malgr\u00e9 deux coups d\u2019arr\u00eat en 2009 et 2015, en instaurant des droits de douane prohibitifs pour d\u00e9fendre les int\u00e9r\u00eats industriels russes, Poutine a fait red\u00e9marrer une \u00e9conomie russe en grand d\u00e9clin \u00e0 la fin de la pr\u00e9sidence de Boris Eltsine en 1999. Ceci oblige les Fran\u00e7ais et les Europ\u00e9ens \u00e0 regarder la Russie non pas comme un ennemi mais comme un partenaire \u00e9conomique et diplomatique majeur.<\/span><\/p>\n<p>&nbsp;<\/p>\n<p style=\"text-align: justify;\"><span style=\"font-size: 18pt; color: #00148c;\"><strong>Un n\u00e9cessaire alli\u00e9<\/strong><\/span><\/p>\n<p style=\"text-align: justify;\"><span style=\"font-size: 14pt;\">Savoir si la Russie est une dictature douce ou une d\u00e9mocratie est un faux-d\u00e9bat qui ne devrait pas mobiliser l\u2019opinion publique fran\u00e7aise. A ce compte-l\u00e0, il y a peu de r\u00e9gimes politiques qui seront fr\u00e9quentables. De plus, la diplomatie fran\u00e7aise doit avant tout d\u00e9fendre les int\u00e9r\u00eats fran\u00e7ais. Il est ainsi regrettable que l\u2019\u00e9lection de Vladimir Poutine ait \u00e9t\u00e9 accueillie aussi froidement par Emmanuel Macron qui a fait le minimum syndical en souhaitant \u00ab\u00a0la modernisation politique, d\u00e9mocratique, \u00e9conomique et sociale du pays.\u00a0\u00bb Le d\u00e9but du mandat du pr\u00e9sident de la R\u00e9publique, avec la r\u00e9ception de Versailles, avait pourtant \u00e9t\u00e9 porteur d\u2019espoir mais, comme souvent, le macronisme se r\u00e9sume davantage \u00e0 une politique spectacle qu\u2019\u00e0 une politique d\u2019action. L\u2019alignement de la France sur la Grande-Bretagne et les \u00c9tats-Unis avec le renvoi de quatre diplomates russes suite \u00e0 l\u2019affaire Skripal va \u00e9galement dans le m\u00eame sens.<\/span><\/p>\n<p style=\"text-align: justify;\"><span style=\"font-size: 14pt;\">Il faudrait au contraire reconstruire une relation avec la Russie qui ne soit pas na\u00efve, dans un sens comme dans l\u2019autre. Il ne faut pas tout conc\u00e9der \u00e0 la Russie et veiller par exemple \u00e0 ce qu\u2019elle n\u2019\u00e9tende pas son influence aux pays de l\u2019ancien Bloc de l\u2019Est ou au Proche-Orient. Mais, dans le m\u00eame temps, la Russie doit rester un interlocuteur majeur dans le r\u00e8glement de la question syrienne et, plus largement, dans l\u2019endiguement des r\u00e9seaux djihadistes au Proche-Orient et en Asie Centrale. Enfin, la Russie doit redevenir un partenaire diplomatique et \u00e9conomique majeur de la France. La Russie et l\u2019Europe doivent \u00eatre le point d\u2019\u00e9quilibre dans les relations \u00e9conomiques internationales, entre les \u00c9tats-Unis d\u2019une part, la Chine d\u2019autre part, cette derni\u00e8re profitant de la d\u00e9fiance europ\u00e9enne pour conqu\u00e9rir de nombreuses parts de march\u00e9. En raison des sanctions antirusses appliqu\u00e9es avec particuli\u00e8rement de vigueur sous Fran\u00e7ois Hollande, la France n\u2019est plus que le cinqui\u00e8me partenaire commercial de la Russie en Europe, se situant derri\u00e8re les Pays-Bas ou l\u2019Italie. Il convient donc de relancer une politique de grands contrats dans des domaines comme l\u2019a\u00e9ronautique, les infrastructures de transport ou la construction navale, qui constituent depuis de Gaulle le moteur de notre commerce avec la Russie. Elle doit permettre une redynamisation de nos exportations qui ont chut\u00e9 de fa\u00e7on inqui\u00e9tante depuis 2014 dans des domaines jusqu\u2019alors forts comme l\u2019agroalimentaire (-39%), les \u00e9quipements \u00e9lectriques et informatiques et les vins et spiritueux. La diplomatie culturelle doit \u00eatre aussi \u00eatre encourag\u00e9e, d\u2019autant plus qu\u2019elle est un pilier de nos liens avec la Russie (par exemple, les reliques de la Sainte Chapelle furent expos\u00e9es au mus\u00e9e du Kremlin en 2017). Ainsi, la francophonie, qui a fortement d\u00e9clin\u00e9 dans l\u2019espace russe, doit \u00eatre \u00e0 nouveau une priorit\u00e9. La cr\u00e9ation d\u2019une v\u00e9ritable antenne universitaire franco-russe, bas\u00e9e \u00e0 l\u2019Universit\u00e9 de Nice Sophia-Antipolis, universit\u00e9 en pointe dans les \u00e9changes entre nos deux pays, pourrait \u00eatre un bon levier pour des relations \u00e0 nouveau apais\u00e9es.<\/span><\/p>\n<p>&nbsp;<\/p>\n<p style=\"text-align: right;\"><strong><span style=\"font-size: 14pt;\">Jean-Fran\u00e7ois Figeac<\/span><\/strong><\/p>\n<p>[\/vc_column_text][vc_empty_space height=&#8221;16px&#8221;][tt_section_title title_alignment=&#8221;text-center&#8221; title_color_option=&#8221;custom-color&#8221; title=&#8221;Laisser un commentaire&#8221; title_color=&#8221;#414141&#8243;][\/tt_section_title]\n<div class=\"wpcf7 no-js\" id=\"wpcf7-f3881-o1\" lang=\"en-US\" dir=\"ltr\" data-wpcf7-id=\"3881\">\n<div class=\"screen-reader-response\"><p role=\"status\" aria-live=\"polite\" aria-atomic=\"true\"><\/p> <ul><\/ul><\/div>\n<form action=\"\/index.php\/wp-json\/wp\/v2\/pages\/4025#wpcf7-f3881-o1\" method=\"post\" class=\"wpcf7-form init\" aria-label=\"Contact form\" novalidate=\"novalidate\" data-status=\"init\">\n<fieldset class=\"hidden-fields-container\"><input type=\"hidden\" name=\"_wpcf7\" value=\"3881\" \/><input type=\"hidden\" name=\"_wpcf7_version\" value=\"6.1.5\" \/><input type=\"hidden\" name=\"_wpcf7_locale\" value=\"en_US\" \/><input type=\"hidden\" name=\"_wpcf7_unit_tag\" value=\"wpcf7-f3881-o1\" \/><input type=\"hidden\" name=\"_wpcf7_container_post\" value=\"0\" \/><input type=\"hidden\" name=\"_wpcf7_posted_data_hash\" value=\"\" \/><input type=\"hidden\" name=\"_wpcf7cf_hidden_group_fields\" value=\"[]\" \/><input type=\"hidden\" name=\"_wpcf7cf_hidden_groups\" value=\"[]\" \/><input type=\"hidden\" name=\"_wpcf7cf_visible_groups\" value=\"[]\" \/><input type=\"hidden\" name=\"_wpcf7cf_repeaters\" value=\"[]\" \/><input type=\"hidden\" name=\"_wpcf7cf_steps\" value=\"{}\" \/><input type=\"hidden\" name=\"_wpcf7cf_options\" value=\"{&quot;form_id&quot;:3881,&quot;conditions&quot;:[],&quot;settings&quot;:{&quot;animation&quot;:&quot;yes&quot;,&quot;animation_intime&quot;:200,&quot;animation_outtime&quot;:200,&quot;conditions_ui&quot;:&quot;normal&quot;,&quot;notice_dismissed&quot;:false}}\" \/><input type=\"hidden\" name=\"_wpcf7_recaptcha_response\" value=\"\" \/>\n<\/fieldset>\n<div class=\"row\">\n\t<div class=\"col-sm-5\">\n\t\t<div class=\"form-group\">\n\t\t\t<p><label class=\"sr-only\" for=\"cfname\">Name<\/label><span class=\"wpcf7-form-control-wrap\" data-name=\"nom\"><input size=\"40\" maxlength=\"400\" class=\"wpcf7-form-control wpcf7-text wpcf7-validates-as-required form-control\" id=\"cfname\" aria-required=\"true\" aria-invalid=\"false\" placeholder=\"Pr\u00e9nom, Nom\" value=\"\" type=\"text\" name=\"nom\" \/><\/span>\n\t\t\t<\/p>\n\t\t<\/div>\n\t<\/div>\n\t<div class=\"col-sm-7\">\n\t\t<div class=\"form-group\">\n\t\t\t<p><label class=\"sr-only\" for=\"cfemail\">Email<\/label><span class=\"wpcf7-form-control-wrap\" data-name=\"courriel\"><input size=\"40\" maxlength=\"400\" class=\"wpcf7-form-control wpcf7-email wpcf7-validates-as-required wpcf7-text wpcf7-validates-as-email form-control\" id=\"cfemail\" aria-required=\"true\" aria-invalid=\"false\" placeholder=\"Adresse courriel\" value=\"\" type=\"email\" name=\"courriel\" \/><\/span>\n\t\t\t<\/p>\n\t\t<\/div>\n\t<\/div>\n<\/div>\n<div class=\"form-group\">\n\t<p><label class=\"sr-only\" for=\"cfmessage\">Message<\/label><span class=\"wpcf7-form-control-wrap\" data-name=\"message\"><textarea cols=\"40\" rows=\"10\" maxlength=\"2000\" class=\"wpcf7-form-control wpcf7-textarea wpcf7-validates-as-required form-control\" id=\"cfmessage\" aria-required=\"true\" aria-invalid=\"false\" placeholder=\"Laisser un commentaire\" name=\"message\"><\/textarea><\/span>\n\t<\/p>\n<\/div>\n<p><input class=\"wpcf7-form-control wpcf7-submit has-spinner btn btn-primary btn-lg\" type=\"submit\" value=\"Envoyer\" \/>\n<\/p><p style=\"display: none !important;\" class=\"akismet-fields-container\" data-prefix=\"_wpcf7_ak_\"><label>&#916;<textarea name=\"_wpcf7_ak_hp_textarea\" cols=\"45\" rows=\"8\" maxlength=\"100\"><\/textarea><\/label><input type=\"hidden\" id=\"ak_js_1\" name=\"_wpcf7_ak_js\" value=\"61\"\/><script>document.getElementById( \"ak_js_1\" ).setAttribute( \"value\", ( new Date() ).getTime() );<\/script><\/p><div class=\"wpcf7-response-output\" aria-hidden=\"true\"><\/div>\n<\/form>\n<\/div>\n[vc_empty_space][\/vc_column][\/vc_row]<\/p>\n","protected":false},"excerpt":{"rendered":"<p>[vc_row][vc_column][vc_column_text]Retour \u00e0 nos prises de position[\/vc_column_text][vc_empty_space][\/vc_column][\/vc_row][vc_row][vc_column][vc_custom_heading text=&#8221;Vladimir Poutine, le spectre de l&#8217;ours russe ?&#8221; font_container=&#8221;tag:h2|font_size:32|text_align:center|color:%2300148c&#8221; google_fonts=&#8221;font_family:Roboto%20Slab%3A100%2C300%2Cregular%2C700|font_style:700%20bold%20regular%3A700%3Anormal&#8221;][vc_empty_space][vc_column_text] Le large succ\u00e8s de Vladimir Poutine aux \u00e9lections pr\u00e9sidentielles russes du 18 mars 2018 a \u00e9t\u00e9 accueilli de fa\u00e7on univoque par les pays occidentaux. Le scrutin aurait \u00e9t\u00e9 enti\u00e8rement verrouill\u00e9 et l\u2019adoubement du nouveau tsar des Russes le soir [&hellip;]<\/p>\n","protected":false},"author":2,"featured_media":0,"parent":0,"menu_order":0,"comment_status":"closed","ping_status":"closed","template":"page-templates\/page-no-sidebar.php","meta":{"footnotes":""},"class_list":["post-4025","page","type-page","status-publish","hentry"],"yoast_head":"<!-- This site is optimized with the Yoast SEO plugin v27.3 - https:\/\/yoast.com\/product\/yoast-seo-wordpress\/ -->\n<title>Positions - Vladimir Poutine - Notre France<\/title>\n<meta name=\"robots\" content=\"index, follow, max-snippet:-1, max-image-preview:large, max-video-preview:-1\" \/>\n<link rel=\"canonical\" href=\"https:\/\/www.notrefrance.fr\/index.php\/positions-vladimir-poutine\/\" \/>\n<meta property=\"og:locale\" content=\"fr_FR\" \/>\n<meta property=\"og:type\" content=\"article\" \/>\n<meta property=\"og:title\" content=\"Positions - Vladimir Poutine - Notre France\" \/>\n<meta property=\"og:description\" content=\"[vc_row][vc_column][vc_column_text]Retour \u00e0 nos prises de position[\/vc_column_text][vc_empty_space][\/vc_column][\/vc_row][vc_row][vc_column][vc_custom_heading text=&#8221;Vladimir Poutine, le spectre de l&#8217;ours russe ?&#8221; font_container=&#8221;tag:h2|font_size:32|text_align:center|color:%2300148c&#8221; google_fonts=&#8221;font_family:Roboto%20Slab%3A100%2C300%2Cregular%2C700|font_style:700%20bold%20regular%3A700%3Anormal&#8221;][vc_empty_space][vc_column_text] Le large succ\u00e8s de Vladimir Poutine aux \u00e9lections pr\u00e9sidentielles russes du 18 mars 2018 a \u00e9t\u00e9 accueilli de fa\u00e7on univoque par les pays occidentaux. Le scrutin aurait \u00e9t\u00e9 enti\u00e8rement verrouill\u00e9 et l\u2019adoubement du nouveau tsar des Russes le soir [&hellip;]\" \/>\n<meta property=\"og:url\" content=\"https:\/\/www.notrefrance.fr\/index.php\/positions-vladimir-poutine\/\" \/>\n<meta property=\"og:site_name\" content=\"Notre France\" \/>\n<meta property=\"article:publisher\" content=\"https:\/\/www.facebook.com\/NotreFranceOfficiel\/\" \/>\n<meta name=\"twitter:card\" content=\"summary_large_image\" \/>\n<meta name=\"twitter:site\" content=\"@_notrefrance\" \/>\n<meta name=\"twitter:label1\" content=\"Dur\u00e9e de lecture estim\u00e9e\" \/>\n\t<meta name=\"twitter:data1\" content=\"7 minutes\" \/>\n<script type=\"application\/ld+json\" class=\"yoast-schema-graph\">{\"@context\":\"https:\\\/\\\/schema.org\",\"@graph\":[{\"@type\":\"WebPage\",\"@id\":\"https:\\\/\\\/www.notrefrance.fr\\\/index.php\\\/positions-vladimir-poutine\\\/\",\"url\":\"https:\\\/\\\/www.notrefrance.fr\\\/index.php\\\/positions-vladimir-poutine\\\/\",\"name\":\"Positions - Vladimir Poutine - Notre France\",\"isPartOf\":{\"@id\":\"https:\\\/\\\/www.notrefrance.fr\\\/#website\"},\"datePublished\":\"2018-04-06T17:28:43+00:00\",\"breadcrumb\":{\"@id\":\"https:\\\/\\\/www.notrefrance.fr\\\/index.php\\\/positions-vladimir-poutine\\\/#breadcrumb\"},\"inLanguage\":\"fr-FR\",\"potentialAction\":[{\"@type\":\"ReadAction\",\"target\":[\"https:\\\/\\\/www.notrefrance.fr\\\/index.php\\\/positions-vladimir-poutine\\\/\"]}]},{\"@type\":\"BreadcrumbList\",\"@id\":\"https:\\\/\\\/www.notrefrance.fr\\\/index.php\\\/positions-vladimir-poutine\\\/#breadcrumb\",\"itemListElement\":[{\"@type\":\"ListItem\",\"position\":1,\"name\":\"Accueil\",\"item\":\"https:\\\/\\\/www.notrefrance.fr\\\/\"},{\"@type\":\"ListItem\",\"position\":2,\"name\":\"Positions &#8211; Vladimir Poutine\"}]},{\"@type\":\"WebSite\",\"@id\":\"https:\\\/\\\/www.notrefrance.fr\\\/#website\",\"url\":\"https:\\\/\\\/www.notrefrance.fr\\\/\",\"name\":\"Notre France\",\"description\":\"Notre France\",\"publisher\":{\"@id\":\"https:\\\/\\\/www.notrefrance.fr\\\/#organization\"},\"potentialAction\":[{\"@type\":\"SearchAction\",\"target\":{\"@type\":\"EntryPoint\",\"urlTemplate\":\"https:\\\/\\\/www.notrefrance.fr\\\/?s={search_term_string}\"},\"query-input\":{\"@type\":\"PropertyValueSpecification\",\"valueRequired\":true,\"valueName\":\"search_term_string\"}}],\"inLanguage\":\"fr-FR\"},{\"@type\":\"Organization\",\"@id\":\"https:\\\/\\\/www.notrefrance.fr\\\/#organization\",\"name\":\"Notre France\",\"url\":\"https:\\\/\\\/www.notrefrance.fr\\\/\",\"logo\":{\"@type\":\"ImageObject\",\"inLanguage\":\"fr-FR\",\"@id\":\"https:\\\/\\\/www.notrefrance.fr\\\/#\\\/schema\\\/logo\\\/image\\\/\",\"url\":\"https:\\\/\\\/www.notrefrance.fr\\\/wp-content\\\/uploads\\\/2015\\\/12\\\/cropped-Logo-Notre-France-512x512.png\",\"contentUrl\":\"https:\\\/\\\/www.notrefrance.fr\\\/wp-content\\\/uploads\\\/2015\\\/12\\\/cropped-Logo-Notre-France-512x512.png\",\"width\":512,\"height\":512,\"caption\":\"Notre France\"},\"image\":{\"@id\":\"https:\\\/\\\/www.notrefrance.fr\\\/#\\\/schema\\\/logo\\\/image\\\/\"},\"sameAs\":[\"https:\\\/\\\/www.facebook.com\\\/NotreFranceOfficiel\\\/\",\"https:\\\/\\\/x.com\\\/_notrefrance\",\"https:\\\/\\\/www.linkedin.com\\\/company\\\/notre-france\\\/\"]}]}<\/script>\n<!-- \/ Yoast SEO plugin. -->","yoast_head_json":{"title":"Positions - Vladimir Poutine - Notre France","robots":{"index":"index","follow":"follow","max-snippet":"max-snippet:-1","max-image-preview":"max-image-preview:large","max-video-preview":"max-video-preview:-1"},"canonical":"https:\/\/www.notrefrance.fr\/index.php\/positions-vladimir-poutine\/","og_locale":"fr_FR","og_type":"article","og_title":"Positions - Vladimir Poutine - Notre France","og_description":"[vc_row][vc_column][vc_column_text]Retour \u00e0 nos prises de position[\/vc_column_text][vc_empty_space][\/vc_column][\/vc_row][vc_row][vc_column][vc_custom_heading text=&#8221;Vladimir Poutine, le spectre de l&#8217;ours russe ?&#8221; font_container=&#8221;tag:h2|font_size:32|text_align:center|color:%2300148c&#8221; google_fonts=&#8221;font_family:Roboto%20Slab%3A100%2C300%2Cregular%2C700|font_style:700%20bold%20regular%3A700%3Anormal&#8221;][vc_empty_space][vc_column_text] Le large succ\u00e8s de Vladimir Poutine aux \u00e9lections pr\u00e9sidentielles russes du 18 mars 2018 a \u00e9t\u00e9 accueilli de fa\u00e7on univoque par les pays occidentaux. Le scrutin aurait \u00e9t\u00e9 enti\u00e8rement verrouill\u00e9 et l\u2019adoubement du nouveau tsar des Russes le soir [&hellip;]","og_url":"https:\/\/www.notrefrance.fr\/index.php\/positions-vladimir-poutine\/","og_site_name":"Notre France","article_publisher":"https:\/\/www.facebook.com\/NotreFranceOfficiel\/","twitter_card":"summary_large_image","twitter_site":"@_notrefrance","twitter_misc":{"Dur\u00e9e de lecture estim\u00e9e":"7 minutes"},"schema":{"@context":"https:\/\/schema.org","@graph":[{"@type":"WebPage","@id":"https:\/\/www.notrefrance.fr\/index.php\/positions-vladimir-poutine\/","url":"https:\/\/www.notrefrance.fr\/index.php\/positions-vladimir-poutine\/","name":"Positions - Vladimir Poutine - Notre France","isPartOf":{"@id":"https:\/\/www.notrefrance.fr\/#website"},"datePublished":"2018-04-06T17:28:43+00:00","breadcrumb":{"@id":"https:\/\/www.notrefrance.fr\/index.php\/positions-vladimir-poutine\/#breadcrumb"},"inLanguage":"fr-FR","potentialAction":[{"@type":"ReadAction","target":["https:\/\/www.notrefrance.fr\/index.php\/positions-vladimir-poutine\/"]}]},{"@type":"BreadcrumbList","@id":"https:\/\/www.notrefrance.fr\/index.php\/positions-vladimir-poutine\/#breadcrumb","itemListElement":[{"@type":"ListItem","position":1,"name":"Accueil","item":"https:\/\/www.notrefrance.fr\/"},{"@type":"ListItem","position":2,"name":"Positions &#8211; Vladimir Poutine"}]},{"@type":"WebSite","@id":"https:\/\/www.notrefrance.fr\/#website","url":"https:\/\/www.notrefrance.fr\/","name":"Notre France","description":"Notre France","publisher":{"@id":"https:\/\/www.notrefrance.fr\/#organization"},"potentialAction":[{"@type":"SearchAction","target":{"@type":"EntryPoint","urlTemplate":"https:\/\/www.notrefrance.fr\/?s={search_term_string}"},"query-input":{"@type":"PropertyValueSpecification","valueRequired":true,"valueName":"search_term_string"}}],"inLanguage":"fr-FR"},{"@type":"Organization","@id":"https:\/\/www.notrefrance.fr\/#organization","name":"Notre France","url":"https:\/\/www.notrefrance.fr\/","logo":{"@type":"ImageObject","inLanguage":"fr-FR","@id":"https:\/\/www.notrefrance.fr\/#\/schema\/logo\/image\/","url":"https:\/\/www.notrefrance.fr\/wp-content\/uploads\/2015\/12\/cropped-Logo-Notre-France-512x512.png","contentUrl":"https:\/\/www.notrefrance.fr\/wp-content\/uploads\/2015\/12\/cropped-Logo-Notre-France-512x512.png","width":512,"height":512,"caption":"Notre France"},"image":{"@id":"https:\/\/www.notrefrance.fr\/#\/schema\/logo\/image\/"},"sameAs":["https:\/\/www.facebook.com\/NotreFranceOfficiel\/","https:\/\/x.com\/_notrefrance","https:\/\/www.linkedin.com\/company\/notre-france\/"]}]}},"_links":{"self":[{"href":"https:\/\/www.notrefrance.fr\/index.php\/wp-json\/wp\/v2\/pages\/4025","targetHints":{"allow":["GET"]}}],"collection":[{"href":"https:\/\/www.notrefrance.fr\/index.php\/wp-json\/wp\/v2\/pages"}],"about":[{"href":"https:\/\/www.notrefrance.fr\/index.php\/wp-json\/wp\/v2\/types\/page"}],"author":[{"embeddable":true,"href":"https:\/\/www.notrefrance.fr\/index.php\/wp-json\/wp\/v2\/users\/2"}],"replies":[{"embeddable":true,"href":"https:\/\/www.notrefrance.fr\/index.php\/wp-json\/wp\/v2\/comments?post=4025"}],"version-history":[{"count":7,"href":"https:\/\/www.notrefrance.fr\/index.php\/wp-json\/wp\/v2\/pages\/4025\/revisions"}],"predecessor-version":[{"id":4036,"href":"https:\/\/www.notrefrance.fr\/index.php\/wp-json\/wp\/v2\/pages\/4025\/revisions\/4036"}],"wp:attachment":[{"href":"https:\/\/www.notrefrance.fr\/index.php\/wp-json\/wp\/v2\/media?parent=4025"}],"curies":[{"name":"wp","href":"https:\/\/api.w.org\/{rel}","templated":true}]}}