{"id":4027,"date":"2018-04-06T19:33:40","date_gmt":"2018-04-06T17:33:40","guid":{"rendered":"http:\/\/notrefrance-mouv.fr\/?page_id=4027"},"modified":"2018-04-06T19:33:40","modified_gmt":"2018-04-06T17:33:40","slug":"positions-nicolas-sarkozy-et-la-libye","status":"publish","type":"page","link":"https:\/\/www.notrefrance.fr\/index.php\/positions-nicolas-sarkozy-et-la-libye\/","title":{"rendered":"Positions &#8211; Nicolas Sarkozy et la Libye"},"content":{"rendered":"<p>[vc_row][vc_column][vc_column_text]<a href=\"http:\/\/notrefrance-mouv.fr\/index.php\/positions\/\"><span style=\"text-decoration: underline;\"><span style=\"font-size: 18pt;\">Retour \u00e0 nos prises de position<\/span><\/span><\/a>[\/vc_column_text][vc_empty_space height=&#8221;36px&#8221;][\/vc_column][\/vc_row][vc_row][vc_column][vc_custom_heading text=&#8221;Nicolas Sarkozy et la Libye : le d\u00e9sir d&#8217;une affaire d\u2019\u00c9tat&#8221; font_container=&#8221;tag:h2|font_size:32|text_align:center|color:%2300148c&#8221; google_fonts=&#8221;font_family:Roboto%20Slab%3A100%2C300%2Cregular%2C700|font_style:700%20bold%20regular%3A700%3Anormal&#8221;][vc_empty_space][vc_column_text]<\/p>\n<p style=\"text-align: justify;\"><span style=\"font-size: 14pt;\">Un grand journal du soir titre : \u00abLe spectre d&#8217;une affaire d&#8217;\u00c9tat \u00bb. Les contempteurs de Nicolas Sarkozy en r\u00eavent. Les journalistes investigateurs aussi. L&#8217;institution judiciaire est-elle anim\u00e9e par le m\u00eame \u00e9tat d&#8217;esprit ? Telle est la question la plus importante.<\/span><\/p>\n<p>&nbsp;<\/p>\n<p style=\"text-align: justify;\"><span style=\"font-size: 14pt;\">La justice doit \u00eatre ind\u00e9pendante. Soit. Mais la premi\u00e8re ind\u00e9pendance des juges est celle qu&#8217;il sont capables de prendre vis-\u00e0-vis de leurs propres pr\u00e9jug\u00e9s. J&#8217;esp\u00e8re que c&#8217;est le cas.<\/span><\/p>\n<p>&nbsp;<\/p>\n<p style=\"text-align: justify;\"><span style=\"font-size: 14pt;\">Les juges ont des pouvoirs pour faire respecter la loi. Ils les exercent. Soit. Mais ils doivent les exercer avec discernement. J&#8217;esp\u00e8re que c&#8217;est le cas. Ils doivent proportionner leurs actes aux strictes n\u00e9cessit\u00e9s de l\u2019enqu\u00eate. J&#8217;esp\u00e8re que c&#8217;est le cas.<\/span><\/p>\n<p style=\"text-align: justify;\"><span style=\"font-size: 14pt;\">Ils doivent instruire \u00e0 charge et \u00e0 d\u00e9charge. J&#8217;esp\u00e8re que c&#8217;est le cas. Ils doivent \u00eatre les premiers \u00e0 respecter dans leurs pens\u00e9es m\u00eames la pr\u00e9somption d&#8217;innocence. J&#8217;esp\u00e8re que c&#8217;est le cas.<\/span><\/p>\n<p style=\"text-align: justify;\"><span style=\"font-size: 14pt;\">Ils ne doivent pas accuser sans preuve. J&#8217;esp\u00e8re que c&#8217;est le cas.<\/span><\/p>\n<p style=\"text-align: justify;\"><span style=\"font-size: 14pt;\">Ils ne doivent chercher ni \u00e0 nuire \u00e0 celui qui leur d\u00e9pla\u00eet, ni \u00e0 prendre une revanche sur quoi ou sur qui que ce soit, ni \u00e0 faire un exemple. J&#8217;esp\u00e8re que c&#8217;est le cas.<\/span><\/p>\n<p style=\"text-align: justify;\"><span style=\"font-size: 14pt;\">Ils ne doivent pas c\u00e9der \u00e0 l&#8217;ivresse de la toute-puissance qui conduit \u00e0 l&#8217;abus de pouvoir. J&#8217;esp\u00e8re que c&#8217;est le cas.<\/span><\/p>\n<p style=\"text-align: justify;\"><span style=\"font-size: 14pt;\">La s\u00e9paration des pouvoirs et l\u2019un des grands principes de la d\u00e9mocratie. Mais la s\u00e9paration des pouvoirs n\u2019est pas \u00e0 sens unique, elle s&#8217;impose aussi aux juges. J&#8217;esp\u00e8re que c&#8217;est le cas.<\/span><\/p>\n<p style=\"text-align: justify;\"><span style=\"font-size: 14pt;\">Appliqu\u00e9s \u00e0 ne pas commettre de faute professionnelle dans l&#8217;application de la loi et le respect de la proc\u00e9dure, les juges doivent tout autant s&#8217;appliquer \u00e0 \u00e9viter la faute morale\u00a0<\/span><span style=\"font-size: 14pt;\">qu&#8217;ils commettraient en ab\u00eemant la vie d\u2019un innocent, en d\u00e9truisant sa r\u00e9putation, sa famille\u2026 j&#8217;esp\u00e8re que c&#8217;est le cas.<\/span><\/p>\n<p style=\"text-align: justify;\"><span style=\"font-size: 14pt;\">Tout le monde se croit oblig\u00e9 de proclamer, comme une \u00e9vidence, qu\u2019un ancien Pr\u00e9sident de la R\u00e9publique est un justiciable comme un autre. Mais si la loi est la m\u00eame pour tous, aucun justiciable n\u2019est identique \u00e0 un autre. Dans l&#8217;\u00c9tat de droit, la justice est individualis\u00e9e, Elle tient compte de l&#8217;\u00e9tat des personnes, de leur \u00e2ge, de leur sant\u00e9, de leur parcours, des circonstances\u2026 C&#8217;est pour cela qu\u2019elle ne peut \u00eatre rendue que par des juges et non par des machines ou des algorithmes. Nicolas Sarkozy n\u2019a ni plus, ni moins de droits que les autres, mais sa situation d&#8217;ancien Pr\u00e9sident de la R\u00e9publique n&#8217;est pas indiff\u00e9rente. D&#8217;abord parce qu&#8217;elle oblige les juges \u00e0 distinguer ce qui rel\u00e8ve du judiciaire et ce qui rel\u00e8ve de la politique de la France et de la raison d\u2019\u00c9tat. Ensuite parce qu&#8217;elle oblige aussi les juges \u00e0 \u00e9valuer, avant de les prendre, les effets de leurs d\u00e9cisions sur la d\u00e9mocratie, sur les institutions, sur l&#8217;autorit\u00e9 de l\u2019\u00c9tat. Enfin, elle devrait\u2026 j&#8217;esp\u00e8re que c\u2019est le cas.<\/span><\/p>\n<p style=\"text-align: justify;\"><span style=\"font-size: 14pt;\">D&#8217;o\u00f9 vient alors ce doute que j&#8217;\u00e9prouve lorsque je regarde le spectacle judiciaire qui nous est donn\u00e9 \u00e0 voir ces jours-ci et lorsque j\u2019entends \u00e9grener les \u00e9l\u00e9ments \u00e0 charge du dossier d&#8217;instruction puisque le secret de l&#8217;instruction semble ne plus exister et que s&#8217;il y avait d&#8217;autres \u00e9l\u00e9ments nous le saurions d\u00e9j\u00e0. Paroles d&#8217;interm\u00e9diaire douteux, documents myst\u00e9rieusement surgis du chaos libyen, t\u00e9moins qui ont tout perdu dans la chute du r\u00e9gime du colonel Kadhafi et qui veulent se venger\u2026 Comment ne pas \u00e9prouver un l\u00e9ger malaise devant ces preuves? Comment ne pas ressentir devant ce qui est inflig\u00e9 humainement \u00e0 Nicolas Sarkozy avec cette garde \u00e0 vue, cette mise en examen et ce contr\u00f4le judiciaire? Les juges ont-ils vraiment le sentiment que tout cela soit indispensable \u00e0 la manifestation de v\u00e9rit\u00e9 ? J&#8217;esp\u00e8re au moins que c&#8217;est le cas.<\/span><\/p>\n<p style=\"text-align: justify;\"><span style=\"font-size: 14pt;\">Je l&#8217;esp\u00e8re, car sinon il faudrait prendre au s\u00e9rieux le risque que courrait, bien au-del\u00e0 de la personne de Nicolas Sarkozy, la soci\u00e9t\u00e9 tout enti\u00e8re, notre d\u00e9mocratie et nos libert\u00e9s. Car prendrait forme alors, sous nos yeux, le risque d&#8217;une justice devenant sa propre finalit\u00e9, pr\u00eate \u00e0 sacrifier \u00e0 son id\u00e9al purificateur tous ce qui fait une justice humaine. Risque qui en cacherait un autre : celui du proc\u00e8s judiciaire de la politique \u00e9trang\u00e8re et de la raison d&#8217;\u00c9tat. Le proc\u00e8s politique de la politique \u00e9trang\u00e8re est normal, l\u00e9gitime dans une d\u00e9mocratie. Le proc\u00e8s judiciaire de la politique \u00e9trang\u00e8re ne l\u2019est pas. Il reviendrait \u00e0 dissoudre la responsabilit\u00e9 politique dans la responsabilit\u00e9 p\u00e9nale, la d\u00e9mocratie dans le gouvernement des juges, ou dans tout autre forme de tyrannie, parce que dans les tyrannies il n&#8217;y a pas de responsabilit\u00e9 politique, il y a seulement des \u00abproc\u00e8s de Moscou \u00bb\u2026 J&#8217;esp\u00e8re que ce ne sera pas le cas. Mais pour en finir avec cette suspicion, il y a qu\u2019un seul rem\u00e8de : la possibilit\u00e9 de mettre r\u00e9ellement en jeu la responsabilit\u00e9 des juges autrement que devant leurs pairs.<\/span><\/p>\n<p>&nbsp;<\/p>\n<p style=\"text-align: justify;\"><span style=\"font-size: 14pt;\">Il faudra bien qu&#8217;un jour nous ayons ce d\u00e9bat.<\/span><\/p>\n<p>&nbsp;<\/p>\n<p style=\"text-align: right;\"><strong><span style=\"font-size: 14pt;\">Henri Guaino<\/span><\/strong><\/p>\n<p>[\/vc_column_text][vc_empty_space height=&#8221;16px&#8221;][tt_section_title title_alignment=&#8221;text-center&#8221; title_color_option=&#8221;custom-color&#8221; title=&#8221;Laisser un commentaire&#8221; title_color=&#8221;#414141&#8243;][\/tt_section_title]\n<div class=\"wpcf7 no-js\" id=\"wpcf7-f3881-o1\" lang=\"en-US\" dir=\"ltr\" data-wpcf7-id=\"3881\">\n<div class=\"screen-reader-response\"><p role=\"status\" aria-live=\"polite\" aria-atomic=\"true\"><\/p> <ul><\/ul><\/div>\n<form action=\"\/index.php\/wp-json\/wp\/v2\/pages\/4027#wpcf7-f3881-o1\" method=\"post\" class=\"wpcf7-form init\" aria-label=\"Contact form\" novalidate=\"novalidate\" data-status=\"init\">\n<fieldset class=\"hidden-fields-container\"><input type=\"hidden\" name=\"_wpcf7\" value=\"3881\" \/><input type=\"hidden\" name=\"_wpcf7_version\" value=\"6.1.5\" \/><input type=\"hidden\" name=\"_wpcf7_locale\" value=\"en_US\" \/><input type=\"hidden\" name=\"_wpcf7_unit_tag\" value=\"wpcf7-f3881-o1\" \/><input type=\"hidden\" name=\"_wpcf7_container_post\" value=\"0\" \/><input type=\"hidden\" name=\"_wpcf7_posted_data_hash\" value=\"\" \/><input type=\"hidden\" name=\"_wpcf7cf_hidden_group_fields\" value=\"[]\" \/><input type=\"hidden\" name=\"_wpcf7cf_hidden_groups\" value=\"[]\" \/><input type=\"hidden\" name=\"_wpcf7cf_visible_groups\" value=\"[]\" \/><input type=\"hidden\" name=\"_wpcf7cf_repeaters\" value=\"[]\" \/><input type=\"hidden\" name=\"_wpcf7cf_steps\" value=\"{}\" \/><input type=\"hidden\" name=\"_wpcf7cf_options\" value=\"{&quot;form_id&quot;:3881,&quot;conditions&quot;:[],&quot;settings&quot;:{&quot;animation&quot;:&quot;yes&quot;,&quot;animation_intime&quot;:200,&quot;animation_outtime&quot;:200,&quot;conditions_ui&quot;:&quot;normal&quot;,&quot;notice_dismissed&quot;:false}}\" \/><input type=\"hidden\" name=\"_wpcf7_recaptcha_response\" value=\"\" \/>\n<\/fieldset>\n<div class=\"row\">\n\t<div class=\"col-sm-5\">\n\t\t<div class=\"form-group\">\n\t\t\t<p><label class=\"sr-only\" for=\"cfname\">Name<\/label><span class=\"wpcf7-form-control-wrap\" data-name=\"nom\"><input size=\"40\" maxlength=\"400\" class=\"wpcf7-form-control wpcf7-text wpcf7-validates-as-required form-control\" id=\"cfname\" aria-required=\"true\" aria-invalid=\"false\" placeholder=\"Pr\u00e9nom, Nom\" value=\"\" type=\"text\" name=\"nom\" \/><\/span>\n\t\t\t<\/p>\n\t\t<\/div>\n\t<\/div>\n\t<div class=\"col-sm-7\">\n\t\t<div class=\"form-group\">\n\t\t\t<p><label class=\"sr-only\" for=\"cfemail\">Email<\/label><span class=\"wpcf7-form-control-wrap\" data-name=\"courriel\"><input size=\"40\" maxlength=\"400\" class=\"wpcf7-form-control wpcf7-email wpcf7-validates-as-required wpcf7-text wpcf7-validates-as-email form-control\" id=\"cfemail\" aria-required=\"true\" aria-invalid=\"false\" placeholder=\"Adresse courriel\" value=\"\" type=\"email\" name=\"courriel\" \/><\/span>\n\t\t\t<\/p>\n\t\t<\/div>\n\t<\/div>\n<\/div>\n<div class=\"form-group\">\n\t<p><label class=\"sr-only\" for=\"cfmessage\">Message<\/label><span class=\"wpcf7-form-control-wrap\" data-name=\"message\"><textarea cols=\"40\" rows=\"10\" maxlength=\"2000\" class=\"wpcf7-form-control wpcf7-textarea wpcf7-validates-as-required form-control\" id=\"cfmessage\" aria-required=\"true\" aria-invalid=\"false\" placeholder=\"Laisser un commentaire\" name=\"message\"><\/textarea><\/span>\n\t<\/p>\n<\/div>\n<p><input class=\"wpcf7-form-control wpcf7-submit has-spinner btn btn-primary btn-lg\" type=\"submit\" value=\"Envoyer\" \/>\n<\/p><p style=\"display: none !important;\" class=\"akismet-fields-container\" data-prefix=\"_wpcf7_ak_\"><label>&#916;<textarea name=\"_wpcf7_ak_hp_textarea\" cols=\"45\" rows=\"8\" maxlength=\"100\"><\/textarea><\/label><input type=\"hidden\" id=\"ak_js_1\" name=\"_wpcf7_ak_js\" value=\"175\"\/><script>document.getElementById( \"ak_js_1\" ).setAttribute( \"value\", ( new Date() ).getTime() );<\/script><\/p><div class=\"wpcf7-response-output\" aria-hidden=\"true\"><\/div>\n<\/form>\n<\/div>\n[vc_empty_space][\/vc_column][\/vc_row]<\/p>\n","protected":false},"excerpt":{"rendered":"<p>[vc_row][vc_column][vc_column_text]Retour \u00e0 nos prises de position[\/vc_column_text][vc_empty_space height=&#8221;36px&#8221;][\/vc_column][\/vc_row][vc_row][vc_column][vc_custom_heading text=&#8221;Nicolas Sarkozy et la Libye : le d\u00e9sir d&#8217;une affaire d\u2019\u00c9tat&#8221; font_container=&#8221;tag:h2|font_size:32|text_align:center|color:%2300148c&#8221; google_fonts=&#8221;font_family:Roboto%20Slab%3A100%2C300%2Cregular%2C700|font_style:700%20bold%20regular%3A700%3Anormal&#8221;][vc_empty_space][vc_column_text] Un grand journal du soir titre : \u00abLe spectre d&#8217;une affaire d&#8217;\u00c9tat \u00bb. Les contempteurs de Nicolas Sarkozy en r\u00eavent. Les journalistes investigateurs aussi. L&#8217;institution judiciaire est-elle anim\u00e9e par le m\u00eame \u00e9tat d&#8217;esprit ? Telle [&hellip;]<\/p>\n","protected":false},"author":2,"featured_media":0,"parent":0,"menu_order":0,"comment_status":"closed","ping_status":"closed","template":"page-templates\/page-no-sidebar.php","meta":{"footnotes":""},"class_list":["post-4027","page","type-page","status-publish","hentry"],"yoast_head":"<!-- This site is optimized with the Yoast SEO plugin v27.3 - https:\/\/yoast.com\/product\/yoast-seo-wordpress\/ -->\n<title>Positions - Nicolas Sarkozy et la Libye - Notre France<\/title>\n<meta name=\"robots\" content=\"index, follow, max-snippet:-1, max-image-preview:large, max-video-preview:-1\" \/>\n<link rel=\"canonical\" href=\"https:\/\/www.notrefrance.fr\/index.php\/positions-nicolas-sarkozy-et-la-libye\/\" \/>\n<meta property=\"og:locale\" content=\"fr_FR\" \/>\n<meta property=\"og:type\" content=\"article\" \/>\n<meta property=\"og:title\" content=\"Positions - Nicolas Sarkozy et la Libye - Notre France\" \/>\n<meta property=\"og:description\" content=\"[vc_row][vc_column][vc_column_text]Retour \u00e0 nos prises de position[\/vc_column_text][vc_empty_space height=&#8221;36px&#8221;][\/vc_column][\/vc_row][vc_row][vc_column][vc_custom_heading text=&#8221;Nicolas Sarkozy et la Libye : le d\u00e9sir d&#8217;une affaire d\u2019\u00c9tat&#8221; font_container=&#8221;tag:h2|font_size:32|text_align:center|color:%2300148c&#8221; google_fonts=&#8221;font_family:Roboto%20Slab%3A100%2C300%2Cregular%2C700|font_style:700%20bold%20regular%3A700%3Anormal&#8221;][vc_empty_space][vc_column_text] Un grand journal du soir titre : \u00abLe spectre d&#8217;une affaire d&#8217;\u00c9tat \u00bb. Les contempteurs de Nicolas Sarkozy en r\u00eavent. Les journalistes investigateurs aussi. L&#8217;institution judiciaire est-elle anim\u00e9e par le m\u00eame \u00e9tat d&#8217;esprit ? Telle [&hellip;]\" \/>\n<meta property=\"og:url\" content=\"https:\/\/www.notrefrance.fr\/index.php\/positions-nicolas-sarkozy-et-la-libye\/\" \/>\n<meta property=\"og:site_name\" content=\"Notre France\" \/>\n<meta property=\"article:publisher\" content=\"https:\/\/www.facebook.com\/NotreFranceOfficiel\/\" \/>\n<meta name=\"twitter:card\" content=\"summary_large_image\" \/>\n<meta name=\"twitter:site\" content=\"@_notrefrance\" \/>\n<meta name=\"twitter:label1\" content=\"Dur\u00e9e de lecture estim\u00e9e\" \/>\n\t<meta name=\"twitter:data1\" content=\"5 minutes\" \/>\n<script type=\"application\/ld+json\" class=\"yoast-schema-graph\">{\"@context\":\"https:\\\/\\\/schema.org\",\"@graph\":[{\"@type\":\"WebPage\",\"@id\":\"https:\\\/\\\/www.notrefrance.fr\\\/index.php\\\/positions-nicolas-sarkozy-et-la-libye\\\/\",\"url\":\"https:\\\/\\\/www.notrefrance.fr\\\/index.php\\\/positions-nicolas-sarkozy-et-la-libye\\\/\",\"name\":\"Positions - Nicolas Sarkozy et la Libye - Notre France\",\"isPartOf\":{\"@id\":\"https:\\\/\\\/www.notrefrance.fr\\\/#website\"},\"datePublished\":\"2018-04-06T17:33:40+00:00\",\"breadcrumb\":{\"@id\":\"https:\\\/\\\/www.notrefrance.fr\\\/index.php\\\/positions-nicolas-sarkozy-et-la-libye\\\/#breadcrumb\"},\"inLanguage\":\"fr-FR\",\"potentialAction\":[{\"@type\":\"ReadAction\",\"target\":[\"https:\\\/\\\/www.notrefrance.fr\\\/index.php\\\/positions-nicolas-sarkozy-et-la-libye\\\/\"]}]},{\"@type\":\"BreadcrumbList\",\"@id\":\"https:\\\/\\\/www.notrefrance.fr\\\/index.php\\\/positions-nicolas-sarkozy-et-la-libye\\\/#breadcrumb\",\"itemListElement\":[{\"@type\":\"ListItem\",\"position\":1,\"name\":\"Accueil\",\"item\":\"https:\\\/\\\/www.notrefrance.fr\\\/\"},{\"@type\":\"ListItem\",\"position\":2,\"name\":\"Positions &#8211; Nicolas Sarkozy et la Libye\"}]},{\"@type\":\"WebSite\",\"@id\":\"https:\\\/\\\/www.notrefrance.fr\\\/#website\",\"url\":\"https:\\\/\\\/www.notrefrance.fr\\\/\",\"name\":\"Notre France\",\"description\":\"Notre France\",\"publisher\":{\"@id\":\"https:\\\/\\\/www.notrefrance.fr\\\/#organization\"},\"potentialAction\":[{\"@type\":\"SearchAction\",\"target\":{\"@type\":\"EntryPoint\",\"urlTemplate\":\"https:\\\/\\\/www.notrefrance.fr\\\/?s={search_term_string}\"},\"query-input\":{\"@type\":\"PropertyValueSpecification\",\"valueRequired\":true,\"valueName\":\"search_term_string\"}}],\"inLanguage\":\"fr-FR\"},{\"@type\":\"Organization\",\"@id\":\"https:\\\/\\\/www.notrefrance.fr\\\/#organization\",\"name\":\"Notre France\",\"url\":\"https:\\\/\\\/www.notrefrance.fr\\\/\",\"logo\":{\"@type\":\"ImageObject\",\"inLanguage\":\"fr-FR\",\"@id\":\"https:\\\/\\\/www.notrefrance.fr\\\/#\\\/schema\\\/logo\\\/image\\\/\",\"url\":\"https:\\\/\\\/www.notrefrance.fr\\\/wp-content\\\/uploads\\\/2015\\\/12\\\/cropped-Logo-Notre-France-512x512.png\",\"contentUrl\":\"https:\\\/\\\/www.notrefrance.fr\\\/wp-content\\\/uploads\\\/2015\\\/12\\\/cropped-Logo-Notre-France-512x512.png\",\"width\":512,\"height\":512,\"caption\":\"Notre France\"},\"image\":{\"@id\":\"https:\\\/\\\/www.notrefrance.fr\\\/#\\\/schema\\\/logo\\\/image\\\/\"},\"sameAs\":[\"https:\\\/\\\/www.facebook.com\\\/NotreFranceOfficiel\\\/\",\"https:\\\/\\\/x.com\\\/_notrefrance\",\"https:\\\/\\\/www.linkedin.com\\\/company\\\/notre-france\\\/\"]}]}<\/script>\n<!-- \/ Yoast SEO plugin. -->","yoast_head_json":{"title":"Positions - Nicolas Sarkozy et la Libye - Notre France","robots":{"index":"index","follow":"follow","max-snippet":"max-snippet:-1","max-image-preview":"max-image-preview:large","max-video-preview":"max-video-preview:-1"},"canonical":"https:\/\/www.notrefrance.fr\/index.php\/positions-nicolas-sarkozy-et-la-libye\/","og_locale":"fr_FR","og_type":"article","og_title":"Positions - Nicolas Sarkozy et la Libye - Notre France","og_description":"[vc_row][vc_column][vc_column_text]Retour \u00e0 nos prises de position[\/vc_column_text][vc_empty_space height=&#8221;36px&#8221;][\/vc_column][\/vc_row][vc_row][vc_column][vc_custom_heading text=&#8221;Nicolas Sarkozy et la Libye : le d\u00e9sir d&#8217;une affaire d\u2019\u00c9tat&#8221; font_container=&#8221;tag:h2|font_size:32|text_align:center|color:%2300148c&#8221; google_fonts=&#8221;font_family:Roboto%20Slab%3A100%2C300%2Cregular%2C700|font_style:700%20bold%20regular%3A700%3Anormal&#8221;][vc_empty_space][vc_column_text] Un grand journal du soir titre : \u00abLe spectre d&#8217;une affaire d&#8217;\u00c9tat \u00bb. Les contempteurs de Nicolas Sarkozy en r\u00eavent. Les journalistes investigateurs aussi. L&#8217;institution judiciaire est-elle anim\u00e9e par le m\u00eame \u00e9tat d&#8217;esprit ? Telle [&hellip;]","og_url":"https:\/\/www.notrefrance.fr\/index.php\/positions-nicolas-sarkozy-et-la-libye\/","og_site_name":"Notre France","article_publisher":"https:\/\/www.facebook.com\/NotreFranceOfficiel\/","twitter_card":"summary_large_image","twitter_site":"@_notrefrance","twitter_misc":{"Dur\u00e9e de lecture estim\u00e9e":"5 minutes"},"schema":{"@context":"https:\/\/schema.org","@graph":[{"@type":"WebPage","@id":"https:\/\/www.notrefrance.fr\/index.php\/positions-nicolas-sarkozy-et-la-libye\/","url":"https:\/\/www.notrefrance.fr\/index.php\/positions-nicolas-sarkozy-et-la-libye\/","name":"Positions - Nicolas Sarkozy et la Libye - Notre France","isPartOf":{"@id":"https:\/\/www.notrefrance.fr\/#website"},"datePublished":"2018-04-06T17:33:40+00:00","breadcrumb":{"@id":"https:\/\/www.notrefrance.fr\/index.php\/positions-nicolas-sarkozy-et-la-libye\/#breadcrumb"},"inLanguage":"fr-FR","potentialAction":[{"@type":"ReadAction","target":["https:\/\/www.notrefrance.fr\/index.php\/positions-nicolas-sarkozy-et-la-libye\/"]}]},{"@type":"BreadcrumbList","@id":"https:\/\/www.notrefrance.fr\/index.php\/positions-nicolas-sarkozy-et-la-libye\/#breadcrumb","itemListElement":[{"@type":"ListItem","position":1,"name":"Accueil","item":"https:\/\/www.notrefrance.fr\/"},{"@type":"ListItem","position":2,"name":"Positions &#8211; Nicolas Sarkozy et la Libye"}]},{"@type":"WebSite","@id":"https:\/\/www.notrefrance.fr\/#website","url":"https:\/\/www.notrefrance.fr\/","name":"Notre France","description":"Notre France","publisher":{"@id":"https:\/\/www.notrefrance.fr\/#organization"},"potentialAction":[{"@type":"SearchAction","target":{"@type":"EntryPoint","urlTemplate":"https:\/\/www.notrefrance.fr\/?s={search_term_string}"},"query-input":{"@type":"PropertyValueSpecification","valueRequired":true,"valueName":"search_term_string"}}],"inLanguage":"fr-FR"},{"@type":"Organization","@id":"https:\/\/www.notrefrance.fr\/#organization","name":"Notre France","url":"https:\/\/www.notrefrance.fr\/","logo":{"@type":"ImageObject","inLanguage":"fr-FR","@id":"https:\/\/www.notrefrance.fr\/#\/schema\/logo\/image\/","url":"https:\/\/www.notrefrance.fr\/wp-content\/uploads\/2015\/12\/cropped-Logo-Notre-France-512x512.png","contentUrl":"https:\/\/www.notrefrance.fr\/wp-content\/uploads\/2015\/12\/cropped-Logo-Notre-France-512x512.png","width":512,"height":512,"caption":"Notre France"},"image":{"@id":"https:\/\/www.notrefrance.fr\/#\/schema\/logo\/image\/"},"sameAs":["https:\/\/www.facebook.com\/NotreFranceOfficiel\/","https:\/\/x.com\/_notrefrance","https:\/\/www.linkedin.com\/company\/notre-france\/"]}]}},"_links":{"self":[{"href":"https:\/\/www.notrefrance.fr\/index.php\/wp-json\/wp\/v2\/pages\/4027","targetHints":{"allow":["GET"]}}],"collection":[{"href":"https:\/\/www.notrefrance.fr\/index.php\/wp-json\/wp\/v2\/pages"}],"about":[{"href":"https:\/\/www.notrefrance.fr\/index.php\/wp-json\/wp\/v2\/types\/page"}],"author":[{"embeddable":true,"href":"https:\/\/www.notrefrance.fr\/index.php\/wp-json\/wp\/v2\/users\/2"}],"replies":[{"embeddable":true,"href":"https:\/\/www.notrefrance.fr\/index.php\/wp-json\/wp\/v2\/comments?post=4027"}],"version-history":[{"count":1,"href":"https:\/\/www.notrefrance.fr\/index.php\/wp-json\/wp\/v2\/pages\/4027\/revisions"}],"predecessor-version":[{"id":4039,"href":"https:\/\/www.notrefrance.fr\/index.php\/wp-json\/wp\/v2\/pages\/4027\/revisions\/4039"}],"wp:attachment":[{"href":"https:\/\/www.notrefrance.fr\/index.php\/wp-json\/wp\/v2\/media?parent=4027"}],"curies":[{"name":"wp","href":"https:\/\/api.w.org\/{rel}","templated":true}]}}