{"id":4028,"date":"2018-04-06T19:35:22","date_gmt":"2018-04-06T17:35:22","guid":{"rendered":"http:\/\/notrefrance-mouv.fr\/?page_id=4028"},"modified":"2018-04-06T19:35:22","modified_gmt":"2018-04-06T17:35:22","slug":"positions-notre-francophonie","status":"publish","type":"page","link":"https:\/\/www.notrefrance.fr\/index.php\/positions-notre-francophonie\/","title":{"rendered":"Positions &#8211; Notre francophonie"},"content":{"rendered":"<p>[vc_row][vc_column][vc_column_text]<a href=\"http:\/\/notrefrance-mouv.fr\/index.php\/positions\/\"><span style=\"text-decoration: underline;\"><span style=\"font-size: 18pt;\">Retour \u00e0 nos prises de position<\/span><\/span><\/a>[\/vc_column_text][vc_empty_space height=&#8221;36px&#8221;][\/vc_column][\/vc_row][vc_row][vc_column][vc_custom_heading text=&#8221;Notre francophonie !&#8221; font_container=&#8221;tag:h2|font_size:32|text_align:center|color:%2300148c&#8221; google_fonts=&#8221;font_family:Roboto%20Slab%3A100%2C300%2Cregular%2C700|font_style:700%20bold%20regular%3A700%3Anormal&#8221;][vc_empty_space][vc_column_text]<\/p>\n<p style=\"text-align: justify;\"><span style=\"font-size: 14pt;\">Il y a des maximes qui nous reviennent parfois spontan\u00e9ment \u00e0 notre insu. En voil\u00e0 une\u00a0: \u00ab\u00a0le travail est un tr\u00e9sor\u00a0\u00bb. Celle-ci a ceci de singulier qu&#8217;elle convoque avec elle la fable du <em>Laboureur et ses enfants<\/em> dont elle est issue. La musique de ses mots nous est famili\u00e8re, leur r\u00e9sonance trouve en nous une cr\u00e9ance, et leur sens sonne comme une \u00e9vidence. Mais, d&#8217;avantage encore, c&#8217;est la morale de cette fable qui nous attache d&#8217;une \u00e9treinte particuli\u00e8re\u00a0; son \u00e9vidence simple mais sensible nous revient et nous saisit\u00a0: nous disposons souvent, sans nous en rendre compte, d&#8217;un tr\u00e9sor que nous cherchons pourtant.<\/span><\/p>\n<p style=\"text-align: justify;\"><span style=\"font-size: 14pt;\">Cette v\u00e9rit\u00e9 que La Fontaine imageait dans cette fable, avec le g\u00e9nie qu&#8217;on lui connait, s&#8217;illustre avec une acuit\u00e9 saisissante s&#8217;agissant de la francophonie. Voil\u00e0 un domaine \u2013 un tr\u00e9sor pour reprendre les mots du po\u00e8te \u2013 dont la France dispose mais dont elle ne mesure pas sinon l&#8217;existence du moins l&#8217;\u00e9tendue.<\/span><\/p>\n<p style=\"text-align: justify;\"><span style=\"font-size: 14pt;\">La chose n&#8217;est pourtant en rien indicible. La francophonie, entendue au sens d&#8217;espace culturel linguistique, est, en effet, un atout consid\u00e9rable.<\/span><\/p>\n<p style=\"text-align: justify;\"><span style=\"font-size: 14pt;\">C&#8217;est un atout d&#8217;abord parce qu&#8217;elle constitue un patrimoine vivant d&#8217;une profonde vigueur rassembl\u00e9e autour d&#8217;une langue\u00a0: le fran\u00e7ais, parl\u00e9 aujourd&#8217;hui par 274 millions d&#8217;individus \u00e0 travers le monde, et dont le nombre pourra doubler d&#8217;ici 2050. Une langue surtout active et rayonnante dont la vitalit\u00e9 s&#8217;exprime sur les cinq continents, qui est la deuxi\u00e8me langue la plus apprise, la troisi\u00e8me dans les affaires et la quatri\u00e8me sur internet. Cette patrie linguistique, dont l&#8217;existence participe \u00e0 la promotion d&#8217;un n\u00e9cessaire plurilinguisme, est l&#8217;aiguillon premier de la francophonie\u00a0; celle aussi qui justifie l&#8217;importance pr\u00eat\u00e9e \u00e0 cette derni\u00e8re.<\/span><\/p>\n<p style=\"text-align: justify;\"><span style=\"font-size: 14pt;\">Mais c&#8217;est aussi un atout parce qu&#8217;elle dispose d&#8217;un r\u00e9seau culturel et \u00e9ducatif, unique au monde, qui lui est d\u00e9di\u00e9, v\u00e9ritable maillage mondial au service d&#8217;une culture et d&#8217;une langue. Quelques exemples\u00a0: 154 services de coop\u00e9ration et d&#8217;action culturelle et 124 Instituts fran\u00e7ais, soit pr\u00e8s de 6 000 agents engag\u00e9s, 800 Alliances fran\u00e7aises, 495 \u00e9tablissements scolaires \u00e0 programmes fran\u00e7ais dans 136 pays, 236 espaces Campus France dans 120 pays, 91 bureaux et correspondants de Business France dans pr\u00e8s de 70 pays&#8230; La liste pourrait s&#8217;\u00e9tendre tant le r\u00e9seau est exceptionnel et anim\u00e9 d&#8217;un r\u00e9el souffle \u00e0 la fois singulier et profond. Ajoutons \u00e0 cela l&#8217;existence d&#8217;une organisation internationale \u2013 l&#8217;Organisation Internationale de la Francophonie (OIF) \u2013 qui lui est consacr\u00e9e. L\u00e0-encore, aucune comparaison dans le monde.<\/span><\/p>\n<p style=\"text-align: justify;\"><span style=\"font-size: 14pt;\">C&#8217;est un atout enfin, et peut-\u00eatre surtout, parce qu&#8217;elle rassemble, gr\u00e2ce \u00e0 la langue, des pays et des peuples autour d&#8217;une identit\u00e9 commune. De fait, d&#8217;Abidjan \u00e0 Montr\u00e9al, de Noum\u00e9a \u00e0 Alger, de Bruxelles \u00e0 Rabat, de Paris \u00e0 Dakar, de Niamey \u00e0 Gen\u00e8ve, la francophonie consacre un espace anim\u00e9 d&#8217;un h\u00e9ritage, d&#8217;une volont\u00e9, d&#8217;une ambition et d&#8217;un souffle en partage. C&#8217;est un \u00e9change et un m\u00e9lange des cultures, et une projection dans un avenir pens\u00e9 d\u00e9sormais en commun. Or, cette appartenance et cet \u00e9lan partag\u00e9s sont une source de cr\u00e9ation et de croissance extraordinaire. On le sait, des pays partageant des liens linguistiques et culturels forts, cr\u00e9ent et \u00e9changent bien plus que les autres. La francophonie, c&#8217;est un potentiel de d\u00e9veloppement fabuleux dans l&#8217;ensemble des champs de la cr\u00e9ation humaine\u00a0: \u00e9conomique, culturel, politique, universitaire, scientifique, agricole&#8230; C&#8217;est en ce sens et par l\u00e0 que la francophonie constitue une richesse consid\u00e9rable. Elle est une source de d\u00e9veloppement et de rayonnement sans comparaison.<\/span><\/p>\n<p style=\"text-align: justify;\"><span style=\"font-size: 14pt;\">Prenons donc conscience, comme les enfants de ce sage laboureur, que la francophonie est notre tr\u00e9sor. Cessons de l&#8217;ignorer, cessons de la d\u00e9daigner, cessons de l&#8217;abaisser. Faisons d&#8217;elle un axe structurant de notre politique \u00e9trang\u00e8re. Faisons-en un levier d&#8217;Archim\u00e8de pour la France et pour les pays francophones. Cultivons, fouillons, b\u00eachons ce tr\u00e9sor. B\u00e2tissons des projets, engageons-nous tout azimut pour construire ensemble cet espace commun, ce projet, cette utopie.<\/span><\/p>\n<p>&nbsp;<\/p>\n<p style=\"text-align: right;\"><strong><span style=\"font-size: 14pt;\">Arnauld Comparot<\/span><\/strong><\/p>\n<p>[\/vc_column_text][vc_empty_space height=&#8221;16px&#8221;][tt_section_title title_alignment=&#8221;text-center&#8221; title_color_option=&#8221;custom-color&#8221; title=&#8221;Laisser un commentaire&#8221; title_color=&#8221;#414141&#8243;][\/tt_section_title]\n<div class=\"wpcf7 no-js\" id=\"wpcf7-f3881-o1\" lang=\"en-US\" dir=\"ltr\" data-wpcf7-id=\"3881\">\n<div class=\"screen-reader-response\"><p role=\"status\" aria-live=\"polite\" aria-atomic=\"true\"><\/p> <ul><\/ul><\/div>\n<form action=\"\/index.php\/wp-json\/wp\/v2\/pages\/4028#wpcf7-f3881-o1\" method=\"post\" class=\"wpcf7-form init\" aria-label=\"Contact form\" novalidate=\"novalidate\" data-status=\"init\">\n<fieldset class=\"hidden-fields-container\"><input type=\"hidden\" name=\"_wpcf7\" value=\"3881\" \/><input type=\"hidden\" name=\"_wpcf7_version\" value=\"6.1.5\" \/><input type=\"hidden\" name=\"_wpcf7_locale\" value=\"en_US\" \/><input type=\"hidden\" name=\"_wpcf7_unit_tag\" value=\"wpcf7-f3881-o1\" \/><input type=\"hidden\" name=\"_wpcf7_container_post\" value=\"0\" \/><input type=\"hidden\" name=\"_wpcf7_posted_data_hash\" value=\"\" \/><input type=\"hidden\" name=\"_wpcf7cf_hidden_group_fields\" value=\"[]\" \/><input type=\"hidden\" name=\"_wpcf7cf_hidden_groups\" value=\"[]\" \/><input type=\"hidden\" name=\"_wpcf7cf_visible_groups\" value=\"[]\" \/><input type=\"hidden\" name=\"_wpcf7cf_repeaters\" value=\"[]\" \/><input type=\"hidden\" name=\"_wpcf7cf_steps\" value=\"{}\" \/><input type=\"hidden\" name=\"_wpcf7cf_options\" value=\"{&quot;form_id&quot;:3881,&quot;conditions&quot;:[],&quot;settings&quot;:{&quot;animation&quot;:&quot;yes&quot;,&quot;animation_intime&quot;:200,&quot;animation_outtime&quot;:200,&quot;conditions_ui&quot;:&quot;normal&quot;,&quot;notice_dismissed&quot;:false}}\" \/><input type=\"hidden\" name=\"_wpcf7_recaptcha_response\" value=\"\" \/>\n<\/fieldset>\n<div class=\"row\">\n\t<div class=\"col-sm-5\">\n\t\t<div class=\"form-group\">\n\t\t\t<p><label class=\"sr-only\" for=\"cfname\">Name<\/label><span class=\"wpcf7-form-control-wrap\" data-name=\"nom\"><input size=\"40\" maxlength=\"400\" class=\"wpcf7-form-control wpcf7-text wpcf7-validates-as-required form-control\" id=\"cfname\" aria-required=\"true\" aria-invalid=\"false\" placeholder=\"Pr\u00e9nom, Nom\" value=\"\" type=\"text\" name=\"nom\" \/><\/span>\n\t\t\t<\/p>\n\t\t<\/div>\n\t<\/div>\n\t<div class=\"col-sm-7\">\n\t\t<div class=\"form-group\">\n\t\t\t<p><label class=\"sr-only\" for=\"cfemail\">Email<\/label><span class=\"wpcf7-form-control-wrap\" data-name=\"courriel\"><input size=\"40\" maxlength=\"400\" class=\"wpcf7-form-control wpcf7-email wpcf7-validates-as-required wpcf7-text wpcf7-validates-as-email form-control\" id=\"cfemail\" aria-required=\"true\" aria-invalid=\"false\" placeholder=\"Adresse courriel\" value=\"\" type=\"email\" name=\"courriel\" \/><\/span>\n\t\t\t<\/p>\n\t\t<\/div>\n\t<\/div>\n<\/div>\n<div class=\"form-group\">\n\t<p><label class=\"sr-only\" for=\"cfmessage\">Message<\/label><span class=\"wpcf7-form-control-wrap\" data-name=\"message\"><textarea cols=\"40\" rows=\"10\" maxlength=\"2000\" class=\"wpcf7-form-control wpcf7-textarea wpcf7-validates-as-required form-control\" id=\"cfmessage\" aria-required=\"true\" aria-invalid=\"false\" placeholder=\"Laisser un commentaire\" name=\"message\"><\/textarea><\/span>\n\t<\/p>\n<\/div>\n<p><input class=\"wpcf7-form-control wpcf7-submit has-spinner btn btn-primary btn-lg\" type=\"submit\" value=\"Envoyer\" \/>\n<\/p><p style=\"display: none !important;\" class=\"akismet-fields-container\" data-prefix=\"_wpcf7_ak_\"><label>&#916;<textarea name=\"_wpcf7_ak_hp_textarea\" cols=\"45\" rows=\"8\" maxlength=\"100\"><\/textarea><\/label><input type=\"hidden\" id=\"ak_js_1\" name=\"_wpcf7_ak_js\" value=\"197\"\/><script>document.getElementById( \"ak_js_1\" ).setAttribute( \"value\", ( new Date() ).getTime() );<\/script><\/p><div class=\"wpcf7-response-output\" aria-hidden=\"true\"><\/div>\n<\/form>\n<\/div>\n[vc_empty_space][\/vc_column][\/vc_row]<\/p>\n","protected":false},"excerpt":{"rendered":"<p>[vc_row][vc_column][vc_column_text]Retour \u00e0 nos prises de position[\/vc_column_text][vc_empty_space height=&#8221;36px&#8221;][\/vc_column][\/vc_row][vc_row][vc_column][vc_custom_heading text=&#8221;Notre francophonie !&#8221; font_container=&#8221;tag:h2|font_size:32|text_align:center|color:%2300148c&#8221; google_fonts=&#8221;font_family:Roboto%20Slab%3A100%2C300%2Cregular%2C700|font_style:700%20bold%20regular%3A700%3Anormal&#8221;][vc_empty_space][vc_column_text] Il y a des maximes qui nous reviennent parfois spontan\u00e9ment \u00e0 notre insu. En voil\u00e0 une\u00a0: \u00ab\u00a0le travail est un tr\u00e9sor\u00a0\u00bb. Celle-ci a ceci de singulier qu&#8217;elle convoque avec elle la fable du Laboureur et ses enfants dont elle est issue. La musique [&hellip;]<\/p>\n","protected":false},"author":2,"featured_media":0,"parent":0,"menu_order":0,"comment_status":"closed","ping_status":"closed","template":"page-templates\/page-no-sidebar.php","meta":{"footnotes":""},"class_list":["post-4028","page","type-page","status-publish","hentry"],"yoast_head":"<!-- This site is optimized with the Yoast SEO plugin v27.3 - https:\/\/yoast.com\/product\/yoast-seo-wordpress\/ -->\n<title>Positions - Notre francophonie - Notre France<\/title>\n<meta name=\"robots\" content=\"index, follow, max-snippet:-1, max-image-preview:large, max-video-preview:-1\" \/>\n<link rel=\"canonical\" href=\"https:\/\/www.notrefrance.fr\/index.php\/positions-notre-francophonie\/\" \/>\n<meta property=\"og:locale\" content=\"fr_FR\" \/>\n<meta property=\"og:type\" content=\"article\" \/>\n<meta property=\"og:title\" content=\"Positions - Notre francophonie - Notre France\" \/>\n<meta property=\"og:description\" content=\"[vc_row][vc_column][vc_column_text]Retour \u00e0 nos prises de position[\/vc_column_text][vc_empty_space height=&#8221;36px&#8221;][\/vc_column][\/vc_row][vc_row][vc_column][vc_custom_heading text=&#8221;Notre francophonie !&#8221; font_container=&#8221;tag:h2|font_size:32|text_align:center|color:%2300148c&#8221; google_fonts=&#8221;font_family:Roboto%20Slab%3A100%2C300%2Cregular%2C700|font_style:700%20bold%20regular%3A700%3Anormal&#8221;][vc_empty_space][vc_column_text] Il y a des maximes qui nous reviennent parfois spontan\u00e9ment \u00e0 notre insu. En voil\u00e0 une\u00a0: \u00ab\u00a0le travail est un tr\u00e9sor\u00a0\u00bb. Celle-ci a ceci de singulier qu&#8217;elle convoque avec elle la fable du Laboureur et ses enfants dont elle est issue. La musique [&hellip;]\" \/>\n<meta property=\"og:url\" content=\"https:\/\/www.notrefrance.fr\/index.php\/positions-notre-francophonie\/\" \/>\n<meta property=\"og:site_name\" content=\"Notre France\" \/>\n<meta property=\"article:publisher\" content=\"https:\/\/www.facebook.com\/NotreFranceOfficiel\/\" \/>\n<meta name=\"twitter:card\" content=\"summary_large_image\" \/>\n<meta name=\"twitter:site\" content=\"@_notrefrance\" \/>\n<meta name=\"twitter:label1\" content=\"Dur\u00e9e de lecture estim\u00e9e\" \/>\n\t<meta name=\"twitter:data1\" content=\"4 minutes\" \/>\n<script type=\"application\/ld+json\" class=\"yoast-schema-graph\">{\"@context\":\"https:\\\/\\\/schema.org\",\"@graph\":[{\"@type\":\"WebPage\",\"@id\":\"https:\\\/\\\/www.notrefrance.fr\\\/index.php\\\/positions-notre-francophonie\\\/\",\"url\":\"https:\\\/\\\/www.notrefrance.fr\\\/index.php\\\/positions-notre-francophonie\\\/\",\"name\":\"Positions - Notre francophonie - Notre France\",\"isPartOf\":{\"@id\":\"https:\\\/\\\/www.notrefrance.fr\\\/#website\"},\"datePublished\":\"2018-04-06T17:35:22+00:00\",\"breadcrumb\":{\"@id\":\"https:\\\/\\\/www.notrefrance.fr\\\/index.php\\\/positions-notre-francophonie\\\/#breadcrumb\"},\"inLanguage\":\"fr-FR\",\"potentialAction\":[{\"@type\":\"ReadAction\",\"target\":[\"https:\\\/\\\/www.notrefrance.fr\\\/index.php\\\/positions-notre-francophonie\\\/\"]}]},{\"@type\":\"BreadcrumbList\",\"@id\":\"https:\\\/\\\/www.notrefrance.fr\\\/index.php\\\/positions-notre-francophonie\\\/#breadcrumb\",\"itemListElement\":[{\"@type\":\"ListItem\",\"position\":1,\"name\":\"Accueil\",\"item\":\"https:\\\/\\\/www.notrefrance.fr\\\/\"},{\"@type\":\"ListItem\",\"position\":2,\"name\":\"Positions &#8211; Notre francophonie\"}]},{\"@type\":\"WebSite\",\"@id\":\"https:\\\/\\\/www.notrefrance.fr\\\/#website\",\"url\":\"https:\\\/\\\/www.notrefrance.fr\\\/\",\"name\":\"Notre France\",\"description\":\"Notre France\",\"publisher\":{\"@id\":\"https:\\\/\\\/www.notrefrance.fr\\\/#organization\"},\"potentialAction\":[{\"@type\":\"SearchAction\",\"target\":{\"@type\":\"EntryPoint\",\"urlTemplate\":\"https:\\\/\\\/www.notrefrance.fr\\\/?s={search_term_string}\"},\"query-input\":{\"@type\":\"PropertyValueSpecification\",\"valueRequired\":true,\"valueName\":\"search_term_string\"}}],\"inLanguage\":\"fr-FR\"},{\"@type\":\"Organization\",\"@id\":\"https:\\\/\\\/www.notrefrance.fr\\\/#organization\",\"name\":\"Notre France\",\"url\":\"https:\\\/\\\/www.notrefrance.fr\\\/\",\"logo\":{\"@type\":\"ImageObject\",\"inLanguage\":\"fr-FR\",\"@id\":\"https:\\\/\\\/www.notrefrance.fr\\\/#\\\/schema\\\/logo\\\/image\\\/\",\"url\":\"https:\\\/\\\/www.notrefrance.fr\\\/wp-content\\\/uploads\\\/2015\\\/12\\\/cropped-Logo-Notre-France-512x512.png\",\"contentUrl\":\"https:\\\/\\\/www.notrefrance.fr\\\/wp-content\\\/uploads\\\/2015\\\/12\\\/cropped-Logo-Notre-France-512x512.png\",\"width\":512,\"height\":512,\"caption\":\"Notre France\"},\"image\":{\"@id\":\"https:\\\/\\\/www.notrefrance.fr\\\/#\\\/schema\\\/logo\\\/image\\\/\"},\"sameAs\":[\"https:\\\/\\\/www.facebook.com\\\/NotreFranceOfficiel\\\/\",\"https:\\\/\\\/x.com\\\/_notrefrance\",\"https:\\\/\\\/www.linkedin.com\\\/company\\\/notre-france\\\/\"]}]}<\/script>\n<!-- \/ Yoast SEO plugin. -->","yoast_head_json":{"title":"Positions - Notre francophonie - Notre France","robots":{"index":"index","follow":"follow","max-snippet":"max-snippet:-1","max-image-preview":"max-image-preview:large","max-video-preview":"max-video-preview:-1"},"canonical":"https:\/\/www.notrefrance.fr\/index.php\/positions-notre-francophonie\/","og_locale":"fr_FR","og_type":"article","og_title":"Positions - Notre francophonie - Notre France","og_description":"[vc_row][vc_column][vc_column_text]Retour \u00e0 nos prises de position[\/vc_column_text][vc_empty_space height=&#8221;36px&#8221;][\/vc_column][\/vc_row][vc_row][vc_column][vc_custom_heading text=&#8221;Notre francophonie !&#8221; font_container=&#8221;tag:h2|font_size:32|text_align:center|color:%2300148c&#8221; google_fonts=&#8221;font_family:Roboto%20Slab%3A100%2C300%2Cregular%2C700|font_style:700%20bold%20regular%3A700%3Anormal&#8221;][vc_empty_space][vc_column_text] Il y a des maximes qui nous reviennent parfois spontan\u00e9ment \u00e0 notre insu. En voil\u00e0 une\u00a0: \u00ab\u00a0le travail est un tr\u00e9sor\u00a0\u00bb. Celle-ci a ceci de singulier qu&#8217;elle convoque avec elle la fable du Laboureur et ses enfants dont elle est issue. La musique [&hellip;]","og_url":"https:\/\/www.notrefrance.fr\/index.php\/positions-notre-francophonie\/","og_site_name":"Notre France","article_publisher":"https:\/\/www.facebook.com\/NotreFranceOfficiel\/","twitter_card":"summary_large_image","twitter_site":"@_notrefrance","twitter_misc":{"Dur\u00e9e de lecture estim\u00e9e":"4 minutes"},"schema":{"@context":"https:\/\/schema.org","@graph":[{"@type":"WebPage","@id":"https:\/\/www.notrefrance.fr\/index.php\/positions-notre-francophonie\/","url":"https:\/\/www.notrefrance.fr\/index.php\/positions-notre-francophonie\/","name":"Positions - Notre francophonie - Notre France","isPartOf":{"@id":"https:\/\/www.notrefrance.fr\/#website"},"datePublished":"2018-04-06T17:35:22+00:00","breadcrumb":{"@id":"https:\/\/www.notrefrance.fr\/index.php\/positions-notre-francophonie\/#breadcrumb"},"inLanguage":"fr-FR","potentialAction":[{"@type":"ReadAction","target":["https:\/\/www.notrefrance.fr\/index.php\/positions-notre-francophonie\/"]}]},{"@type":"BreadcrumbList","@id":"https:\/\/www.notrefrance.fr\/index.php\/positions-notre-francophonie\/#breadcrumb","itemListElement":[{"@type":"ListItem","position":1,"name":"Accueil","item":"https:\/\/www.notrefrance.fr\/"},{"@type":"ListItem","position":2,"name":"Positions &#8211; Notre francophonie"}]},{"@type":"WebSite","@id":"https:\/\/www.notrefrance.fr\/#website","url":"https:\/\/www.notrefrance.fr\/","name":"Notre France","description":"Notre France","publisher":{"@id":"https:\/\/www.notrefrance.fr\/#organization"},"potentialAction":[{"@type":"SearchAction","target":{"@type":"EntryPoint","urlTemplate":"https:\/\/www.notrefrance.fr\/?s={search_term_string}"},"query-input":{"@type":"PropertyValueSpecification","valueRequired":true,"valueName":"search_term_string"}}],"inLanguage":"fr-FR"},{"@type":"Organization","@id":"https:\/\/www.notrefrance.fr\/#organization","name":"Notre France","url":"https:\/\/www.notrefrance.fr\/","logo":{"@type":"ImageObject","inLanguage":"fr-FR","@id":"https:\/\/www.notrefrance.fr\/#\/schema\/logo\/image\/","url":"https:\/\/www.notrefrance.fr\/wp-content\/uploads\/2015\/12\/cropped-Logo-Notre-France-512x512.png","contentUrl":"https:\/\/www.notrefrance.fr\/wp-content\/uploads\/2015\/12\/cropped-Logo-Notre-France-512x512.png","width":512,"height":512,"caption":"Notre France"},"image":{"@id":"https:\/\/www.notrefrance.fr\/#\/schema\/logo\/image\/"},"sameAs":["https:\/\/www.facebook.com\/NotreFranceOfficiel\/","https:\/\/x.com\/_notrefrance","https:\/\/www.linkedin.com\/company\/notre-france\/"]}]}},"_links":{"self":[{"href":"https:\/\/www.notrefrance.fr\/index.php\/wp-json\/wp\/v2\/pages\/4028","targetHints":{"allow":["GET"]}}],"collection":[{"href":"https:\/\/www.notrefrance.fr\/index.php\/wp-json\/wp\/v2\/pages"}],"about":[{"href":"https:\/\/www.notrefrance.fr\/index.php\/wp-json\/wp\/v2\/types\/page"}],"author":[{"embeddable":true,"href":"https:\/\/www.notrefrance.fr\/index.php\/wp-json\/wp\/v2\/users\/2"}],"replies":[{"embeddable":true,"href":"https:\/\/www.notrefrance.fr\/index.php\/wp-json\/wp\/v2\/comments?post=4028"}],"version-history":[{"count":1,"href":"https:\/\/www.notrefrance.fr\/index.php\/wp-json\/wp\/v2\/pages\/4028\/revisions"}],"predecessor-version":[{"id":4040,"href":"https:\/\/www.notrefrance.fr\/index.php\/wp-json\/wp\/v2\/pages\/4028\/revisions\/4040"}],"wp:attachment":[{"href":"https:\/\/www.notrefrance.fr\/index.php\/wp-json\/wp\/v2\/media?parent=4028"}],"curies":[{"name":"wp","href":"https:\/\/api.w.org\/{rel}","templated":true}]}}