{"id":4029,"date":"2018-04-06T19:37:12","date_gmt":"2018-04-06T17:37:12","guid":{"rendered":"http:\/\/notrefrance-mouv.fr\/?page_id=4029"},"modified":"2018-04-06T19:39:57","modified_gmt":"2018-04-06T17:39:57","slug":"positions-un-service-public-francais","status":"publish","type":"page","link":"https:\/\/www.notrefrance.fr\/index.php\/positions-un-service-public-francais\/","title":{"rendered":"Positions &#8211; Un service public fran\u00e7ais"},"content":{"rendered":"<p>[vc_row][vc_column][vc_column_text]<a href=\"http:\/\/notrefrance-mouv.fr\/index.php\/positions\/\"><span style=\"text-decoration: underline;\"><span style=\"font-size: 18pt;\">Retour \u00e0 nos prises de position<\/span><\/span><\/a>[\/vc_column_text][vc_empty_space height=&#8221;36px&#8221;][\/vc_column][\/vc_row][vc_row][vc_column][vc_custom_heading text=&#8221;Les Fran\u00e7ais veulent-ils encore d\u2019un service\u2026 public\u2026 fran\u00e7ais ?&#8221; font_container=&#8221;tag:h2|font_size:32|text_align:center|color:%2300148c&#8221; google_fonts=&#8221;font_family:Roboto%20Slab%3A100%2C300%2Cregular%2C700|font_style:700%20bold%20regular%3A700%3Anormal&#8221;][vc_empty_space][vc_column_text]<\/p>\n<p style=\"text-align: justify;\"><span style=\"font-size: 14pt;\">Les Fran\u00e7ais ont-ils encore le droit de d\u00e9cider de leur avenir, de ce qu&#8217;ils souhaitent ou ce qu&#8217;ils ne souhaitent pas (comme par exemple le CETA)\u00a0?<\/span><\/p>\n<p style=\"text-align: justify;\"><span style=\"font-size: 14pt;\">Ce qui est de plus en plus lassant en France, c&#8217;est que l&#8217;on se retranche toujours derri\u00e8re un soi-disant programme, ce pourquoi on a \u00e9t\u00e9 \u00e9lu. Bon admettons, mais est-ce bien cela la d\u00e9mocratie, surtout quand on nous l&#8217;a vendue comme \u00e9tant <span style=\"color: #00148c;\"><strong>ouverte et participative<\/strong><\/span>\u00a0!<\/span><\/p>\n<p style=\"text-align: justify;\"><span style=\"font-size: 14pt;\">Je crois bon de rappeler que ceux qui ont r\u00e9ellement adh\u00e9r\u00e9 au projet du candidat Macron lors des derni\u00e8res pr\u00e9sidentielles, sont pr\u00e9cis\u00e9ment ceux qui ont vot\u00e9 pour lui au premier tour, soit <span style=\"color: #00148c;\"><strong>18,19 %<\/strong><strong> des inscrits<\/strong><\/span>.<\/span><\/p>\n<p style=\"text-align: justify;\"><span style=\"font-size: 14pt;\">Le second tour \u00e9tant un agglom\u00e9rat confus de pseudos adh\u00e9sions ou rejets de l\u2019autre candidat, permettant de d\u00e9gager une \u00ab\u00a0majorit\u00e9\u00a0\u00bb au sens de notre V\u00e8me R\u00e9publique.\u00a0\u00a0\u00a0\u00a0\u00a0\u00a0\u00a0\u00a0\u00a0<\/span><\/p>\n<p style=\"text-align: justify;\"><span style=\"font-size: 14pt;\">Nous sommes donc tr\u00e8s loin d&#8217;un engouement de masse, et d&#8217;une adh\u00e9sion totale au projet du \u00ab\u00a0en m\u00eame temps\u00a0\u00bb. De ce fait, l\u2019\u00c9tat LREM devrait se faire humble en mati\u00e8re de revendications l\u00e9gitimaires.<\/span><\/p>\n<p style=\"text-align: justify;\"><span style=\"font-size: 14pt;\"><span style=\"color: #00148c;\"><strong>Pour ce qui concerne l&#8217;avenir de la SNCF<\/strong><\/span>, c&#8217;est vers l&#8217;Europe qu&#8217;il faut se retourner car c&#8217;est elle qui est \u00e0 l&#8217;origine de ce projet (2001-2016, merci Mitterrand !).<\/span><\/p>\n<p style=\"text-align: justify;\"><span style=\"font-size: 14pt;\">Elle a donc donn\u00e9 le jour \u00e0 quatre paquets\u00a0ferroviaires (sic) permettant de distinguer la partie fret, de la partie transport de voyageurs, et ce afin d&#8217;ouvrir ces march\u00e9s \u00e0 la concurrence (\u00e9trang\u00e8re, aussi et surtout&#8230;)\u00a0! <strong><span style=\"color: #00148c;\">En voulons-nous<\/span>\u00a0<\/strong>?<\/span><\/p>\n<p style=\"text-align: justify;\"><span style=\"font-size: 14pt;\">Sur de tels sujets, la solution ne serait-elle pas de poser clairement la<strong><span style=\"color: #00148c;\"> question aux fran\u00e7ais\u00a0gr\u00e2ce au r\u00e9f\u00e9rendum<\/span> <\/strong>?<\/span><\/p>\n<p style=\"text-align: justify;\"><span style=\"font-size: 14pt; color: #00148c;\"><strong>A\u00a0 <\/strong><strong><a style=\"color: #00148c;\" href=\"http:\/\/notrefrance-mouv.fr\/\">notrefrance-mouv.fr<\/a><\/strong><strong>, c&#8217;est ce que nous pr\u00f4nons\u00a0!<\/strong><\/span><\/p>\n<p style=\"text-align: justify;\"><span style=\"font-size: 14pt;\">Voulons-nous ou pas d&#8217;un <span style=\"color: #00148c;\"><strong>service public \u00e0 la fran\u00e7aise<\/strong><\/span> ?<\/span><\/p>\n<p style=\"text-align: justify;\"><span style=\"font-size: 14pt;\">Souhaitons-nous ou pas <span style=\"color: #00148c;\"><strong>brader notre capital ferroviaire<\/strong><\/span>\u00a0?<\/span><\/p>\n<p style=\"text-align: justify;\"><span style=\"font-size: 14pt;\">Plus largement encore\u00a0:<\/span><\/p>\n<p style=\"text-align: justify;\"><span style=\"font-size: 14pt;\">Souhaitons-nous une Union Europ\u00e9enne, \u00ab\u00a0f\u00e9d\u00e9raliste\u00a0\u00bb, qui d\u00e9cide de tout en notre nom ou bien voulons-nous passer \u00e0 une <span style=\"color: #00148c;\"><strong>Europe de la coop\u00e9ration entre les Nations<\/strong><\/span>\u00a0pour \u00eatre ma\u00eetres de notre destin ?<\/span><\/p>\n<p style=\"text-align: justify;\"><span style=\"font-size: 14pt;\">Enfin, ne faudrait-il pas <span style=\"color: #00148c;\"><strong>interroger le peuple fran\u00e7ais<\/strong><\/span> chaque fois que n\u00e9cessaire sur les questions relatives \u00e0 l&#8217;avenir de notre pays et <span style=\"color: #00148c;\"><strong>s&#8217;obliger \u00e0 en respecter le r\u00e9sultat<\/strong><\/span>\u00a0?<\/span><\/p>\n<p style=\"text-align: justify;\"><span style=\"font-size: 14pt;\"><span style=\"color: #00148c;\"><strong>Et vous qu&#8217;en pensez-vous\u00a0?<\/strong><\/span> Donnez-nous <span style=\"color: #00148c;\"><strong>votre avis<\/strong><\/span> dans les commentaires.<\/span><\/p>\n<p>&nbsp;<\/p>\n<p style=\"text-align: right;\"><strong><span style=\"font-size: 14pt;\">Pierrick Bavouzet<\/span><\/strong><\/p>\n<p>[\/vc_column_text][vc_empty_space height=&#8221;16px&#8221;][tt_section_title title_alignment=&#8221;text-center&#8221; title_color_option=&#8221;custom-color&#8221; title=&#8221;Laisser un commentaire&#8221; title_color=&#8221;#414141&#8243;][\/tt_section_title]\n<div class=\"wpcf7 no-js\" id=\"wpcf7-f3881-o1\" lang=\"en-US\" dir=\"ltr\" data-wpcf7-id=\"3881\">\n<div class=\"screen-reader-response\"><p role=\"status\" aria-live=\"polite\" aria-atomic=\"true\"><\/p> <ul><\/ul><\/div>\n<form action=\"\/index.php\/wp-json\/wp\/v2\/pages\/4029#wpcf7-f3881-o1\" method=\"post\" class=\"wpcf7-form init\" aria-label=\"Contact form\" novalidate=\"novalidate\" data-status=\"init\">\n<fieldset class=\"hidden-fields-container\"><input type=\"hidden\" name=\"_wpcf7\" value=\"3881\" \/><input type=\"hidden\" name=\"_wpcf7_version\" value=\"6.1.5\" \/><input type=\"hidden\" name=\"_wpcf7_locale\" value=\"en_US\" \/><input type=\"hidden\" name=\"_wpcf7_unit_tag\" value=\"wpcf7-f3881-o1\" \/><input type=\"hidden\" name=\"_wpcf7_container_post\" value=\"0\" \/><input type=\"hidden\" name=\"_wpcf7_posted_data_hash\" value=\"\" \/><input type=\"hidden\" name=\"_wpcf7cf_hidden_group_fields\" value=\"[]\" \/><input type=\"hidden\" name=\"_wpcf7cf_hidden_groups\" value=\"[]\" \/><input type=\"hidden\" name=\"_wpcf7cf_visible_groups\" value=\"[]\" \/><input type=\"hidden\" name=\"_wpcf7cf_repeaters\" value=\"[]\" \/><input type=\"hidden\" name=\"_wpcf7cf_steps\" value=\"{}\" \/><input type=\"hidden\" name=\"_wpcf7cf_options\" value=\"{&quot;form_id&quot;:3881,&quot;conditions&quot;:[],&quot;settings&quot;:{&quot;animation&quot;:&quot;yes&quot;,&quot;animation_intime&quot;:200,&quot;animation_outtime&quot;:200,&quot;conditions_ui&quot;:&quot;normal&quot;,&quot;notice_dismissed&quot;:false}}\" \/><input type=\"hidden\" name=\"_wpcf7_recaptcha_response\" value=\"\" \/>\n<\/fieldset>\n<div class=\"row\">\n\t<div class=\"col-sm-5\">\n\t\t<div class=\"form-group\">\n\t\t\t<p><label class=\"sr-only\" for=\"cfname\">Name<\/label><span class=\"wpcf7-form-control-wrap\" data-name=\"nom\"><input size=\"40\" maxlength=\"400\" class=\"wpcf7-form-control wpcf7-text wpcf7-validates-as-required form-control\" id=\"cfname\" aria-required=\"true\" aria-invalid=\"false\" placeholder=\"Pr\u00e9nom, Nom\" value=\"\" type=\"text\" name=\"nom\" \/><\/span>\n\t\t\t<\/p>\n\t\t<\/div>\n\t<\/div>\n\t<div class=\"col-sm-7\">\n\t\t<div class=\"form-group\">\n\t\t\t<p><label class=\"sr-only\" for=\"cfemail\">Email<\/label><span class=\"wpcf7-form-control-wrap\" data-name=\"courriel\"><input size=\"40\" maxlength=\"400\" class=\"wpcf7-form-control wpcf7-email wpcf7-validates-as-required wpcf7-text wpcf7-validates-as-email form-control\" id=\"cfemail\" aria-required=\"true\" aria-invalid=\"false\" placeholder=\"Adresse courriel\" value=\"\" type=\"email\" name=\"courriel\" \/><\/span>\n\t\t\t<\/p>\n\t\t<\/div>\n\t<\/div>\n<\/div>\n<div class=\"form-group\">\n\t<p><label class=\"sr-only\" for=\"cfmessage\">Message<\/label><span class=\"wpcf7-form-control-wrap\" data-name=\"message\"><textarea cols=\"40\" rows=\"10\" maxlength=\"2000\" class=\"wpcf7-form-control wpcf7-textarea wpcf7-validates-as-required form-control\" id=\"cfmessage\" aria-required=\"true\" aria-invalid=\"false\" placeholder=\"Laisser un commentaire\" name=\"message\"><\/textarea><\/span>\n\t<\/p>\n<\/div>\n<p><input class=\"wpcf7-form-control wpcf7-submit has-spinner btn btn-primary btn-lg\" type=\"submit\" value=\"Envoyer\" \/>\n<\/p><p style=\"display: none !important;\" class=\"akismet-fields-container\" data-prefix=\"_wpcf7_ak_\"><label>&#916;<textarea name=\"_wpcf7_ak_hp_textarea\" cols=\"45\" rows=\"8\" maxlength=\"100\"><\/textarea><\/label><input type=\"hidden\" id=\"ak_js_1\" name=\"_wpcf7_ak_js\" value=\"93\"\/><script>document.getElementById( \"ak_js_1\" ).setAttribute( \"value\", ( new Date() ).getTime() );<\/script><\/p><div class=\"wpcf7-response-output\" aria-hidden=\"true\"><\/div>\n<\/form>\n<\/div>\n[vc_empty_space][\/vc_column][\/vc_row]<\/p>\n","protected":false},"excerpt":{"rendered":"<p>[vc_row][vc_column][vc_column_text]Retour \u00e0 nos prises de position[\/vc_column_text][vc_empty_space height=&#8221;36px&#8221;][\/vc_column][\/vc_row][vc_row][vc_column][vc_custom_heading text=&#8221;Les Fran\u00e7ais veulent-ils encore d\u2019un service\u2026 public\u2026 fran\u00e7ais ?&#8221; font_container=&#8221;tag:h2|font_size:32|text_align:center|color:%2300148c&#8221; google_fonts=&#8221;font_family:Roboto%20Slab%3A100%2C300%2Cregular%2C700|font_style:700%20bold%20regular%3A700%3Anormal&#8221;][vc_empty_space][vc_column_text] Les Fran\u00e7ais ont-ils encore le droit de d\u00e9cider de leur avenir, de ce qu&#8217;ils souhaitent ou ce qu&#8217;ils ne souhaitent pas (comme par exemple le CETA)\u00a0? Ce qui est de plus en plus lassant en France, c&#8217;est [&hellip;]<\/p>\n","protected":false},"author":2,"featured_media":0,"parent":0,"menu_order":0,"comment_status":"closed","ping_status":"closed","template":"page-templates\/page-no-sidebar.php","meta":{"footnotes":""},"class_list":["post-4029","page","type-page","status-publish","hentry"],"yoast_head":"<!-- This site is optimized with the Yoast SEO plugin v27.3 - https:\/\/yoast.com\/product\/yoast-seo-wordpress\/ -->\n<title>Positions - Un service public fran\u00e7ais - Notre France<\/title>\n<meta name=\"robots\" content=\"index, follow, max-snippet:-1, max-image-preview:large, max-video-preview:-1\" \/>\n<link rel=\"canonical\" href=\"https:\/\/www.notrefrance.fr\/index.php\/positions-un-service-public-francais\/\" \/>\n<meta property=\"og:locale\" content=\"fr_FR\" \/>\n<meta property=\"og:type\" content=\"article\" \/>\n<meta property=\"og:title\" content=\"Positions - Un service public fran\u00e7ais - Notre France\" \/>\n<meta property=\"og:description\" content=\"[vc_row][vc_column][vc_column_text]Retour \u00e0 nos prises de position[\/vc_column_text][vc_empty_space height=&#8221;36px&#8221;][\/vc_column][\/vc_row][vc_row][vc_column][vc_custom_heading text=&#8221;Les Fran\u00e7ais veulent-ils encore d\u2019un service\u2026 public\u2026 fran\u00e7ais ?&#8221; font_container=&#8221;tag:h2|font_size:32|text_align:center|color:%2300148c&#8221; google_fonts=&#8221;font_family:Roboto%20Slab%3A100%2C300%2Cregular%2C700|font_style:700%20bold%20regular%3A700%3Anormal&#8221;][vc_empty_space][vc_column_text] Les Fran\u00e7ais ont-ils encore le droit de d\u00e9cider de leur avenir, de ce qu&#8217;ils souhaitent ou ce qu&#8217;ils ne souhaitent pas (comme par exemple le CETA)\u00a0? Ce qui est de plus en plus lassant en France, c&#8217;est [&hellip;]\" \/>\n<meta property=\"og:url\" content=\"https:\/\/www.notrefrance.fr\/index.php\/positions-un-service-public-francais\/\" \/>\n<meta property=\"og:site_name\" content=\"Notre France\" \/>\n<meta property=\"article:publisher\" content=\"https:\/\/www.facebook.com\/NotreFranceOfficiel\/\" \/>\n<meta property=\"article:modified_time\" content=\"2018-04-06T17:39:57+00:00\" \/>\n<meta name=\"twitter:card\" content=\"summary_large_image\" \/>\n<meta name=\"twitter:site\" content=\"@_notrefrance\" \/>\n<meta name=\"twitter:label1\" content=\"Dur\u00e9e de lecture estim\u00e9e\" \/>\n\t<meta name=\"twitter:data1\" content=\"2 minutes\" \/>\n<script type=\"application\/ld+json\" class=\"yoast-schema-graph\">{\"@context\":\"https:\\\/\\\/schema.org\",\"@graph\":[{\"@type\":\"WebPage\",\"@id\":\"https:\\\/\\\/www.notrefrance.fr\\\/index.php\\\/positions-un-service-public-francais\\\/\",\"url\":\"https:\\\/\\\/www.notrefrance.fr\\\/index.php\\\/positions-un-service-public-francais\\\/\",\"name\":\"Positions - Un service public fran\u00e7ais - Notre France\",\"isPartOf\":{\"@id\":\"https:\\\/\\\/www.notrefrance.fr\\\/#website\"},\"datePublished\":\"2018-04-06T17:37:12+00:00\",\"dateModified\":\"2018-04-06T17:39:57+00:00\",\"breadcrumb\":{\"@id\":\"https:\\\/\\\/www.notrefrance.fr\\\/index.php\\\/positions-un-service-public-francais\\\/#breadcrumb\"},\"inLanguage\":\"fr-FR\",\"potentialAction\":[{\"@type\":\"ReadAction\",\"target\":[\"https:\\\/\\\/www.notrefrance.fr\\\/index.php\\\/positions-un-service-public-francais\\\/\"]}]},{\"@type\":\"BreadcrumbList\",\"@id\":\"https:\\\/\\\/www.notrefrance.fr\\\/index.php\\\/positions-un-service-public-francais\\\/#breadcrumb\",\"itemListElement\":[{\"@type\":\"ListItem\",\"position\":1,\"name\":\"Accueil\",\"item\":\"https:\\\/\\\/www.notrefrance.fr\\\/\"},{\"@type\":\"ListItem\",\"position\":2,\"name\":\"Positions &#8211; Un service public fran\u00e7ais\"}]},{\"@type\":\"WebSite\",\"@id\":\"https:\\\/\\\/www.notrefrance.fr\\\/#website\",\"url\":\"https:\\\/\\\/www.notrefrance.fr\\\/\",\"name\":\"Notre France\",\"description\":\"Notre France\",\"publisher\":{\"@id\":\"https:\\\/\\\/www.notrefrance.fr\\\/#organization\"},\"potentialAction\":[{\"@type\":\"SearchAction\",\"target\":{\"@type\":\"EntryPoint\",\"urlTemplate\":\"https:\\\/\\\/www.notrefrance.fr\\\/?s={search_term_string}\"},\"query-input\":{\"@type\":\"PropertyValueSpecification\",\"valueRequired\":true,\"valueName\":\"search_term_string\"}}],\"inLanguage\":\"fr-FR\"},{\"@type\":\"Organization\",\"@id\":\"https:\\\/\\\/www.notrefrance.fr\\\/#organization\",\"name\":\"Notre France\",\"url\":\"https:\\\/\\\/www.notrefrance.fr\\\/\",\"logo\":{\"@type\":\"ImageObject\",\"inLanguage\":\"fr-FR\",\"@id\":\"https:\\\/\\\/www.notrefrance.fr\\\/#\\\/schema\\\/logo\\\/image\\\/\",\"url\":\"https:\\\/\\\/www.notrefrance.fr\\\/wp-content\\\/uploads\\\/2015\\\/12\\\/cropped-Logo-Notre-France-512x512.png\",\"contentUrl\":\"https:\\\/\\\/www.notrefrance.fr\\\/wp-content\\\/uploads\\\/2015\\\/12\\\/cropped-Logo-Notre-France-512x512.png\",\"width\":512,\"height\":512,\"caption\":\"Notre France\"},\"image\":{\"@id\":\"https:\\\/\\\/www.notrefrance.fr\\\/#\\\/schema\\\/logo\\\/image\\\/\"},\"sameAs\":[\"https:\\\/\\\/www.facebook.com\\\/NotreFranceOfficiel\\\/\",\"https:\\\/\\\/x.com\\\/_notrefrance\",\"https:\\\/\\\/www.linkedin.com\\\/company\\\/notre-france\\\/\"]}]}<\/script>\n<!-- \/ Yoast SEO plugin. -->","yoast_head_json":{"title":"Positions - Un service public fran\u00e7ais - Notre France","robots":{"index":"index","follow":"follow","max-snippet":"max-snippet:-1","max-image-preview":"max-image-preview:large","max-video-preview":"max-video-preview:-1"},"canonical":"https:\/\/www.notrefrance.fr\/index.php\/positions-un-service-public-francais\/","og_locale":"fr_FR","og_type":"article","og_title":"Positions - Un service public fran\u00e7ais - Notre France","og_description":"[vc_row][vc_column][vc_column_text]Retour \u00e0 nos prises de position[\/vc_column_text][vc_empty_space height=&#8221;36px&#8221;][\/vc_column][\/vc_row][vc_row][vc_column][vc_custom_heading text=&#8221;Les Fran\u00e7ais veulent-ils encore d\u2019un service\u2026 public\u2026 fran\u00e7ais ?&#8221; font_container=&#8221;tag:h2|font_size:32|text_align:center|color:%2300148c&#8221; google_fonts=&#8221;font_family:Roboto%20Slab%3A100%2C300%2Cregular%2C700|font_style:700%20bold%20regular%3A700%3Anormal&#8221;][vc_empty_space][vc_column_text] Les Fran\u00e7ais ont-ils encore le droit de d\u00e9cider de leur avenir, de ce qu&#8217;ils souhaitent ou ce qu&#8217;ils ne souhaitent pas (comme par exemple le CETA)\u00a0? Ce qui est de plus en plus lassant en France, c&#8217;est [&hellip;]","og_url":"https:\/\/www.notrefrance.fr\/index.php\/positions-un-service-public-francais\/","og_site_name":"Notre France","article_publisher":"https:\/\/www.facebook.com\/NotreFranceOfficiel\/","article_modified_time":"2018-04-06T17:39:57+00:00","twitter_card":"summary_large_image","twitter_site":"@_notrefrance","twitter_misc":{"Dur\u00e9e de lecture estim\u00e9e":"2 minutes"},"schema":{"@context":"https:\/\/schema.org","@graph":[{"@type":"WebPage","@id":"https:\/\/www.notrefrance.fr\/index.php\/positions-un-service-public-francais\/","url":"https:\/\/www.notrefrance.fr\/index.php\/positions-un-service-public-francais\/","name":"Positions - Un service public fran\u00e7ais - Notre France","isPartOf":{"@id":"https:\/\/www.notrefrance.fr\/#website"},"datePublished":"2018-04-06T17:37:12+00:00","dateModified":"2018-04-06T17:39:57+00:00","breadcrumb":{"@id":"https:\/\/www.notrefrance.fr\/index.php\/positions-un-service-public-francais\/#breadcrumb"},"inLanguage":"fr-FR","potentialAction":[{"@type":"ReadAction","target":["https:\/\/www.notrefrance.fr\/index.php\/positions-un-service-public-francais\/"]}]},{"@type":"BreadcrumbList","@id":"https:\/\/www.notrefrance.fr\/index.php\/positions-un-service-public-francais\/#breadcrumb","itemListElement":[{"@type":"ListItem","position":1,"name":"Accueil","item":"https:\/\/www.notrefrance.fr\/"},{"@type":"ListItem","position":2,"name":"Positions &#8211; Un service public fran\u00e7ais"}]},{"@type":"WebSite","@id":"https:\/\/www.notrefrance.fr\/#website","url":"https:\/\/www.notrefrance.fr\/","name":"Notre France","description":"Notre France","publisher":{"@id":"https:\/\/www.notrefrance.fr\/#organization"},"potentialAction":[{"@type":"SearchAction","target":{"@type":"EntryPoint","urlTemplate":"https:\/\/www.notrefrance.fr\/?s={search_term_string}"},"query-input":{"@type":"PropertyValueSpecification","valueRequired":true,"valueName":"search_term_string"}}],"inLanguage":"fr-FR"},{"@type":"Organization","@id":"https:\/\/www.notrefrance.fr\/#organization","name":"Notre France","url":"https:\/\/www.notrefrance.fr\/","logo":{"@type":"ImageObject","inLanguage":"fr-FR","@id":"https:\/\/www.notrefrance.fr\/#\/schema\/logo\/image\/","url":"https:\/\/www.notrefrance.fr\/wp-content\/uploads\/2015\/12\/cropped-Logo-Notre-France-512x512.png","contentUrl":"https:\/\/www.notrefrance.fr\/wp-content\/uploads\/2015\/12\/cropped-Logo-Notre-France-512x512.png","width":512,"height":512,"caption":"Notre France"},"image":{"@id":"https:\/\/www.notrefrance.fr\/#\/schema\/logo\/image\/"},"sameAs":["https:\/\/www.facebook.com\/NotreFranceOfficiel\/","https:\/\/x.com\/_notrefrance","https:\/\/www.linkedin.com\/company\/notre-france\/"]}]}},"_links":{"self":[{"href":"https:\/\/www.notrefrance.fr\/index.php\/wp-json\/wp\/v2\/pages\/4029","targetHints":{"allow":["GET"]}}],"collection":[{"href":"https:\/\/www.notrefrance.fr\/index.php\/wp-json\/wp\/v2\/pages"}],"about":[{"href":"https:\/\/www.notrefrance.fr\/index.php\/wp-json\/wp\/v2\/types\/page"}],"author":[{"embeddable":true,"href":"https:\/\/www.notrefrance.fr\/index.php\/wp-json\/wp\/v2\/users\/2"}],"replies":[{"embeddable":true,"href":"https:\/\/www.notrefrance.fr\/index.php\/wp-json\/wp\/v2\/comments?post=4029"}],"version-history":[{"count":1,"href":"https:\/\/www.notrefrance.fr\/index.php\/wp-json\/wp\/v2\/pages\/4029\/revisions"}],"predecessor-version":[{"id":4041,"href":"https:\/\/www.notrefrance.fr\/index.php\/wp-json\/wp\/v2\/pages\/4029\/revisions\/4041"}],"wp:attachment":[{"href":"https:\/\/www.notrefrance.fr\/index.php\/wp-json\/wp\/v2\/media?parent=4029"}],"curies":[{"name":"wp","href":"https:\/\/api.w.org\/{rel}","templated":true}]}}