{"id":4087,"date":"2018-06-04T16:57:29","date_gmt":"2018-06-04T14:57:29","guid":{"rendered":"http:\/\/notrefrance-mouv.fr\/?page_id=4087"},"modified":"2018-06-04T17:25:24","modified_gmt":"2018-06-04T15:25:24","slug":"le-libre-echange","status":"publish","type":"page","link":"https:\/\/www.notrefrance.fr\/index.php\/le-libre-echange\/","title":{"rendered":"Positions &#8211; Le libre-\u00e9change"},"content":{"rendered":"<p>[vc_row][vc_column][vc_column_text]<span style=\"text-decoration: underline;\"><a href=\"http:\/\/notrefrance-mouv.fr\/index.php\/positions\/\"><span style=\"font-size: 18pt;\">Retour \u00e0 nos prises de position<\/span><\/a><\/span>[\/vc_column_text][vc_empty_space height=&#8221;36px&#8221;][\/vc_column][\/vc_row][vc_row][vc_column][vc_custom_heading text=&#8221;Le libre-\u00e9change, religion officielle des gouvernements europ\u00e9ens&#8221; font_container=&#8221;tag:h2|font_size:32|text_align:center|color:%2300148c&#8221; google_fonts=&#8221;font_family:Roboto%20Slab%3A100%2C300%2Cregular%2C700|font_style:700%20bold%20regular%3A700%3Anormal&#8221;][vc_empty_space][vc_column_text]<span style=\"font-size: 14pt;\">Le 22 mai dernier, les ministres du Commerce des pays membres de l\u2019Union europ\u00e9enne ont convenu que les futurs accords commerciaux devaient d\u00e9sormais se r\u00e9aliser sans l\u2019aval des parlements nationaux. Cette d\u00e9cision prise en catimini dans l\u2019ambiance feutr\u00e9e des bureaux bruxellois montre une fois encore que les principaux dirigeants europ\u00e9ens s\u2019\u00e9loignent toujours davantage de leurs peuples qui les ont pourtant \u00e9lus.<\/span><\/p>\n<p>&nbsp;<\/p>\n<p><span style=\"font-size: 18pt; color: #00148c;\"><strong>Du CETA \u00e0 la sacralisation de la d\u00e9r\u00e9glementation du libre-\u00e9change<\/strong><\/span><\/p>\n<p><span style=\"font-size: 14pt;\">Les difficult\u00e9s de la commission europ\u00e9enne \u00e0 imposer le CETA sont la cause directe d\u2019une telle inflexion dans la gouvernance europ\u00e9enne. La r\u00e9sistance du parlement wallon en 2016, petit caillou dans la chaussure des technocrates europ\u00e9ens, \u00e9tait l\u00e0 pour rappeler que la d\u00e9mocratie \u00e9tait bien g\u00eanante lorsqu\u2019il s\u2019agissait de satisfaire des int\u00e9r\u00eats priv\u00e9s. En effet, outre les abaissements des droits de douane \u00e0 destination des produits de l\u2019\u00e9levage canadien, qui ne respectent ni les normes sanitaires, ni les normes environnementales des pays europ\u00e9ens. Cette opposition \u00e0 la norme et \u00e0 la loi des \u00c9tats souverains, dernier rempart pour prot\u00e9ger les citoyens, caract\u00e9rise avant tout le CETA. D\u00e9sormais, les grandes multinationales peuvent attaquer devant un tribunal arbitral les administrations publiques dont les lois entraveraient leur d\u00e9veloppement \u00e9conomique. Le probl\u00e8me n\u2019est donc pas seulement \u00e9conomique, mais aussi politique, avec le risque de voir se d\u00e9velopper de v\u00e9ritables \u00c9tats parall\u00e8les ou encore une d\u00e9r\u00e9glementation g\u00e9n\u00e9ralis\u00e9e qui toucherait l\u2019ensemble des agents \u00e9conomiques y compris les services publics. Mais, m\u00eame si le CETA a \u00e9t\u00e9 adopt\u00e9, la r\u00e9ticence wallonne \u00e9tait pour la technocratie bruxelloise un douloureux rappel qu\u2019il existait encore une respiration d\u00e9mocratique sur le continent europ\u00e9en.<\/span><\/p>\n<p>&nbsp;<\/p>\n<p><span style=\"font-size: 18pt; color: #00148c;\"><strong>Apr\u00e8s la d\u00e9mocratie<\/strong><\/span><\/p>\n<p><span style=\"font-size: 14pt;\">En d\u00e9poss\u00e9dant les parlements nationaux de tout pouvoir sur les prises de d\u00e9cision commerciales structurelles, les ministres du Commerce de l\u2019UE d\u00e9poss\u00e8dent ainsi d\u00e9finitivement les peuples d\u2019un droit de regard sur la politique g\u00e9n\u00e9rale de l\u2019Union europ\u00e9enne. Il convient au passage de signaler que cette d\u00e9cision \u00e9mane de repr\u00e9sentants de gouvernements \u00e9lus qui ne repr\u00e9sentent pas ici l\u2019int\u00e9r\u00eat g\u00e9n\u00e9ral mais se soumettent au diktat des int\u00e9r\u00eats de quelques lobbys. En effet, cet ach\u00e8vement d\u00e9finitif du processus commenc\u00e9 en 1986 avec l\u2019Acte Unique fige dans le marbre les principes du libre-\u00e9change et de la d\u00e9r\u00e9glementation, dans une sorte de fin de l\u2019Histoire post-d\u00e9mocratique. Or, quand bien m\u00eame ces trait\u00e9s de libre-\u00e9change seraient utiles pour les citoyens europ\u00e9ens (ce qui n\u2019est pas le cas, le CETA allant par exemple \u00e0 rebours de l\u2019imp\u00e9ratif de protection des agriculteurs, des fonctionnaires et des employ\u00e9s), leur adoption en-dehors de tout d\u00e9bat d\u00e9mocratique serait moralement inacceptable. Comment peut-on donner des le\u00e7ons de d\u00e9mocratie aux Russes, aux Turcs ou aux Iraniens, quand on n\u2019est pas capable d\u2019avoir un d\u00e9bat politique serein sur le choix de politique commerciale du continent europ\u00e9en\u00a0?<\/span><\/p>\n<p><span style=\"font-size: 14pt;\">L\u2019exemple russe montre d\u2019ailleurs toutes les incoh\u00e9rences de la politique commerciale de l\u2019UE, qui impose d\u2019un c\u00f4t\u00e9 un libre-\u00e9change mortif\u00e8re avec certains pays et, d\u2019un autre c\u00f4t\u00e9, limite envers et contre tout les \u00e9changes avec notre voisin qu\u2019est la Russie. L\u2019embargo russe, qui est une r\u00e9action au r\u00e9gime des sanctions initi\u00e9 par l\u2019UE en mars 2014, a pes\u00e9 lourdement sur le secteur agricole en termes de pertes de march\u00e9 \u00e0 l\u2019export. On voit bien ici le caract\u00e8re id\u00e9ologique qui pr\u00e9side aux orientations de politique commerciale et douani\u00e8re de la part des dirigeants europ\u00e9ens.<\/span><\/p>\n<p>&nbsp;<\/p>\n<p><span style=\"font-size: 18pt; color: #00148c;\"><strong>A quoi sert le politique\u00a0?<\/strong><\/span><\/p>\n<p><span style=\"font-size: 14pt;\">Se laver les mains comme Ponce-Pilate et laisser les mains libres aux technocrates soumis aux lobbys pour n\u00e9gocier les accords commerciaux \u00e0 venir, voil\u00e0 qui interroge sur ce qu\u2019est devenu le politique. Alors que ce dernier devrait \u00eatre, comme dans toutes les autres r\u00e9gions du monde, un r\u00e9gulateur des flux \u00e9conomiques, par un protectionnisme raisonnable et pragmatique, mais bien r\u00e9el, il semble au contraire que la loi du march\u00e9 ait pris le pas sur la loi des \u00c9tats. Ceci concourt \u00e0 la mont\u00e9e globale des populismes en Europe, dont l\u2019Italie nous fournit un exemple r\u00e9cent.<\/span><\/p>\n<p><span style=\"font-size: 14pt;\">Voil\u00e0 pourquoi, plus que jamais, la France a besoin d\u2019une alternative politique raisonnable, qui puisse redonner une consistance et un sens \u00e0 l\u2019action politique, sans verser dans la rh\u00e9torique excessive des populistes. Notre France propose cette alternative.<\/span>[\/vc_column_text][vc_empty_space height=&#8221;16px&#8221;][tt_section_title title_alignment=&#8221;text-center&#8221; title_color_option=&#8221;custom-color&#8221; title=&#8221;Laisser un commentaire&#8221; title_color=&#8221;#414141&#8243;][\/tt_section_title]\n<div class=\"wpcf7 no-js\" id=\"wpcf7-f3881-o1\" lang=\"en-US\" dir=\"ltr\" data-wpcf7-id=\"3881\">\n<div class=\"screen-reader-response\"><p role=\"status\" aria-live=\"polite\" aria-atomic=\"true\"><\/p> <ul><\/ul><\/div>\n<form action=\"\/index.php\/wp-json\/wp\/v2\/pages\/4087#wpcf7-f3881-o1\" method=\"post\" class=\"wpcf7-form init\" aria-label=\"Contact form\" novalidate=\"novalidate\" data-status=\"init\">\n<fieldset class=\"hidden-fields-container\"><input type=\"hidden\" name=\"_wpcf7\" value=\"3881\" \/><input type=\"hidden\" name=\"_wpcf7_version\" value=\"6.1.5\" \/><input type=\"hidden\" name=\"_wpcf7_locale\" value=\"en_US\" \/><input type=\"hidden\" name=\"_wpcf7_unit_tag\" value=\"wpcf7-f3881-o1\" \/><input type=\"hidden\" name=\"_wpcf7_container_post\" value=\"0\" \/><input type=\"hidden\" name=\"_wpcf7_posted_data_hash\" value=\"\" \/><input type=\"hidden\" name=\"_wpcf7cf_hidden_group_fields\" value=\"[]\" \/><input type=\"hidden\" name=\"_wpcf7cf_hidden_groups\" value=\"[]\" \/><input type=\"hidden\" name=\"_wpcf7cf_visible_groups\" value=\"[]\" \/><input type=\"hidden\" name=\"_wpcf7cf_repeaters\" value=\"[]\" \/><input type=\"hidden\" name=\"_wpcf7cf_steps\" value=\"{}\" \/><input type=\"hidden\" name=\"_wpcf7cf_options\" value=\"{&quot;form_id&quot;:3881,&quot;conditions&quot;:[],&quot;settings&quot;:{&quot;animation&quot;:&quot;yes&quot;,&quot;animation_intime&quot;:200,&quot;animation_outtime&quot;:200,&quot;conditions_ui&quot;:&quot;normal&quot;,&quot;notice_dismissed&quot;:false}}\" \/><input type=\"hidden\" name=\"_wpcf7_recaptcha_response\" value=\"\" \/>\n<\/fieldset>\n<div class=\"row\">\n\t<div class=\"col-sm-5\">\n\t\t<div class=\"form-group\">\n\t\t\t<p><label class=\"sr-only\" for=\"cfname\">Name<\/label><span class=\"wpcf7-form-control-wrap\" data-name=\"nom\"><input size=\"40\" maxlength=\"400\" class=\"wpcf7-form-control wpcf7-text wpcf7-validates-as-required form-control\" id=\"cfname\" aria-required=\"true\" aria-invalid=\"false\" placeholder=\"Pr\u00e9nom, Nom\" value=\"\" type=\"text\" name=\"nom\" \/><\/span>\n\t\t\t<\/p>\n\t\t<\/div>\n\t<\/div>\n\t<div class=\"col-sm-7\">\n\t\t<div class=\"form-group\">\n\t\t\t<p><label class=\"sr-only\" for=\"cfemail\">Email<\/label><span class=\"wpcf7-form-control-wrap\" data-name=\"courriel\"><input size=\"40\" maxlength=\"400\" class=\"wpcf7-form-control wpcf7-email wpcf7-validates-as-required wpcf7-text wpcf7-validates-as-email form-control\" id=\"cfemail\" aria-required=\"true\" aria-invalid=\"false\" placeholder=\"Adresse courriel\" value=\"\" type=\"email\" name=\"courriel\" \/><\/span>\n\t\t\t<\/p>\n\t\t<\/div>\n\t<\/div>\n<\/div>\n<div class=\"form-group\">\n\t<p><label class=\"sr-only\" for=\"cfmessage\">Message<\/label><span class=\"wpcf7-form-control-wrap\" data-name=\"message\"><textarea cols=\"40\" rows=\"10\" maxlength=\"2000\" class=\"wpcf7-form-control wpcf7-textarea wpcf7-validates-as-required form-control\" id=\"cfmessage\" aria-required=\"true\" aria-invalid=\"false\" placeholder=\"Laisser un commentaire\" name=\"message\"><\/textarea><\/span>\n\t<\/p>\n<\/div>\n<p><input class=\"wpcf7-form-control wpcf7-submit has-spinner btn btn-primary btn-lg\" type=\"submit\" value=\"Envoyer\" \/>\n<\/p><p style=\"display: none !important;\" class=\"akismet-fields-container\" data-prefix=\"_wpcf7_ak_\"><label>&#916;<textarea name=\"_wpcf7_ak_hp_textarea\" cols=\"45\" rows=\"8\" maxlength=\"100\"><\/textarea><\/label><input type=\"hidden\" id=\"ak_js_1\" name=\"_wpcf7_ak_js\" value=\"59\"\/><script>document.getElementById( \"ak_js_1\" ).setAttribute( \"value\", ( new Date() ).getTime() );<\/script><\/p><div class=\"wpcf7-response-output\" aria-hidden=\"true\"><\/div>\n<\/form>\n<\/div>\n[vc_empty_space][\/vc_column][\/vc_row]<\/p>\n","protected":false},"excerpt":{"rendered":"<p>[vc_row][vc_column][vc_column_text]Retour \u00e0 nos prises de position[\/vc_column_text][vc_empty_space height=&#8221;36px&#8221;][\/vc_column][\/vc_row][vc_row][vc_column][vc_custom_heading text=&#8221;Le libre-\u00e9change, religion officielle des gouvernements europ\u00e9ens&#8221; font_container=&#8221;tag:h2|font_size:32|text_align:center|color:%2300148c&#8221; google_fonts=&#8221;font_family:Roboto%20Slab%3A100%2C300%2Cregular%2C700|font_style:700%20bold%20regular%3A700%3Anormal&#8221;][vc_empty_space][vc_column_text]Le 22 mai dernier, les ministres du Commerce des pays membres de l\u2019Union europ\u00e9enne ont convenu que les futurs accords commerciaux devaient d\u00e9sormais se r\u00e9aliser sans l\u2019aval des parlements nationaux. Cette d\u00e9cision prise en catimini dans l\u2019ambiance feutr\u00e9e des bureaux [&hellip;]<\/p>\n","protected":false},"author":2,"featured_media":0,"parent":0,"menu_order":0,"comment_status":"closed","ping_status":"closed","template":"page-templates\/page-no-sidebar.php","meta":{"footnotes":""},"class_list":["post-4087","page","type-page","status-publish","hentry"],"yoast_head":"<!-- This site is optimized with the Yoast SEO plugin v27.3 - https:\/\/yoast.com\/product\/yoast-seo-wordpress\/ -->\n<title>Positions - Le libre-\u00e9change - Notre France<\/title>\n<meta name=\"robots\" content=\"index, follow, max-snippet:-1, max-image-preview:large, max-video-preview:-1\" \/>\n<link rel=\"canonical\" href=\"https:\/\/www.notrefrance.fr\/index.php\/le-libre-echange\/\" \/>\n<meta property=\"og:locale\" content=\"fr_FR\" \/>\n<meta property=\"og:type\" content=\"article\" \/>\n<meta property=\"og:title\" content=\"Positions - Le libre-\u00e9change - Notre France\" \/>\n<meta property=\"og:description\" content=\"[vc_row][vc_column][vc_column_text]Retour \u00e0 nos prises de position[\/vc_column_text][vc_empty_space height=&#8221;36px&#8221;][\/vc_column][\/vc_row][vc_row][vc_column][vc_custom_heading text=&#8221;Le libre-\u00e9change, religion officielle des gouvernements europ\u00e9ens&#8221; font_container=&#8221;tag:h2|font_size:32|text_align:center|color:%2300148c&#8221; google_fonts=&#8221;font_family:Roboto%20Slab%3A100%2C300%2Cregular%2C700|font_style:700%20bold%20regular%3A700%3Anormal&#8221;][vc_empty_space][vc_column_text]Le 22 mai dernier, les ministres du Commerce des pays membres de l\u2019Union europ\u00e9enne ont convenu que les futurs accords commerciaux devaient d\u00e9sormais se r\u00e9aliser sans l\u2019aval des parlements nationaux. Cette d\u00e9cision prise en catimini dans l\u2019ambiance feutr\u00e9e des bureaux [&hellip;]\" \/>\n<meta property=\"og:url\" content=\"https:\/\/www.notrefrance.fr\/index.php\/le-libre-echange\/\" \/>\n<meta property=\"og:site_name\" content=\"Notre France\" \/>\n<meta property=\"article:publisher\" content=\"https:\/\/www.facebook.com\/NotreFranceOfficiel\/\" \/>\n<meta property=\"article:modified_time\" content=\"2018-06-04T15:25:24+00:00\" \/>\n<meta name=\"twitter:card\" content=\"summary_large_image\" \/>\n<meta name=\"twitter:site\" content=\"@_notrefrance\" \/>\n<meta name=\"twitter:label1\" content=\"Dur\u00e9e de lecture estim\u00e9e\" \/>\n\t<meta name=\"twitter:data1\" content=\"5 minutes\" \/>\n<script type=\"application\/ld+json\" class=\"yoast-schema-graph\">{\"@context\":\"https:\\\/\\\/schema.org\",\"@graph\":[{\"@type\":\"WebPage\",\"@id\":\"https:\\\/\\\/www.notrefrance.fr\\\/index.php\\\/le-libre-echange\\\/\",\"url\":\"https:\\\/\\\/www.notrefrance.fr\\\/index.php\\\/le-libre-echange\\\/\",\"name\":\"Positions - Le libre-\u00e9change - Notre France\",\"isPartOf\":{\"@id\":\"https:\\\/\\\/www.notrefrance.fr\\\/#website\"},\"datePublished\":\"2018-06-04T14:57:29+00:00\",\"dateModified\":\"2018-06-04T15:25:24+00:00\",\"breadcrumb\":{\"@id\":\"https:\\\/\\\/www.notrefrance.fr\\\/index.php\\\/le-libre-echange\\\/#breadcrumb\"},\"inLanguage\":\"fr-FR\",\"potentialAction\":[{\"@type\":\"ReadAction\",\"target\":[\"https:\\\/\\\/www.notrefrance.fr\\\/index.php\\\/le-libre-echange\\\/\"]}]},{\"@type\":\"BreadcrumbList\",\"@id\":\"https:\\\/\\\/www.notrefrance.fr\\\/index.php\\\/le-libre-echange\\\/#breadcrumb\",\"itemListElement\":[{\"@type\":\"ListItem\",\"position\":1,\"name\":\"Accueil\",\"item\":\"https:\\\/\\\/www.notrefrance.fr\\\/\"},{\"@type\":\"ListItem\",\"position\":2,\"name\":\"Positions &#8211; Le libre-\u00e9change\"}]},{\"@type\":\"WebSite\",\"@id\":\"https:\\\/\\\/www.notrefrance.fr\\\/#website\",\"url\":\"https:\\\/\\\/www.notrefrance.fr\\\/\",\"name\":\"Notre France\",\"description\":\"Notre France\",\"publisher\":{\"@id\":\"https:\\\/\\\/www.notrefrance.fr\\\/#organization\"},\"potentialAction\":[{\"@type\":\"SearchAction\",\"target\":{\"@type\":\"EntryPoint\",\"urlTemplate\":\"https:\\\/\\\/www.notrefrance.fr\\\/?s={search_term_string}\"},\"query-input\":{\"@type\":\"PropertyValueSpecification\",\"valueRequired\":true,\"valueName\":\"search_term_string\"}}],\"inLanguage\":\"fr-FR\"},{\"@type\":\"Organization\",\"@id\":\"https:\\\/\\\/www.notrefrance.fr\\\/#organization\",\"name\":\"Notre France\",\"url\":\"https:\\\/\\\/www.notrefrance.fr\\\/\",\"logo\":{\"@type\":\"ImageObject\",\"inLanguage\":\"fr-FR\",\"@id\":\"https:\\\/\\\/www.notrefrance.fr\\\/#\\\/schema\\\/logo\\\/image\\\/\",\"url\":\"https:\\\/\\\/www.notrefrance.fr\\\/wp-content\\\/uploads\\\/2015\\\/12\\\/cropped-Logo-Notre-France-512x512.png\",\"contentUrl\":\"https:\\\/\\\/www.notrefrance.fr\\\/wp-content\\\/uploads\\\/2015\\\/12\\\/cropped-Logo-Notre-France-512x512.png\",\"width\":512,\"height\":512,\"caption\":\"Notre France\"},\"image\":{\"@id\":\"https:\\\/\\\/www.notrefrance.fr\\\/#\\\/schema\\\/logo\\\/image\\\/\"},\"sameAs\":[\"https:\\\/\\\/www.facebook.com\\\/NotreFranceOfficiel\\\/\",\"https:\\\/\\\/x.com\\\/_notrefrance\",\"https:\\\/\\\/www.linkedin.com\\\/company\\\/notre-france\\\/\"]}]}<\/script>\n<!-- \/ Yoast SEO plugin. -->","yoast_head_json":{"title":"Positions - Le libre-\u00e9change - Notre France","robots":{"index":"index","follow":"follow","max-snippet":"max-snippet:-1","max-image-preview":"max-image-preview:large","max-video-preview":"max-video-preview:-1"},"canonical":"https:\/\/www.notrefrance.fr\/index.php\/le-libre-echange\/","og_locale":"fr_FR","og_type":"article","og_title":"Positions - Le libre-\u00e9change - Notre France","og_description":"[vc_row][vc_column][vc_column_text]Retour \u00e0 nos prises de position[\/vc_column_text][vc_empty_space height=&#8221;36px&#8221;][\/vc_column][\/vc_row][vc_row][vc_column][vc_custom_heading text=&#8221;Le libre-\u00e9change, religion officielle des gouvernements europ\u00e9ens&#8221; font_container=&#8221;tag:h2|font_size:32|text_align:center|color:%2300148c&#8221; google_fonts=&#8221;font_family:Roboto%20Slab%3A100%2C300%2Cregular%2C700|font_style:700%20bold%20regular%3A700%3Anormal&#8221;][vc_empty_space][vc_column_text]Le 22 mai dernier, les ministres du Commerce des pays membres de l\u2019Union europ\u00e9enne ont convenu que les futurs accords commerciaux devaient d\u00e9sormais se r\u00e9aliser sans l\u2019aval des parlements nationaux. Cette d\u00e9cision prise en catimini dans l\u2019ambiance feutr\u00e9e des bureaux [&hellip;]","og_url":"https:\/\/www.notrefrance.fr\/index.php\/le-libre-echange\/","og_site_name":"Notre France","article_publisher":"https:\/\/www.facebook.com\/NotreFranceOfficiel\/","article_modified_time":"2018-06-04T15:25:24+00:00","twitter_card":"summary_large_image","twitter_site":"@_notrefrance","twitter_misc":{"Dur\u00e9e de lecture estim\u00e9e":"5 minutes"},"schema":{"@context":"https:\/\/schema.org","@graph":[{"@type":"WebPage","@id":"https:\/\/www.notrefrance.fr\/index.php\/le-libre-echange\/","url":"https:\/\/www.notrefrance.fr\/index.php\/le-libre-echange\/","name":"Positions - Le libre-\u00e9change - Notre France","isPartOf":{"@id":"https:\/\/www.notrefrance.fr\/#website"},"datePublished":"2018-06-04T14:57:29+00:00","dateModified":"2018-06-04T15:25:24+00:00","breadcrumb":{"@id":"https:\/\/www.notrefrance.fr\/index.php\/le-libre-echange\/#breadcrumb"},"inLanguage":"fr-FR","potentialAction":[{"@type":"ReadAction","target":["https:\/\/www.notrefrance.fr\/index.php\/le-libre-echange\/"]}]},{"@type":"BreadcrumbList","@id":"https:\/\/www.notrefrance.fr\/index.php\/le-libre-echange\/#breadcrumb","itemListElement":[{"@type":"ListItem","position":1,"name":"Accueil","item":"https:\/\/www.notrefrance.fr\/"},{"@type":"ListItem","position":2,"name":"Positions &#8211; Le libre-\u00e9change"}]},{"@type":"WebSite","@id":"https:\/\/www.notrefrance.fr\/#website","url":"https:\/\/www.notrefrance.fr\/","name":"Notre France","description":"Notre France","publisher":{"@id":"https:\/\/www.notrefrance.fr\/#organization"},"potentialAction":[{"@type":"SearchAction","target":{"@type":"EntryPoint","urlTemplate":"https:\/\/www.notrefrance.fr\/?s={search_term_string}"},"query-input":{"@type":"PropertyValueSpecification","valueRequired":true,"valueName":"search_term_string"}}],"inLanguage":"fr-FR"},{"@type":"Organization","@id":"https:\/\/www.notrefrance.fr\/#organization","name":"Notre France","url":"https:\/\/www.notrefrance.fr\/","logo":{"@type":"ImageObject","inLanguage":"fr-FR","@id":"https:\/\/www.notrefrance.fr\/#\/schema\/logo\/image\/","url":"https:\/\/www.notrefrance.fr\/wp-content\/uploads\/2015\/12\/cropped-Logo-Notre-France-512x512.png","contentUrl":"https:\/\/www.notrefrance.fr\/wp-content\/uploads\/2015\/12\/cropped-Logo-Notre-France-512x512.png","width":512,"height":512,"caption":"Notre France"},"image":{"@id":"https:\/\/www.notrefrance.fr\/#\/schema\/logo\/image\/"},"sameAs":["https:\/\/www.facebook.com\/NotreFranceOfficiel\/","https:\/\/x.com\/_notrefrance","https:\/\/www.linkedin.com\/company\/notre-france\/"]}]}},"_links":{"self":[{"href":"https:\/\/www.notrefrance.fr\/index.php\/wp-json\/wp\/v2\/pages\/4087","targetHints":{"allow":["GET"]}}],"collection":[{"href":"https:\/\/www.notrefrance.fr\/index.php\/wp-json\/wp\/v2\/pages"}],"about":[{"href":"https:\/\/www.notrefrance.fr\/index.php\/wp-json\/wp\/v2\/types\/page"}],"author":[{"embeddable":true,"href":"https:\/\/www.notrefrance.fr\/index.php\/wp-json\/wp\/v2\/users\/2"}],"replies":[{"embeddable":true,"href":"https:\/\/www.notrefrance.fr\/index.php\/wp-json\/wp\/v2\/comments?post=4087"}],"version-history":[{"count":1,"href":"https:\/\/www.notrefrance.fr\/index.php\/wp-json\/wp\/v2\/pages\/4087\/revisions"}],"predecessor-version":[{"id":4088,"href":"https:\/\/www.notrefrance.fr\/index.php\/wp-json\/wp\/v2\/pages\/4087\/revisions\/4088"}],"wp:attachment":[{"href":"https:\/\/www.notrefrance.fr\/index.php\/wp-json\/wp\/v2\/media?parent=4087"}],"curies":[{"name":"wp","href":"https:\/\/api.w.org\/{rel}","templated":true}]}}