{"id":4122,"date":"2018-06-22T18:35:58","date_gmt":"2018-06-22T16:35:58","guid":{"rendered":"http:\/\/www.notrefrance.fr\/?page_id=4122"},"modified":"2024-10-31T19:37:36","modified_gmt":"2024-10-31T18:37:36","slug":"actions","status":"publish","type":"page","link":"https:\/\/www.notrefrance.fr\/index.php\/actions\/","title":{"rendered":"Actions-Manifestations"},"content":{"rendered":"<p>[vc_row][vc_column][vc_custom_heading text=&#8221;Actions&#8221; font_container=&#8221;tag:h2|font_size:64|text_align:center|color:%2300148c&#8221; google_fonts=&#8221;font_family:Roboto%20Slab%3A100%2C300%2Cregular%2C700|font_style:400%20regular%3A400%3Anormal&#8221;][vc_empty_space height=&#8221;64px&#8221;][\/vc_column][\/vc_row][vc_row][vc_column][vc_custom_heading text=&#8221;Appel \u00e0 la solidarit\u00e9&#8221; font_container=&#8221;tag:h2|font_size:38|text_align:center&#8221; google_fonts=&#8221;font_family:Roboto%3A100%2C100italic%2C300%2C300italic%2Cregular%2Citalic%2C500%2C500italic%2C700%2C700italic%2C900%2C900italic|font_style:400%20regular%3A400%3Anormal&#8221;][vc_empty_space][vc_column_text]<\/p>\n<p style=\"text-align: justify;\"><span style=\"font-size: 14pt;\"><span style=\"color: #00148c;\"><strong>Notre France<\/strong><\/span>, durant la p\u00e9riode dramatique que traverse notre pays, souhaite participer \u00e0 l\u2019effort de la Nation. <\/span><span style=\"font-size: 14pt; color: #00148c;\"><strong>La politique ne se fait pas derri\u00e8re un \u00e9cran, mais sur le terrain aux c\u00f4t\u00e9s des Fran\u00e7ais qui sont dans la peine. <\/strong><\/span><span style=\"font-size: 14pt;\">C\u2019est donc dans l\u2019action et non sur les plateaux de t\u00e9l\u00e9vision que nous agirons.<\/span><\/p>\n<p>&nbsp;<\/p>\n<ul style=\"text-align: justify;\">\n<li><span style=\"font-size: 14pt; color: #00148c;\"><strong>Aussi nous faisons appel \u00e0 tous nos Compagnons volontaires, ainsi qu\u2019\u00e0 tous ceux qui sont pr\u00eats \u00e0 venir en aide aux personnes malades, \u00e2g\u00e9es, handicap\u00e9es qui ont des difficult\u00e9s pour se d\u00e9placer, pour les aider durant les semaines difficiles qui sont devant nous.\u00a0Il vous suffit de vous signaler en nous indiquant votre lieu de r\u00e9sidence, vos coordonn\u00e9es, et ce pour quoi vous vous portez volontaire. Nous vous indiquerons alors les missions que vous pourriez effectuer.<\/strong><\/span><\/li>\n<\/ul>\n<p>&nbsp;<\/p>\n<p style=\"text-align: justify;\"><span style=\"font-size: 14pt; color: #00148c;\"><em><strong>(Merci de nous retourner le bulletin ci-dessous compl\u00e9t\u00e9)<\/strong><\/em><\/span><\/p>\n<p>&nbsp;<\/p>\n<ul style=\"text-align: justify;\">\n<li><span style=\"font-size: 14pt; color: #c80000;\"><strong>Nous appelons \u00e9galement toutes les personnes en difficult\u00e9 \u00e0 nous contacter pour nous exposer ce dont elles ont besoin, leurs coordonn\u00e9es et lieu de r\u00e9sidence, afin que nous puissions les aider.<\/strong><\/span><\/li>\n<\/ul>\n<p>&nbsp;<\/p>\n<p style=\"text-align: justify;\"><span style=\"font-size: 14pt; color: #000080;\"><strong>Notre France sera l\u2019interface et le coordinateur de ces actions<\/strong><\/span><\/p>\n<p>&nbsp;<\/p>\n<p style=\"text-align: justify;\"><span style=\"font-size: 14pt;\">Voici nos coordonn\u00e9es :\u00a0<span style=\"color: #00148c;\"><strong>pierrick.bavouzet@notrefrance.fr<\/strong><\/span><\/span><\/p>\n<p>&nbsp;<\/p>\n<p style=\"text-align: justify;\"><span style=\"font-size: 14pt;\">Toutes nos actions doivent se faire dans le strict respect des directives impos\u00e9es par les pouvoirs publics et des mesures barri\u00e8res. Notre volont\u00e9 n\u2019est pas de nous substituer aux services publics, mais de les accompagner dans leurs missions.<\/span><\/p>\n<p>&nbsp;<\/p>\n<p style=\"text-align: justify;\"><span style=\"font-size: 14pt; color: #00148c;\"><strong>Une grande Nation se reconna\u00eet d\u2019abord par son union lors de crises extr\u00eames.<\/strong><\/span><\/p>\n<p>&nbsp;<\/p>\n<p style=\"text-align: justify;\"><span style=\"font-size: 14pt;\"><img loading=\"lazy\" decoding=\"async\" class=\"aligncenter wp-image-4514\" src=\"https:\/\/www.notrefrance.fr\/wp-content\/uploads\/2020\/03\/bulletin-coronavirus-1.jpg\" alt=\"\" width=\"650\" height=\"485\" srcset=\"https:\/\/www.notrefrance.fr\/wp-content\/uploads\/2020\/03\/bulletin-coronavirus-1.jpg 960w, https:\/\/www.notrefrance.fr\/wp-content\/uploads\/2020\/03\/bulletin-coronavirus-1-300x224.jpg 300w, https:\/\/www.notrefrance.fr\/wp-content\/uploads\/2020\/03\/bulletin-coronavirus-1-768x573.jpg 768w, https:\/\/www.notrefrance.fr\/wp-content\/uploads\/2020\/03\/bulletin-coronavirus-1-127x95.jpg 127w, https:\/\/www.notrefrance.fr\/wp-content\/uploads\/2020\/03\/bulletin-coronavirus-1-200x150.jpg 200w\" sizes=\"auto, (max-width: 650px) 100vw, 650px\" \/><\/span><\/p>\n<p style=\"text-align: justify;\"><span style=\"font-size: 14pt;\"><em>Aucune contrepartie, de quelque nature que ce soit, ne pourra vous \u00eatre demand\u00e9e en \u00e9change de ce service.<\/em><\/span><\/p>\n<p>&nbsp;<\/p>\n<p style=\"text-align: justify;\"><span style=\"font-size: 14pt;\"><strong><span style=\"color: #00148c;\">Nous vous en remercions d\u2019avance.<\/span><\/strong><\/span><\/p>\n<p>&nbsp;<\/p>\n<p style=\"text-align: right;\"><strong><span style=\"font-size: 14pt;\">Martial Sciolla<\/span><\/strong><\/p>\n<p style=\"text-align: right;\"><strong><span style=\"font-size: 14pt;\">Pr\u00e9sident<\/span><\/strong><\/p>\n<p>[\/vc_column_text][vc_empty_space][\/vc_column][\/vc_row][vc_row][vc_column][vc_custom_heading text=&#8221;R\u00e9f\u00e9rendum sur la privatisation d&#8217;A\u00e9roports de Paris&#8221; font_container=&#8221;tag:h2|font_size:38|text_align:center&#8221; google_fonts=&#8221;font_family:Roboto%3A100%2C100italic%2C300%2C300italic%2Cregular%2Citalic%2C500%2C500italic%2C700%2C700italic%2C900%2C900italic|font_style:400%20regular%3A400%3Anormal&#8221; link=&#8221;url:http%3A%2F%2Fwww.notrefrance.fr%2Findex.php%2Fadp%2F|||&#8221;][vc_empty_space][vc_column_text]<\/p>\n<p style=\"text-align: justify;\"><span style=\"font-size: 14pt;\">La voie est ouverte \u00e0 un r\u00e9f\u00e9rendum d\u2019initiative partag\u00e9e sur la privatisation d\u2019ADP !<\/span><\/p>\n<p style=\"text-align: justify;\"><span style=\"font-size: 14pt;\">Notre France se f\u00e9licite de la d\u00e9cision du Conseil constitutionnel de valider l\u2019id\u00e9e de soumettre au vote la cession d\u2019A\u00e9roports de Paris. La prochaine \u00e9tape consistera \u00e0 recueillir le soutien de 4,7 millions de Fran\u00e7ais.<\/span><\/p>\n<p style=\"text-align: justify;\"><span style=\"font-size: 14pt;\">Notre France prendra toute sa part dans le recueil des signatures n\u00e9cessaires \u00e0 la mise en place de ce r\u00e9f\u00e9rendum, ainsi que de la campagne qui s\u2019en suivra. Car nous estim<span class=\"text_exposed_show\">ons qu\u2019une occasion unique nous est donn\u00e9e pour dire :<\/span><\/span><\/p>\n<p style=\"text-align: justify;\"><span style=\"font-size: 14pt;\"><span class=\"text_exposed_show\">Assez de cette deconstruction de notre Nation,<\/span><\/span><\/p>\n<p style=\"text-align: justify;\"><span style=\"font-size: 14pt;\"><span class=\"text_exposed_show\">Assez de cette braderie de tous les biens appartenant au peuple fran\u00e7ais,<\/span><\/span><\/p>\n<p style=\"text-align: justify;\"><span style=\"font-size: 14pt;\"><span class=\"text_exposed_show\">Assez de cette mondialisation inhumaine qui d\u00e9truit des vies pour toujours plus de profits.<\/span><\/span><\/p>\n<p style=\"text-align: justify;\"><span style=\"font-size: 14pt;\">Nous invitons tous les Compagnons de Notre France, tous les Fran\u00e7ais qui ont la Nation chevill\u00e9e au corps, \u00e0 soutenir ce r\u00e9f\u00e9rendum en cliquant ci-dessous :<\/span><\/p>\n<p>[\/vc_column_text][vc_btn title=&#8221;Soutenir le r\u00e9f\u00e9rendum&#8221; style=&#8221;custom&#8221; custom_background=&#8221;#00148c&#8221; custom_text=&#8221;#ffffff&#8221; shape=&#8221;square&#8221; align=&#8221;center&#8221; link=&#8221;url:https%3A%2F%2Fwww.referendum.interieur.gouv.fr%2Fsoutien%2Fetape-1||target:%20_blank|&#8221;][vc_empty_space][\/vc_column][\/vc_row][vc_row][vc_column][vc_custom_heading text=&#8221;Appel aux \u00e9lus de la Nation&#8221; font_container=&#8221;tag:h2|font_size:38|text_align:center&#8221; google_fonts=&#8221;font_family:Roboto%3A100%2C100italic%2C300%2C300italic%2Cregular%2Citalic%2C500%2C500italic%2C700%2C700italic%2C900%2C900italic|font_style:400%20regular%3A400%3Anormal&#8221;][vc_empty_space][vc_column_text]<span style=\"font-size: 14pt;\">Mesdames, Messieurs les \u00e9lus de la Nation,<\/span><\/p>\n<p>&nbsp;<\/p>\n<p><span style=\"font-size: 14pt;\">Vous \u00eates les premiers garants et d\u00e9fenseurs de nos institutions et de notre d\u00e9mocratie. Les Fran\u00e7ais ont plac\u00e9 entre vos mains leurs esp\u00e9rances et leur confiance. Ils y ont \u00e9galement d\u00e9pos\u00e9 leur souverainet\u00e9.<\/span><\/p>\n<p><span style=\"font-size: 14pt;\">Au travers de l\u2019affaire Benalla qui secoue notre pays depuis plusieurs jours, l\u2019image de la France, celle de nos institutions et du chef de l\u2019\u00c9tat, sont ab\u00eem\u00e9es dans le monde entier. Notre nation traverse une crise grave qui fait courir un p\u00e9ril au lien d\u00e9j\u00e0 distendu entre le peuple et l&#8217;ex\u00e9cutif.<\/span><\/p>\n<p><span style=\"font-size: 14pt;\">Le ministre de l\u2019Int\u00e9rieur sera entendu, la justice poursuivra ses investigations, laissons-les faire leur travail sereinement. <\/span><\/p>\n<p><span style=\"font-size: 14pt;\">Toutefois, Notre France, jeune mouvement politique cr\u00e9\u00e9 par des Fran\u00e7ais anonymes mais amoureux de leur patrie, veut r\u00e9affirmer l&#8217;ind\u00e9fectible soutien aux valeurs de libert\u00e9, d&#8217;\u00e9galit\u00e9 et de fraternit\u00e9 que nous partageons avec vous.<\/span><\/p>\n<p>&nbsp;<\/p>\n<p><span style=\"font-size: 14pt;\">Si comme nous, vous pensez qu&#8217;une alternative politique est n\u00e9cessaire et qu&#8217;elle peut s&#8217;exprimer au-del\u00e0 des partis politiques traditionnels, sans forc\u00e9ment les exclure, nous vous invitons \u00e0 r\u00e9fl\u00e9chir et \u00e0 travailler avec nous, ou simplement \u00e0 nous t\u00e9moigner votre sympathie.<\/span><\/p>\n<p><span style=\"font-size: 14pt;\">Notre charte des valeurs repose sur trois piliers : un Peuple libre, une Nation refond\u00e9e, un \u00c9tat fort.<\/span><\/p>\n<p>&nbsp;<\/p>\n<p style=\"text-align: center;\"><a href=\"https:\/\/www.notrefrance.fr\/index.php\/valeurs\/\"><strong><span style=\"font-size: 18pt; color: #00148c;\">Charte des Valeurs de Notre France<\/span><\/strong><\/a><\/p>\n<p>&nbsp;<\/p>\n<p><span style=\"font-size: 14pt;\">Nous sommes pr\u00eats \u00e0 venir vous rencontrer \u00e0 votre convenance afin de vous pr\u00e9senter l&#8217;id\u00e9e de la France et la pratique des institutions pour lesquelles nous nous sommes engag\u00e9s.<\/span><\/p>\n<p><span style=\"font-size: 14pt;\">Je vous prie de bien vouloir agr\u00e9er, Mesdames, Messieurs, l&#8217;expression de ma haute consid\u00e9ration.<\/span><\/p>\n<p>&nbsp;<\/p>\n<p><span style=\"font-size: 14pt;\">Martial Sciolla<\/span><br \/>\n<span style=\"font-size: 14pt;\">Pr\u00e9sident<\/span>[\/vc_column_text][vc_empty_space][\/vc_column][\/vc_row][vc_row][vc_column][vc_custom_heading text=&#8221;Op\u00e9ration Ruban blanc&#8221; font_container=&#8221;tag:h2|font_size:38|text_align:center&#8221; google_fonts=&#8221;font_family:Roboto%3A100%2C100italic%2C300%2C300italic%2Cregular%2Citalic%2C500%2C500italic%2C700%2C700italic%2C900%2C900italic|font_style:400%20regular%3A400%3Anormal&#8221;][vc_empty_space][vc_column_text]<\/p>\n<p style=\"text-align: justify;\"><span style=\"font-size: 14pt;\">Le 20 juin 2018, Notre France Bretagne a pris l\u2019initiative de lancer une grande campagne de contestation sur la r\u00e9gion Bretagne.<\/span><\/p>\n<p style=\"text-align: justify;\"><span style=\"font-size: 14pt;\">Cette campagne a pour but de mobiliser l\u2019ensemble des Bretons, mais aussi tous les Fran\u00e7ais qui subissent la hausse des taxes tous azimuts (la liste est longue), ainsi que la r\u00e9duction un peu plus chaque jour de notre espace de libert\u00e9, comme par exemple la limitation \u00e0 80 km\/h sur nos routes alors m\u00eame qu\u2019un grand nombre d\u2019\u00e9lus issus du terrain y est d\u00e9favorable.<\/span><\/p>\n<p style=\"text-align: justify;\"><span style=\"font-size: 14pt;\">Ce gouvernement, insensible aux difficult\u00e9s des Fran\u00e7ais, frappe en premier la population la plus fragile, comme vous le savez. C\u2019est pourquoi et en r\u00e9action \u00e0 cette surdit\u00e9, Notre France Bretagne a d\u00e9cid\u00e9 de lancer\u00a0:<\/span><\/p>\n<p>&nbsp;<\/p>\n<p style=\"text-align: center;\"><span style=\"font-size: 18pt; color: #00148c;\"><strong>L\u2019op\u00e9ration ruban blanc<\/strong><\/span><\/p>\n<p>&nbsp;<\/p>\n<p style=\"text-align: justify;\"><span style=\"font-size: 14pt;\">Il s\u2019agit par cette action d\u2019inaugurer une nouvelle forme de manifestation, de contestation, en nouant un ruban blanc \u00e0 nos r\u00e9troviseurs ext\u00e9rieurs.<\/span><\/p>\n<p style=\"text-align: justify;\"><span style=\"font-size: 14pt; color: #00148c;\"><strong>Notre France soutient enti\u00e8rement cette initiative, et nous vous invitons \u00e0 travers toute la France \u00e0 y participer en nouant vous aussi un ruban blanc \u00e0 votre r\u00e9troviseur.\u00a0<\/strong><\/span><\/p>\n<p style=\"text-align: justify;\"><span style=\"font-size: 14pt;\">Pour l\u2019occasion, nous nous associerons \u00e0 la \u00ab\u00a0vir\u00e9e\u00a0\u00bb moto ou chacun pourra librement nouer ou pas ce ruban blanc symbolique \u00e0 son r\u00e9troviseur. Il n\u2019y aura aucun discours pour l\u2019occasion.<\/span><\/p>\n<p style=\"text-align: justify;\"><span style=\"font-size: 14pt; color: #00148c;\"><strong>D\u00e9part d\u2019Arzal dimanche 24 juin \u00e0 9 heures \u2013 Arriv\u00e9e \u00e0 P\u00e9nestin vers 12 heures au stade du Logo.<\/strong><\/span><\/p>\n<p style=\"text-align: justify;\"><span style=\"font-size: 14pt;\">Nous vous invitons cordialement \u00e0 participer \u00e0 cet \u00e9v\u00e8nement\u00a0: soit au d\u00e9part, soit \u00e0 l\u2019arriv\u00e9e de cette ballade-moto coupl\u00e9e \u00e0 la croisi\u00e8re de Pen Bron, et r\u00e9pondrons volontiers \u00e0 vos questions si vous le souhaitez.<\/span><\/p>\n<p style=\"text-align: justify;\"><span style=\"font-size: 14pt; color: #00148c;\"><strong>Nous rappelons que toutes les limitations de vitesse doivent \u00eatre respect\u00e9es, ainsi que le code de la route.<\/strong><\/span><\/p>\n<p>[\/vc_column_text][\/vc_column][\/vc_row]<\/p>\n","protected":false},"excerpt":{"rendered":"<p>[vc_row][vc_column][vc_custom_heading text=&#8221;Actions&#8221; font_container=&#8221;tag:h2|font_size:64|text_align:center|color:%2300148c&#8221; google_fonts=&#8221;font_family:Roboto%20Slab%3A100%2C300%2Cregular%2C700|font_style:400%20regular%3A400%3Anormal&#8221;][vc_empty_space height=&#8221;64px&#8221;][\/vc_column][\/vc_row][vc_row][vc_column][vc_custom_heading text=&#8221;Appel \u00e0 la solidarit\u00e9&#8221; font_container=&#8221;tag:h2|font_size:38|text_align:center&#8221; google_fonts=&#8221;font_family:Roboto%3A100%2C100italic%2C300%2C300italic%2Cregular%2Citalic%2C500%2C500italic%2C700%2C700italic%2C900%2C900italic|font_style:400%20regular%3A400%3Anormal&#8221;][vc_empty_space][vc_column_text] Notre France, durant la p\u00e9riode dramatique que traverse notre pays, souhaite participer \u00e0 l\u2019effort de la Nation. La politique ne se fait pas derri\u00e8re un \u00e9cran, mais sur le terrain aux c\u00f4t\u00e9s des Fran\u00e7ais qui sont dans la peine. C\u2019est donc dans l\u2019action et [&hellip;]<\/p>\n","protected":false},"author":2,"featured_media":0,"parent":0,"menu_order":0,"comment_status":"closed","ping_status":"closed","template":"page-templates\/page-no-sidebar.php","meta":{"footnotes":""},"class_list":["post-4122","page","type-page","status-publish","hentry"],"yoast_head":"<!-- This site is optimized with the Yoast SEO plugin v27.3 - https:\/\/yoast.com\/product\/yoast-seo-wordpress\/ -->\n<title>Actions-Manifestations - Notre France<\/title>\n<meta name=\"robots\" content=\"index, follow, max-snippet:-1, max-image-preview:large, max-video-preview:-1\" \/>\n<link rel=\"canonical\" href=\"https:\/\/www.notrefrance.fr\/index.php\/actions\/\" \/>\n<meta property=\"og:locale\" content=\"fr_FR\" \/>\n<meta property=\"og:type\" content=\"article\" \/>\n<meta property=\"og:title\" content=\"Actions-Manifestations - Notre France\" \/>\n<meta property=\"og:description\" content=\"[vc_row][vc_column][vc_custom_heading text=&#8221;Actions&#8221; font_container=&#8221;tag:h2|font_size:64|text_align:center|color:%2300148c&#8221; google_fonts=&#8221;font_family:Roboto%20Slab%3A100%2C300%2Cregular%2C700|font_style:400%20regular%3A400%3Anormal&#8221;][vc_empty_space height=&#8221;64px&#8221;][\/vc_column][\/vc_row][vc_row][vc_column][vc_custom_heading text=&#8221;Appel \u00e0 la solidarit\u00e9&#8221; font_container=&#8221;tag:h2|font_size:38|text_align:center&#8221; google_fonts=&#8221;font_family:Roboto%3A100%2C100italic%2C300%2C300italic%2Cregular%2Citalic%2C500%2C500italic%2C700%2C700italic%2C900%2C900italic|font_style:400%20regular%3A400%3Anormal&#8221;][vc_empty_space][vc_column_text] Notre France, durant la p\u00e9riode dramatique que traverse notre pays, souhaite participer \u00e0 l\u2019effort de la Nation. La politique ne se fait pas derri\u00e8re un \u00e9cran, mais sur le terrain aux c\u00f4t\u00e9s des Fran\u00e7ais qui sont dans la peine. C\u2019est donc dans l\u2019action et [&hellip;]\" \/>\n<meta property=\"og:url\" content=\"https:\/\/www.notrefrance.fr\/index.php\/actions\/\" \/>\n<meta property=\"og:site_name\" content=\"Notre France\" \/>\n<meta property=\"article:publisher\" content=\"https:\/\/www.facebook.com\/NotreFranceOfficiel\/\" \/>\n<meta property=\"article:modified_time\" content=\"2024-10-31T18:37:36+00:00\" \/>\n<meta property=\"og:image\" content=\"http:\/\/www.notrefrance.fr\/wp-content\/uploads\/2020\/03\/bulletin-coronavirus-1.jpg\" \/>\n<meta name=\"twitter:card\" content=\"summary_large_image\" \/>\n<meta name=\"twitter:site\" content=\"@_notrefrance\" \/>\n<meta name=\"twitter:label1\" content=\"Dur\u00e9e de lecture estim\u00e9e\" \/>\n\t<meta name=\"twitter:data1\" content=\"7 minutes\" \/>\n<script type=\"application\/ld+json\" class=\"yoast-schema-graph\">{\"@context\":\"https:\\\/\\\/schema.org\",\"@graph\":[{\"@type\":\"WebPage\",\"@id\":\"https:\\\/\\\/www.notrefrance.fr\\\/index.php\\\/actions\\\/\",\"url\":\"https:\\\/\\\/www.notrefrance.fr\\\/index.php\\\/actions\\\/\",\"name\":\"Actions-Manifestations - Notre France\",\"isPartOf\":{\"@id\":\"https:\\\/\\\/www.notrefrance.fr\\\/#website\"},\"primaryImageOfPage\":{\"@id\":\"https:\\\/\\\/www.notrefrance.fr\\\/index.php\\\/actions\\\/#primaryimage\"},\"image\":{\"@id\":\"https:\\\/\\\/www.notrefrance.fr\\\/index.php\\\/actions\\\/#primaryimage\"},\"thumbnailUrl\":\"http:\\\/\\\/www.notrefrance.fr\\\/wp-content\\\/uploads\\\/2020\\\/03\\\/bulletin-coronavirus-1.jpg\",\"datePublished\":\"2018-06-22T16:35:58+00:00\",\"dateModified\":\"2024-10-31T18:37:36+00:00\",\"breadcrumb\":{\"@id\":\"https:\\\/\\\/www.notrefrance.fr\\\/index.php\\\/actions\\\/#breadcrumb\"},\"inLanguage\":\"fr-FR\",\"potentialAction\":[{\"@type\":\"ReadAction\",\"target\":[\"https:\\\/\\\/www.notrefrance.fr\\\/index.php\\\/actions\\\/\"]}]},{\"@type\":\"ImageObject\",\"inLanguage\":\"fr-FR\",\"@id\":\"https:\\\/\\\/www.notrefrance.fr\\\/index.php\\\/actions\\\/#primaryimage\",\"url\":\"http:\\\/\\\/www.notrefrance.fr\\\/wp-content\\\/uploads\\\/2020\\\/03\\\/bulletin-coronavirus-1.jpg\",\"contentUrl\":\"http:\\\/\\\/www.notrefrance.fr\\\/wp-content\\\/uploads\\\/2020\\\/03\\\/bulletin-coronavirus-1.jpg\"},{\"@type\":\"BreadcrumbList\",\"@id\":\"https:\\\/\\\/www.notrefrance.fr\\\/index.php\\\/actions\\\/#breadcrumb\",\"itemListElement\":[{\"@type\":\"ListItem\",\"position\":1,\"name\":\"Accueil\",\"item\":\"https:\\\/\\\/www.notrefrance.fr\\\/\"},{\"@type\":\"ListItem\",\"position\":2,\"name\":\"Actions-Manifestations\"}]},{\"@type\":\"WebSite\",\"@id\":\"https:\\\/\\\/www.notrefrance.fr\\\/#website\",\"url\":\"https:\\\/\\\/www.notrefrance.fr\\\/\",\"name\":\"Notre France\",\"description\":\"Notre France\",\"publisher\":{\"@id\":\"https:\\\/\\\/www.notrefrance.fr\\\/#organization\"},\"potentialAction\":[{\"@type\":\"SearchAction\",\"target\":{\"@type\":\"EntryPoint\",\"urlTemplate\":\"https:\\\/\\\/www.notrefrance.fr\\\/?s={search_term_string}\"},\"query-input\":{\"@type\":\"PropertyValueSpecification\",\"valueRequired\":true,\"valueName\":\"search_term_string\"}}],\"inLanguage\":\"fr-FR\"},{\"@type\":\"Organization\",\"@id\":\"https:\\\/\\\/www.notrefrance.fr\\\/#organization\",\"name\":\"Notre France\",\"url\":\"https:\\\/\\\/www.notrefrance.fr\\\/\",\"logo\":{\"@type\":\"ImageObject\",\"inLanguage\":\"fr-FR\",\"@id\":\"https:\\\/\\\/www.notrefrance.fr\\\/#\\\/schema\\\/logo\\\/image\\\/\",\"url\":\"https:\\\/\\\/www.notrefrance.fr\\\/wp-content\\\/uploads\\\/2015\\\/12\\\/cropped-Logo-Notre-France-512x512.png\",\"contentUrl\":\"https:\\\/\\\/www.notrefrance.fr\\\/wp-content\\\/uploads\\\/2015\\\/12\\\/cropped-Logo-Notre-France-512x512.png\",\"width\":512,\"height\":512,\"caption\":\"Notre France\"},\"image\":{\"@id\":\"https:\\\/\\\/www.notrefrance.fr\\\/#\\\/schema\\\/logo\\\/image\\\/\"},\"sameAs\":[\"https:\\\/\\\/www.facebook.com\\\/NotreFranceOfficiel\\\/\",\"https:\\\/\\\/x.com\\\/_notrefrance\",\"https:\\\/\\\/www.linkedin.com\\\/company\\\/notre-france\\\/\"]}]}<\/script>\n<!-- \/ Yoast SEO plugin. -->","yoast_head_json":{"title":"Actions-Manifestations - Notre France","robots":{"index":"index","follow":"follow","max-snippet":"max-snippet:-1","max-image-preview":"max-image-preview:large","max-video-preview":"max-video-preview:-1"},"canonical":"https:\/\/www.notrefrance.fr\/index.php\/actions\/","og_locale":"fr_FR","og_type":"article","og_title":"Actions-Manifestations - Notre France","og_description":"[vc_row][vc_column][vc_custom_heading text=&#8221;Actions&#8221; font_container=&#8221;tag:h2|font_size:64|text_align:center|color:%2300148c&#8221; google_fonts=&#8221;font_family:Roboto%20Slab%3A100%2C300%2Cregular%2C700|font_style:400%20regular%3A400%3Anormal&#8221;][vc_empty_space height=&#8221;64px&#8221;][\/vc_column][\/vc_row][vc_row][vc_column][vc_custom_heading text=&#8221;Appel \u00e0 la solidarit\u00e9&#8221; font_container=&#8221;tag:h2|font_size:38|text_align:center&#8221; google_fonts=&#8221;font_family:Roboto%3A100%2C100italic%2C300%2C300italic%2Cregular%2Citalic%2C500%2C500italic%2C700%2C700italic%2C900%2C900italic|font_style:400%20regular%3A400%3Anormal&#8221;][vc_empty_space][vc_column_text] Notre France, durant la p\u00e9riode dramatique que traverse notre pays, souhaite participer \u00e0 l\u2019effort de la Nation. La politique ne se fait pas derri\u00e8re un \u00e9cran, mais sur le terrain aux c\u00f4t\u00e9s des Fran\u00e7ais qui sont dans la peine. C\u2019est donc dans l\u2019action et [&hellip;]","og_url":"https:\/\/www.notrefrance.fr\/index.php\/actions\/","og_site_name":"Notre France","article_publisher":"https:\/\/www.facebook.com\/NotreFranceOfficiel\/","article_modified_time":"2024-10-31T18:37:36+00:00","og_image":[{"url":"http:\/\/www.notrefrance.fr\/wp-content\/uploads\/2020\/03\/bulletin-coronavirus-1.jpg","type":"","width":"","height":""}],"twitter_card":"summary_large_image","twitter_site":"@_notrefrance","twitter_misc":{"Dur\u00e9e de lecture estim\u00e9e":"7 minutes"},"schema":{"@context":"https:\/\/schema.org","@graph":[{"@type":"WebPage","@id":"https:\/\/www.notrefrance.fr\/index.php\/actions\/","url":"https:\/\/www.notrefrance.fr\/index.php\/actions\/","name":"Actions-Manifestations - Notre France","isPartOf":{"@id":"https:\/\/www.notrefrance.fr\/#website"},"primaryImageOfPage":{"@id":"https:\/\/www.notrefrance.fr\/index.php\/actions\/#primaryimage"},"image":{"@id":"https:\/\/www.notrefrance.fr\/index.php\/actions\/#primaryimage"},"thumbnailUrl":"http:\/\/www.notrefrance.fr\/wp-content\/uploads\/2020\/03\/bulletin-coronavirus-1.jpg","datePublished":"2018-06-22T16:35:58+00:00","dateModified":"2024-10-31T18:37:36+00:00","breadcrumb":{"@id":"https:\/\/www.notrefrance.fr\/index.php\/actions\/#breadcrumb"},"inLanguage":"fr-FR","potentialAction":[{"@type":"ReadAction","target":["https:\/\/www.notrefrance.fr\/index.php\/actions\/"]}]},{"@type":"ImageObject","inLanguage":"fr-FR","@id":"https:\/\/www.notrefrance.fr\/index.php\/actions\/#primaryimage","url":"http:\/\/www.notrefrance.fr\/wp-content\/uploads\/2020\/03\/bulletin-coronavirus-1.jpg","contentUrl":"http:\/\/www.notrefrance.fr\/wp-content\/uploads\/2020\/03\/bulletin-coronavirus-1.jpg"},{"@type":"BreadcrumbList","@id":"https:\/\/www.notrefrance.fr\/index.php\/actions\/#breadcrumb","itemListElement":[{"@type":"ListItem","position":1,"name":"Accueil","item":"https:\/\/www.notrefrance.fr\/"},{"@type":"ListItem","position":2,"name":"Actions-Manifestations"}]},{"@type":"WebSite","@id":"https:\/\/www.notrefrance.fr\/#website","url":"https:\/\/www.notrefrance.fr\/","name":"Notre France","description":"Notre France","publisher":{"@id":"https:\/\/www.notrefrance.fr\/#organization"},"potentialAction":[{"@type":"SearchAction","target":{"@type":"EntryPoint","urlTemplate":"https:\/\/www.notrefrance.fr\/?s={search_term_string}"},"query-input":{"@type":"PropertyValueSpecification","valueRequired":true,"valueName":"search_term_string"}}],"inLanguage":"fr-FR"},{"@type":"Organization","@id":"https:\/\/www.notrefrance.fr\/#organization","name":"Notre France","url":"https:\/\/www.notrefrance.fr\/","logo":{"@type":"ImageObject","inLanguage":"fr-FR","@id":"https:\/\/www.notrefrance.fr\/#\/schema\/logo\/image\/","url":"https:\/\/www.notrefrance.fr\/wp-content\/uploads\/2015\/12\/cropped-Logo-Notre-France-512x512.png","contentUrl":"https:\/\/www.notrefrance.fr\/wp-content\/uploads\/2015\/12\/cropped-Logo-Notre-France-512x512.png","width":512,"height":512,"caption":"Notre France"},"image":{"@id":"https:\/\/www.notrefrance.fr\/#\/schema\/logo\/image\/"},"sameAs":["https:\/\/www.facebook.com\/NotreFranceOfficiel\/","https:\/\/x.com\/_notrefrance","https:\/\/www.linkedin.com\/company\/notre-france\/"]}]}},"_links":{"self":[{"href":"https:\/\/www.notrefrance.fr\/index.php\/wp-json\/wp\/v2\/pages\/4122","targetHints":{"allow":["GET"]}}],"collection":[{"href":"https:\/\/www.notrefrance.fr\/index.php\/wp-json\/wp\/v2\/pages"}],"about":[{"href":"https:\/\/www.notrefrance.fr\/index.php\/wp-json\/wp\/v2\/types\/page"}],"author":[{"embeddable":true,"href":"https:\/\/www.notrefrance.fr\/index.php\/wp-json\/wp\/v2\/users\/2"}],"replies":[{"embeddable":true,"href":"https:\/\/www.notrefrance.fr\/index.php\/wp-json\/wp\/v2\/comments?post=4122"}],"version-history":[{"count":17,"href":"https:\/\/www.notrefrance.fr\/index.php\/wp-json\/wp\/v2\/pages\/4122\/revisions"}],"predecessor-version":[{"id":4899,"href":"https:\/\/www.notrefrance.fr\/index.php\/wp-json\/wp\/v2\/pages\/4122\/revisions\/4899"}],"wp:attachment":[{"href":"https:\/\/www.notrefrance.fr\/index.php\/wp-json\/wp\/v2\/media?parent=4122"}],"curies":[{"name":"wp","href":"https:\/\/api.w.org\/{rel}","templated":true}]}}