{"id":4312,"date":"2018-11-26T17:48:39","date_gmt":"2018-11-26T16:48:39","guid":{"rendered":"http:\/\/www.notrefrance.fr\/?page_id=4312"},"modified":"2018-11-26T17:52:06","modified_gmt":"2018-11-26T16:52:06","slug":"seine-et-marne","status":"publish","type":"page","link":"https:\/\/www.notrefrance.fr\/index.php\/seine-et-marne\/","title":{"rendered":"Seine-et-Marne"},"content":{"rendered":"<p>[vc_row][vc_column][vc_custom_heading text=&#8221;Seine-et-Marne&#8221; font_container=&#8221;tag:h2|font_size:64|text_align:center|color:%2300148c&#8221; google_fonts=&#8221;font_family:Roboto%3A100%2C100italic%2C300%2C300italic%2Cregular%2Citalic%2C500%2C500italic%2C700%2C700italic%2C900%2C900italic|font_style:400%20regular%3A400%3Anormal&#8221;][vc_empty_space height=&#8221;80px&#8221;][\/vc_column][\/vc_row][vc_row][vc_column][vc_column_text]<strong><span style=\"font-size: 24pt;\">D\u00e9l\u00e9gu\u00e9 r\u00e9gional<\/span><\/strong><\/p>\n<p>&nbsp;<\/p>\n<p><span style=\"color: #00148c;\"><strong><span style=\"font-size: 18pt;\">Gr\u00e9gory Faivre<\/span><\/strong><\/span><\/p>\n<p><span style=\"font-size: 18pt;\">courriel : <span style=\"color: #00148c;\">gregory.faivre@notrefrance.fr<\/span><\/span>[\/vc_column_text][vc_separator color=&#8221;black&#8221;][\/vc_column][\/vc_row]<\/p>\n","protected":false},"excerpt":{"rendered":"<p>[vc_row][vc_column][vc_custom_heading text=&#8221;Seine-et-Marne&#8221; font_container=&#8221;tag:h2|font_size:64|text_align:center|color:%2300148c&#8221; google_fonts=&#8221;font_family:Roboto%3A100%2C100italic%2C300%2C300italic%2Cregular%2Citalic%2C500%2C500italic%2C700%2C700italic%2C900%2C900italic|font_style:400%20regular%3A400%3Anormal&#8221;][vc_empty_space height=&#8221;80px&#8221;][\/vc_column][\/vc_row][vc_row][vc_column][vc_column_text]D\u00e9l\u00e9gu\u00e9 r\u00e9gional &nbsp; Gr\u00e9gory Faivre courriel : gregory.faivre@notrefrance.fr[\/vc_column_text][vc_separator color=&#8221;black&#8221;][\/vc_column][\/vc_row]<\/p>\n","protected":false},"author":2,"featured_media":0,"parent":0,"menu_order":0,"comment_status":"closed","ping_status":"closed","template":"page-templates\/page-no-sidebar.php","meta":{"footnotes":""},"class_list":["post-4312","page","type-page","status-publish","hentry"],"yoast_head":"<!-- This site is optimized with the Yoast SEO plugin v27.3 - https:\/\/yoast.com\/product\/yoast-seo-wordpress\/ -->\n<title>Seine-et-Marne - Notre France<\/title>\n<meta name=\"robots\" content=\"index, follow, max-snippet:-1, max-image-preview:large, max-video-preview:-1\" \/>\n<link rel=\"canonical\" href=\"https:\/\/www.notrefrance.fr\/index.php\/seine-et-marne\/\" \/>\n<meta property=\"og:locale\" content=\"fr_FR\" \/>\n<meta property=\"og:type\" content=\"article\" \/>\n<meta property=\"og:title\" content=\"Seine-et-Marne - Notre France\" \/>\n<meta property=\"og:description\" content=\"[vc_row][vc_column][vc_custom_heading text=&#8221;Seine-et-Marne&#8221; font_container=&#8221;tag:h2|font_size:64|text_align:center|color:%2300148c&#8221; google_fonts=&#8221;font_family:Roboto%3A100%2C100italic%2C300%2C300italic%2Cregular%2Citalic%2C500%2C500italic%2C700%2C700italic%2C900%2C900italic|font_style:400%20regular%3A400%3Anormal&#8221;][vc_empty_space height=&#8221;80px&#8221;][\/vc_column][\/vc_row][vc_row][vc_column][vc_column_text]D\u00e9l\u00e9gu\u00e9 r\u00e9gional &nbsp; Gr\u00e9gory Faivre courriel : gregory.faivre@notrefrance.fr[\/vc_column_text][vc_separator color=&#8221;black&#8221;][\/vc_column][\/vc_row]\" \/>\n<meta property=\"og:url\" content=\"https:\/\/www.notrefrance.fr\/index.php\/seine-et-marne\/\" \/>\n<meta property=\"og:site_name\" content=\"Notre France\" \/>\n<meta property=\"article:publisher\" content=\"https:\/\/www.facebook.com\/NotreFranceOfficiel\/\" \/>\n<meta property=\"article:modified_time\" content=\"2018-11-26T16:52:06+00:00\" \/>\n<meta name=\"twitter:card\" content=\"summary_large_image\" \/>\n<meta name=\"twitter:site\" content=\"@_notrefrance\" \/>\n<script type=\"application\/ld+json\" class=\"yoast-schema-graph\">{\"@context\":\"https:\\\/\\\/schema.org\",\"@graph\":[{\"@type\":\"WebPage\",\"@id\":\"https:\\\/\\\/www.notrefrance.fr\\\/index.php\\\/seine-et-marne\\\/\",\"url\":\"https:\\\/\\\/www.notrefrance.fr\\\/index.php\\\/seine-et-marne\\\/\",\"name\":\"Seine-et-Marne - Notre France\",\"isPartOf\":{\"@id\":\"https:\\\/\\\/www.notrefrance.fr\\\/#website\"},\"datePublished\":\"2018-11-26T16:48:39+00:00\",\"dateModified\":\"2018-11-26T16:52:06+00:00\",\"breadcrumb\":{\"@id\":\"https:\\\/\\\/www.notrefrance.fr\\\/index.php\\\/seine-et-marne\\\/#breadcrumb\"},\"inLanguage\":\"fr-FR\",\"potentialAction\":[{\"@type\":\"ReadAction\",\"target\":[\"https:\\\/\\\/www.notrefrance.fr\\\/index.php\\\/seine-et-marne\\\/\"]}]},{\"@type\":\"BreadcrumbList\",\"@id\":\"https:\\\/\\\/www.notrefrance.fr\\\/index.php\\\/seine-et-marne\\\/#breadcrumb\",\"itemListElement\":[{\"@type\":\"ListItem\",\"position\":1,\"name\":\"Accueil\",\"item\":\"https:\\\/\\\/www.notrefrance.fr\\\/\"},{\"@type\":\"ListItem\",\"position\":2,\"name\":\"Seine-et-Marne\"}]},{\"@type\":\"WebSite\",\"@id\":\"https:\\\/\\\/www.notrefrance.fr\\\/#website\",\"url\":\"https:\\\/\\\/www.notrefrance.fr\\\/\",\"name\":\"Notre France\",\"description\":\"Notre France\",\"publisher\":{\"@id\":\"https:\\\/\\\/www.notrefrance.fr\\\/#organization\"},\"potentialAction\":[{\"@type\":\"SearchAction\",\"target\":{\"@type\":\"EntryPoint\",\"urlTemplate\":\"https:\\\/\\\/www.notrefrance.fr\\\/?s={search_term_string}\"},\"query-input\":{\"@type\":\"PropertyValueSpecification\",\"valueRequired\":true,\"valueName\":\"search_term_string\"}}],\"inLanguage\":\"fr-FR\"},{\"@type\":\"Organization\",\"@id\":\"https:\\\/\\\/www.notrefrance.fr\\\/#organization\",\"name\":\"Notre France\",\"url\":\"https:\\\/\\\/www.notrefrance.fr\\\/\",\"logo\":{\"@type\":\"ImageObject\",\"inLanguage\":\"fr-FR\",\"@id\":\"https:\\\/\\\/www.notrefrance.fr\\\/#\\\/schema\\\/logo\\\/image\\\/\",\"url\":\"https:\\\/\\\/www.notrefrance.fr\\\/wp-content\\\/uploads\\\/2015\\\/12\\\/cropped-Logo-Notre-France-512x512.png\",\"contentUrl\":\"https:\\\/\\\/www.notrefrance.fr\\\/wp-content\\\/uploads\\\/2015\\\/12\\\/cropped-Logo-Notre-France-512x512.png\",\"width\":512,\"height\":512,\"caption\":\"Notre France\"},\"image\":{\"@id\":\"https:\\\/\\\/www.notrefrance.fr\\\/#\\\/schema\\\/logo\\\/image\\\/\"},\"sameAs\":[\"https:\\\/\\\/www.facebook.com\\\/NotreFranceOfficiel\\\/\",\"https:\\\/\\\/x.com\\\/_notrefrance\",\"https:\\\/\\\/www.linkedin.com\\\/company\\\/notre-france\\\/\"]}]}<\/script>\n<!-- \/ Yoast SEO plugin. -->","yoast_head_json":{"title":"Seine-et-Marne - Notre France","robots":{"index":"index","follow":"follow","max-snippet":"max-snippet:-1","max-image-preview":"max-image-preview:large","max-video-preview":"max-video-preview:-1"},"canonical":"https:\/\/www.notrefrance.fr\/index.php\/seine-et-marne\/","og_locale":"fr_FR","og_type":"article","og_title":"Seine-et-Marne - Notre France","og_description":"[vc_row][vc_column][vc_custom_heading text=&#8221;Seine-et-Marne&#8221; font_container=&#8221;tag:h2|font_size:64|text_align:center|color:%2300148c&#8221; google_fonts=&#8221;font_family:Roboto%3A100%2C100italic%2C300%2C300italic%2Cregular%2Citalic%2C500%2C500italic%2C700%2C700italic%2C900%2C900italic|font_style:400%20regular%3A400%3Anormal&#8221;][vc_empty_space height=&#8221;80px&#8221;][\/vc_column][\/vc_row][vc_row][vc_column][vc_column_text]D\u00e9l\u00e9gu\u00e9 r\u00e9gional &nbsp; Gr\u00e9gory Faivre courriel : gregory.faivre@notrefrance.fr[\/vc_column_text][vc_separator color=&#8221;black&#8221;][\/vc_column][\/vc_row]","og_url":"https:\/\/www.notrefrance.fr\/index.php\/seine-et-marne\/","og_site_name":"Notre France","article_publisher":"https:\/\/www.facebook.com\/NotreFranceOfficiel\/","article_modified_time":"2018-11-26T16:52:06+00:00","twitter_card":"summary_large_image","twitter_site":"@_notrefrance","schema":{"@context":"https:\/\/schema.org","@graph":[{"@type":"WebPage","@id":"https:\/\/www.notrefrance.fr\/index.php\/seine-et-marne\/","url":"https:\/\/www.notrefrance.fr\/index.php\/seine-et-marne\/","name":"Seine-et-Marne - Notre France","isPartOf":{"@id":"https:\/\/www.notrefrance.fr\/#website"},"datePublished":"2018-11-26T16:48:39+00:00","dateModified":"2018-11-26T16:52:06+00:00","breadcrumb":{"@id":"https:\/\/www.notrefrance.fr\/index.php\/seine-et-marne\/#breadcrumb"},"inLanguage":"fr-FR","potentialAction":[{"@type":"ReadAction","target":["https:\/\/www.notrefrance.fr\/index.php\/seine-et-marne\/"]}]},{"@type":"BreadcrumbList","@id":"https:\/\/www.notrefrance.fr\/index.php\/seine-et-marne\/#breadcrumb","itemListElement":[{"@type":"ListItem","position":1,"name":"Accueil","item":"https:\/\/www.notrefrance.fr\/"},{"@type":"ListItem","position":2,"name":"Seine-et-Marne"}]},{"@type":"WebSite","@id":"https:\/\/www.notrefrance.fr\/#website","url":"https:\/\/www.notrefrance.fr\/","name":"Notre France","description":"Notre France","publisher":{"@id":"https:\/\/www.notrefrance.fr\/#organization"},"potentialAction":[{"@type":"SearchAction","target":{"@type":"EntryPoint","urlTemplate":"https:\/\/www.notrefrance.fr\/?s={search_term_string}"},"query-input":{"@type":"PropertyValueSpecification","valueRequired":true,"valueName":"search_term_string"}}],"inLanguage":"fr-FR"},{"@type":"Organization","@id":"https:\/\/www.notrefrance.fr\/#organization","name":"Notre France","url":"https:\/\/www.notrefrance.fr\/","logo":{"@type":"ImageObject","inLanguage":"fr-FR","@id":"https:\/\/www.notrefrance.fr\/#\/schema\/logo\/image\/","url":"https:\/\/www.notrefrance.fr\/wp-content\/uploads\/2015\/12\/cropped-Logo-Notre-France-512x512.png","contentUrl":"https:\/\/www.notrefrance.fr\/wp-content\/uploads\/2015\/12\/cropped-Logo-Notre-France-512x512.png","width":512,"height":512,"caption":"Notre France"},"image":{"@id":"https:\/\/www.notrefrance.fr\/#\/schema\/logo\/image\/"},"sameAs":["https:\/\/www.facebook.com\/NotreFranceOfficiel\/","https:\/\/x.com\/_notrefrance","https:\/\/www.linkedin.com\/company\/notre-france\/"]}]}},"_links":{"self":[{"href":"https:\/\/www.notrefrance.fr\/index.php\/wp-json\/wp\/v2\/pages\/4312","targetHints":{"allow":["GET"]}}],"collection":[{"href":"https:\/\/www.notrefrance.fr\/index.php\/wp-json\/wp\/v2\/pages"}],"about":[{"href":"https:\/\/www.notrefrance.fr\/index.php\/wp-json\/wp\/v2\/types\/page"}],"author":[{"embeddable":true,"href":"https:\/\/www.notrefrance.fr\/index.php\/wp-json\/wp\/v2\/users\/2"}],"replies":[{"embeddable":true,"href":"https:\/\/www.notrefrance.fr\/index.php\/wp-json\/wp\/v2\/comments?post=4312"}],"version-history":[{"count":3,"href":"https:\/\/www.notrefrance.fr\/index.php\/wp-json\/wp\/v2\/pages\/4312\/revisions"}],"predecessor-version":[{"id":4317,"href":"https:\/\/www.notrefrance.fr\/index.php\/wp-json\/wp\/v2\/pages\/4312\/revisions\/4317"}],"wp:attachment":[{"href":"https:\/\/www.notrefrance.fr\/index.php\/wp-json\/wp\/v2\/media?parent=4312"}],"curies":[{"name":"wp","href":"https:\/\/api.w.org\/{rel}","templated":true}]}}