{"id":4427,"date":"2019-05-10T18:38:44","date_gmt":"2019-05-10T16:38:44","guid":{"rendered":"http:\/\/www.notrefrance.fr\/?page_id=4427"},"modified":"2019-06-13T13:10:15","modified_gmt":"2019-06-13T11:10:15","slug":"adp","status":"publish","type":"page","link":"https:\/\/www.notrefrance.fr\/index.php\/adp\/","title":{"rendered":"R\u00e9f\u00e9rendum ADP"},"content":{"rendered":"<p>[vc_row][vc_column][vc_custom_heading text=&#8221;R\u00e9f\u00e9rendum sur la privatisation d&#8217;A\u00e9roports de Paris&#8221; font_container=&#8221;tag:h2|font_size:32|text_align:center|color:%2300148c&#8221; google_fonts=&#8221;font_family:Roboto%20Slab%3A100%2C300%2Cregular%2C700|font_style:700%20bold%20regular%3A700%3Anormal&#8221; link=&#8221;|||&#8221;][vc_empty_space][vc_column_text]<img loading=\"lazy\" decoding=\"async\" class=\"aligncenter wp-image-4449\" src=\"https:\/\/www.notrefrance.fr\/wp-content\/uploads\/2019\/06\/CDG.jpg\" alt=\"\" width=\"750\" height=\"500\" srcset=\"https:\/\/www.notrefrance.fr\/wp-content\/uploads\/2019\/06\/CDG.jpg 1200w, https:\/\/www.notrefrance.fr\/wp-content\/uploads\/2019\/06\/CDG-300x200.jpg 300w, https:\/\/www.notrefrance.fr\/wp-content\/uploads\/2019\/06\/CDG-768x512.jpg 768w, https:\/\/www.notrefrance.fr\/wp-content\/uploads\/2019\/06\/CDG-1024x683.jpg 1024w, https:\/\/www.notrefrance.fr\/wp-content\/uploads\/2019\/06\/CDG-1140x760.jpg 1140w, https:\/\/www.notrefrance.fr\/wp-content\/uploads\/2019\/06\/CDG-143x95.jpg 143w, https:\/\/www.notrefrance.fr\/wp-content\/uploads\/2019\/06\/CDG-98x65.jpg 98w\" sizes=\"auto, (max-width: 750px) 100vw, 750px\" \/><\/p>\n<p>&nbsp;<\/p>\n<p><span style=\"font-size: 14pt;\">La voie est ouverte \u00e0 un r\u00e9f\u00e9rendum d\u2019initiative partag\u00e9e sur la privatisation d\u2019ADP !<\/span><\/p>\n<p>&nbsp;<\/p>\n<p><span style=\"font-size: 14pt;\">Notre France se f\u00e9licite de la d\u00e9cision du Conseil constitutionnel de valider l\u2019id\u00e9e de soumettre au vote la cession d\u2019A\u00e9roports de Paris. La prochaine \u00e9tape consistera \u00e0 recueillir le soutien de 4,7 millions de Fran\u00e7ais.<\/span><\/p>\n<p>&nbsp;<\/p>\n<p><span style=\"font-size: 14pt;\">Notre France prendra toute sa part dans le recueil des signatures n\u00e9cessaires \u00e0 la mise en place de ce r\u00e9f\u00e9rendum, ainsi que de la campagne qui s\u2019en suivra. Car nous estim<span class=\"text_exposed_show\">ons qu\u2019une occasion unique nous est donn\u00e9e pour dire :<\/span><\/span><\/p>\n<p><span style=\"font-size: 14pt;\"><span class=\"text_exposed_show\">Assez de cette deconstruction de notre Nation,<\/span><\/span><\/p>\n<p><span style=\"font-size: 14pt;\"><span class=\"text_exposed_show\">Assez de cette braderie de tous les biens appartenant au peuple fran\u00e7ais,<\/span><\/span><\/p>\n<p><span style=\"font-size: 14pt;\"><span class=\"text_exposed_show\">Assez de cette mondialisation inhumaine qui d\u00e9truit des vies pour toujours plus de profits.<\/span><\/span><\/p>\n<p>&nbsp;<\/p>\n<p><span style=\"font-size: 14pt;\">Nous invitons tous les Compagnons de Notre France, tous les Fran\u00e7ais qui ont la Nation chevill\u00e9e au corps, \u00e0 soutenir ce r\u00e9f\u00e9rendum en cliquant ci-dessous :<\/span><\/p>\n<p>[\/vc_column_text][vc_btn title=&#8221;Soutenir le r\u00e9f\u00e9rendum&#8221; style=&#8221;custom&#8221; custom_background=&#8221;#00148c&#8221; custom_text=&#8221;#ffffff&#8221; shape=&#8221;square&#8221; align=&#8221;center&#8221; link=&#8221;url:https%3A%2F%2Fwww.referendum.interieur.gouv.fr%2Fsoutien%2Fetape-1||target:%20_blank|&#8221;][vc_column_text]<\/p>\n<p style=\"text-align: center;\"><span style=\"font-size: 12pt;\">(Il vous faudra peut-\u00eatre rafra\u00eechir la page car le site du Minist\u00e8re de l&#8217;Int\u00e9rieur souffre d\u00e9j\u00e0 du nombre de signatures)<\/span><\/p>\n<p>[\/vc_column_text][vc_empty_space][tt_section_title title_alignment=&#8221;text-center&#8221; title_color_option=&#8221;custom-color&#8221; title=&#8221;Laisser un commentaire&#8221; title_color=&#8221;#414141&#8243;][\/tt_section_title]\n<div class=\"wpcf7 no-js\" id=\"wpcf7-f3881-o1\" lang=\"en-US\" dir=\"ltr\" data-wpcf7-id=\"3881\">\n<div class=\"screen-reader-response\"><p role=\"status\" aria-live=\"polite\" aria-atomic=\"true\"><\/p> <ul><\/ul><\/div>\n<form action=\"\/index.php\/wp-json\/wp\/v2\/pages\/4427#wpcf7-f3881-o1\" method=\"post\" class=\"wpcf7-form init\" aria-label=\"Contact form\" novalidate=\"novalidate\" data-status=\"init\">\n<fieldset class=\"hidden-fields-container\"><input type=\"hidden\" name=\"_wpcf7\" value=\"3881\" \/><input type=\"hidden\" name=\"_wpcf7_version\" value=\"6.1.5\" \/><input type=\"hidden\" name=\"_wpcf7_locale\" value=\"en_US\" \/><input type=\"hidden\" name=\"_wpcf7_unit_tag\" value=\"wpcf7-f3881-o1\" \/><input type=\"hidden\" name=\"_wpcf7_container_post\" value=\"0\" \/><input type=\"hidden\" name=\"_wpcf7_posted_data_hash\" value=\"\" \/><input type=\"hidden\" name=\"_wpcf7cf_hidden_group_fields\" value=\"[]\" \/><input type=\"hidden\" name=\"_wpcf7cf_hidden_groups\" value=\"[]\" \/><input type=\"hidden\" name=\"_wpcf7cf_visible_groups\" value=\"[]\" \/><input type=\"hidden\" name=\"_wpcf7cf_repeaters\" value=\"[]\" \/><input type=\"hidden\" name=\"_wpcf7cf_steps\" value=\"{}\" \/><input type=\"hidden\" name=\"_wpcf7cf_options\" value=\"{&quot;form_id&quot;:3881,&quot;conditions&quot;:[],&quot;settings&quot;:{&quot;animation&quot;:&quot;yes&quot;,&quot;animation_intime&quot;:200,&quot;animation_outtime&quot;:200,&quot;conditions_ui&quot;:&quot;normal&quot;,&quot;notice_dismissed&quot;:false}}\" \/><input type=\"hidden\" name=\"_wpcf7_recaptcha_response\" value=\"\" \/>\n<\/fieldset>\n<div class=\"row\">\n\t<div class=\"col-sm-5\">\n\t\t<div class=\"form-group\">\n\t\t\t<p><label class=\"sr-only\" for=\"cfname\">Name<\/label><span class=\"wpcf7-form-control-wrap\" data-name=\"nom\"><input size=\"40\" maxlength=\"400\" class=\"wpcf7-form-control wpcf7-text wpcf7-validates-as-required form-control\" id=\"cfname\" aria-required=\"true\" aria-invalid=\"false\" placeholder=\"Pr\u00e9nom, Nom\" value=\"\" type=\"text\" name=\"nom\" \/><\/span>\n\t\t\t<\/p>\n\t\t<\/div>\n\t<\/div>\n\t<div class=\"col-sm-7\">\n\t\t<div class=\"form-group\">\n\t\t\t<p><label class=\"sr-only\" for=\"cfemail\">Email<\/label><span class=\"wpcf7-form-control-wrap\" data-name=\"courriel\"><input size=\"40\" maxlength=\"400\" class=\"wpcf7-form-control wpcf7-email wpcf7-validates-as-required wpcf7-text wpcf7-validates-as-email form-control\" id=\"cfemail\" aria-required=\"true\" aria-invalid=\"false\" placeholder=\"Adresse courriel\" value=\"\" type=\"email\" name=\"courriel\" \/><\/span>\n\t\t\t<\/p>\n\t\t<\/div>\n\t<\/div>\n<\/div>\n<div class=\"form-group\">\n\t<p><label class=\"sr-only\" for=\"cfmessage\">Message<\/label><span class=\"wpcf7-form-control-wrap\" data-name=\"message\"><textarea cols=\"40\" rows=\"10\" maxlength=\"2000\" class=\"wpcf7-form-control wpcf7-textarea wpcf7-validates-as-required form-control\" id=\"cfmessage\" aria-required=\"true\" aria-invalid=\"false\" placeholder=\"Laisser un commentaire\" name=\"message\"><\/textarea><\/span>\n\t<\/p>\n<\/div>\n<p><input class=\"wpcf7-form-control wpcf7-submit has-spinner btn btn-primary btn-lg\" type=\"submit\" value=\"Envoyer\" \/>\n<\/p><p style=\"display: none !important;\" class=\"akismet-fields-container\" data-prefix=\"_wpcf7_ak_\"><label>&#916;<textarea name=\"_wpcf7_ak_hp_textarea\" cols=\"45\" rows=\"8\" maxlength=\"100\"><\/textarea><\/label><input type=\"hidden\" id=\"ak_js_1\" name=\"_wpcf7_ak_js\" value=\"117\"\/><script>document.getElementById( \"ak_js_1\" ).setAttribute( \"value\", ( new Date() ).getTime() );<\/script><\/p><div class=\"wpcf7-response-output\" aria-hidden=\"true\"><\/div>\n<\/form>\n<\/div>\n[vc_empty_space][\/vc_column][\/vc_row]<\/p>\n","protected":false},"excerpt":{"rendered":"<p>[vc_row][vc_column][vc_custom_heading text=&#8221;R\u00e9f\u00e9rendum sur la privatisation d&#8217;A\u00e9roports de Paris&#8221; font_container=&#8221;tag:h2|font_size:32|text_align:center|color:%2300148c&#8221; google_fonts=&#8221;font_family:Roboto%20Slab%3A100%2C300%2Cregular%2C700|font_style:700%20bold%20regular%3A700%3Anormal&#8221; link=&#8221;|||&#8221;][vc_empty_space][vc_column_text] &nbsp; La voie est ouverte \u00e0 un r\u00e9f\u00e9rendum d\u2019initiative partag\u00e9e sur la privatisation d\u2019ADP ! &nbsp; Notre France se f\u00e9licite de la d\u00e9cision du Conseil constitutionnel de valider l\u2019id\u00e9e de soumettre au vote la cession d\u2019A\u00e9roports de Paris. La prochaine \u00e9tape consistera \u00e0 recueillir [&hellip;]<\/p>\n","protected":false},"author":2,"featured_media":0,"parent":0,"menu_order":0,"comment_status":"closed","ping_status":"closed","template":"page-templates\/page-no-sidebar.php","meta":{"footnotes":""},"class_list":["post-4427","page","type-page","status-publish","hentry"],"yoast_head":"<!-- This site is optimized with the Yoast SEO plugin v27.3 - https:\/\/yoast.com\/product\/yoast-seo-wordpress\/ -->\n<title>R\u00e9f\u00e9rendum ADP - Notre France<\/title>\n<meta name=\"robots\" content=\"index, follow, max-snippet:-1, max-image-preview:large, max-video-preview:-1\" \/>\n<link rel=\"canonical\" href=\"https:\/\/www.notrefrance.fr\/index.php\/adp\/\" \/>\n<meta property=\"og:locale\" content=\"fr_FR\" \/>\n<meta property=\"og:type\" content=\"article\" \/>\n<meta property=\"og:title\" content=\"R\u00e9f\u00e9rendum ADP - Notre France\" \/>\n<meta property=\"og:description\" content=\"[vc_row][vc_column][vc_custom_heading text=&#8221;R\u00e9f\u00e9rendum sur la privatisation d&#8217;A\u00e9roports de Paris&#8221; font_container=&#8221;tag:h2|font_size:32|text_align:center|color:%2300148c&#8221; google_fonts=&#8221;font_family:Roboto%20Slab%3A100%2C300%2Cregular%2C700|font_style:700%20bold%20regular%3A700%3Anormal&#8221; link=&#8221;|||&#8221;][vc_empty_space][vc_column_text] &nbsp; La voie est ouverte \u00e0 un r\u00e9f\u00e9rendum d\u2019initiative partag\u00e9e sur la privatisation d\u2019ADP ! &nbsp; Notre France se f\u00e9licite de la d\u00e9cision du Conseil constitutionnel de valider l\u2019id\u00e9e de soumettre au vote la cession d\u2019A\u00e9roports de Paris. La prochaine \u00e9tape consistera \u00e0 recueillir [&hellip;]\" \/>\n<meta property=\"og:url\" content=\"https:\/\/www.notrefrance.fr\/index.php\/adp\/\" \/>\n<meta property=\"og:site_name\" content=\"Notre France\" \/>\n<meta property=\"article:publisher\" content=\"https:\/\/www.facebook.com\/NotreFranceOfficiel\/\" \/>\n<meta property=\"article:modified_time\" content=\"2019-06-13T11:10:15+00:00\" \/>\n<meta property=\"og:image\" content=\"http:\/\/www.notrefrance.fr\/wp-content\/uploads\/2019\/06\/CDG.jpg\" \/>\n<meta name=\"twitter:card\" content=\"summary_large_image\" \/>\n<meta name=\"twitter:site\" content=\"@_notrefrance\" \/>\n<meta name=\"twitter:label1\" content=\"Dur\u00e9e de lecture estim\u00e9e\" \/>\n\t<meta name=\"twitter:data1\" content=\"2 minutes\" \/>\n<script type=\"application\/ld+json\" class=\"yoast-schema-graph\">{\"@context\":\"https:\\\/\\\/schema.org\",\"@graph\":[{\"@type\":\"WebPage\",\"@id\":\"https:\\\/\\\/www.notrefrance.fr\\\/index.php\\\/adp\\\/\",\"url\":\"https:\\\/\\\/www.notrefrance.fr\\\/index.php\\\/adp\\\/\",\"name\":\"R\u00e9f\u00e9rendum ADP - Notre France\",\"isPartOf\":{\"@id\":\"https:\\\/\\\/www.notrefrance.fr\\\/#website\"},\"primaryImageOfPage\":{\"@id\":\"https:\\\/\\\/www.notrefrance.fr\\\/index.php\\\/adp\\\/#primaryimage\"},\"image\":{\"@id\":\"https:\\\/\\\/www.notrefrance.fr\\\/index.php\\\/adp\\\/#primaryimage\"},\"thumbnailUrl\":\"http:\\\/\\\/www.notrefrance.fr\\\/wp-content\\\/uploads\\\/2019\\\/06\\\/CDG.jpg\",\"datePublished\":\"2019-05-10T16:38:44+00:00\",\"dateModified\":\"2019-06-13T11:10:15+00:00\",\"breadcrumb\":{\"@id\":\"https:\\\/\\\/www.notrefrance.fr\\\/index.php\\\/adp\\\/#breadcrumb\"},\"inLanguage\":\"fr-FR\",\"potentialAction\":[{\"@type\":\"ReadAction\",\"target\":[\"https:\\\/\\\/www.notrefrance.fr\\\/index.php\\\/adp\\\/\"]}]},{\"@type\":\"ImageObject\",\"inLanguage\":\"fr-FR\",\"@id\":\"https:\\\/\\\/www.notrefrance.fr\\\/index.php\\\/adp\\\/#primaryimage\",\"url\":\"http:\\\/\\\/www.notrefrance.fr\\\/wp-content\\\/uploads\\\/2019\\\/06\\\/CDG.jpg\",\"contentUrl\":\"http:\\\/\\\/www.notrefrance.fr\\\/wp-content\\\/uploads\\\/2019\\\/06\\\/CDG.jpg\"},{\"@type\":\"BreadcrumbList\",\"@id\":\"https:\\\/\\\/www.notrefrance.fr\\\/index.php\\\/adp\\\/#breadcrumb\",\"itemListElement\":[{\"@type\":\"ListItem\",\"position\":1,\"name\":\"Accueil\",\"item\":\"https:\\\/\\\/www.notrefrance.fr\\\/\"},{\"@type\":\"ListItem\",\"position\":2,\"name\":\"R\u00e9f\u00e9rendum ADP\"}]},{\"@type\":\"WebSite\",\"@id\":\"https:\\\/\\\/www.notrefrance.fr\\\/#website\",\"url\":\"https:\\\/\\\/www.notrefrance.fr\\\/\",\"name\":\"Notre France\",\"description\":\"Notre France\",\"publisher\":{\"@id\":\"https:\\\/\\\/www.notrefrance.fr\\\/#organization\"},\"potentialAction\":[{\"@type\":\"SearchAction\",\"target\":{\"@type\":\"EntryPoint\",\"urlTemplate\":\"https:\\\/\\\/www.notrefrance.fr\\\/?s={search_term_string}\"},\"query-input\":{\"@type\":\"PropertyValueSpecification\",\"valueRequired\":true,\"valueName\":\"search_term_string\"}}],\"inLanguage\":\"fr-FR\"},{\"@type\":\"Organization\",\"@id\":\"https:\\\/\\\/www.notrefrance.fr\\\/#organization\",\"name\":\"Notre France\",\"url\":\"https:\\\/\\\/www.notrefrance.fr\\\/\",\"logo\":{\"@type\":\"ImageObject\",\"inLanguage\":\"fr-FR\",\"@id\":\"https:\\\/\\\/www.notrefrance.fr\\\/#\\\/schema\\\/logo\\\/image\\\/\",\"url\":\"https:\\\/\\\/www.notrefrance.fr\\\/wp-content\\\/uploads\\\/2015\\\/12\\\/cropped-Logo-Notre-France-512x512.png\",\"contentUrl\":\"https:\\\/\\\/www.notrefrance.fr\\\/wp-content\\\/uploads\\\/2015\\\/12\\\/cropped-Logo-Notre-France-512x512.png\",\"width\":512,\"height\":512,\"caption\":\"Notre France\"},\"image\":{\"@id\":\"https:\\\/\\\/www.notrefrance.fr\\\/#\\\/schema\\\/logo\\\/image\\\/\"},\"sameAs\":[\"https:\\\/\\\/www.facebook.com\\\/NotreFranceOfficiel\\\/\",\"https:\\\/\\\/x.com\\\/_notrefrance\",\"https:\\\/\\\/www.linkedin.com\\\/company\\\/notre-france\\\/\"]}]}<\/script>\n<!-- \/ Yoast SEO plugin. -->","yoast_head_json":{"title":"R\u00e9f\u00e9rendum ADP - Notre France","robots":{"index":"index","follow":"follow","max-snippet":"max-snippet:-1","max-image-preview":"max-image-preview:large","max-video-preview":"max-video-preview:-1"},"canonical":"https:\/\/www.notrefrance.fr\/index.php\/adp\/","og_locale":"fr_FR","og_type":"article","og_title":"R\u00e9f\u00e9rendum ADP - Notre France","og_description":"[vc_row][vc_column][vc_custom_heading text=&#8221;R\u00e9f\u00e9rendum sur la privatisation d&#8217;A\u00e9roports de Paris&#8221; font_container=&#8221;tag:h2|font_size:32|text_align:center|color:%2300148c&#8221; google_fonts=&#8221;font_family:Roboto%20Slab%3A100%2C300%2Cregular%2C700|font_style:700%20bold%20regular%3A700%3Anormal&#8221; link=&#8221;|||&#8221;][vc_empty_space][vc_column_text] &nbsp; La voie est ouverte \u00e0 un r\u00e9f\u00e9rendum d\u2019initiative partag\u00e9e sur la privatisation d\u2019ADP ! &nbsp; Notre France se f\u00e9licite de la d\u00e9cision du Conseil constitutionnel de valider l\u2019id\u00e9e de soumettre au vote la cession d\u2019A\u00e9roports de Paris. La prochaine \u00e9tape consistera \u00e0 recueillir [&hellip;]","og_url":"https:\/\/www.notrefrance.fr\/index.php\/adp\/","og_site_name":"Notre France","article_publisher":"https:\/\/www.facebook.com\/NotreFranceOfficiel\/","article_modified_time":"2019-06-13T11:10:15+00:00","og_image":[{"url":"http:\/\/www.notrefrance.fr\/wp-content\/uploads\/2019\/06\/CDG.jpg","type":"","width":"","height":""}],"twitter_card":"summary_large_image","twitter_site":"@_notrefrance","twitter_misc":{"Dur\u00e9e de lecture estim\u00e9e":"2 minutes"},"schema":{"@context":"https:\/\/schema.org","@graph":[{"@type":"WebPage","@id":"https:\/\/www.notrefrance.fr\/index.php\/adp\/","url":"https:\/\/www.notrefrance.fr\/index.php\/adp\/","name":"R\u00e9f\u00e9rendum ADP - Notre France","isPartOf":{"@id":"https:\/\/www.notrefrance.fr\/#website"},"primaryImageOfPage":{"@id":"https:\/\/www.notrefrance.fr\/index.php\/adp\/#primaryimage"},"image":{"@id":"https:\/\/www.notrefrance.fr\/index.php\/adp\/#primaryimage"},"thumbnailUrl":"http:\/\/www.notrefrance.fr\/wp-content\/uploads\/2019\/06\/CDG.jpg","datePublished":"2019-05-10T16:38:44+00:00","dateModified":"2019-06-13T11:10:15+00:00","breadcrumb":{"@id":"https:\/\/www.notrefrance.fr\/index.php\/adp\/#breadcrumb"},"inLanguage":"fr-FR","potentialAction":[{"@type":"ReadAction","target":["https:\/\/www.notrefrance.fr\/index.php\/adp\/"]}]},{"@type":"ImageObject","inLanguage":"fr-FR","@id":"https:\/\/www.notrefrance.fr\/index.php\/adp\/#primaryimage","url":"http:\/\/www.notrefrance.fr\/wp-content\/uploads\/2019\/06\/CDG.jpg","contentUrl":"http:\/\/www.notrefrance.fr\/wp-content\/uploads\/2019\/06\/CDG.jpg"},{"@type":"BreadcrumbList","@id":"https:\/\/www.notrefrance.fr\/index.php\/adp\/#breadcrumb","itemListElement":[{"@type":"ListItem","position":1,"name":"Accueil","item":"https:\/\/www.notrefrance.fr\/"},{"@type":"ListItem","position":2,"name":"R\u00e9f\u00e9rendum ADP"}]},{"@type":"WebSite","@id":"https:\/\/www.notrefrance.fr\/#website","url":"https:\/\/www.notrefrance.fr\/","name":"Notre France","description":"Notre France","publisher":{"@id":"https:\/\/www.notrefrance.fr\/#organization"},"potentialAction":[{"@type":"SearchAction","target":{"@type":"EntryPoint","urlTemplate":"https:\/\/www.notrefrance.fr\/?s={search_term_string}"},"query-input":{"@type":"PropertyValueSpecification","valueRequired":true,"valueName":"search_term_string"}}],"inLanguage":"fr-FR"},{"@type":"Organization","@id":"https:\/\/www.notrefrance.fr\/#organization","name":"Notre France","url":"https:\/\/www.notrefrance.fr\/","logo":{"@type":"ImageObject","inLanguage":"fr-FR","@id":"https:\/\/www.notrefrance.fr\/#\/schema\/logo\/image\/","url":"https:\/\/www.notrefrance.fr\/wp-content\/uploads\/2015\/12\/cropped-Logo-Notre-France-512x512.png","contentUrl":"https:\/\/www.notrefrance.fr\/wp-content\/uploads\/2015\/12\/cropped-Logo-Notre-France-512x512.png","width":512,"height":512,"caption":"Notre France"},"image":{"@id":"https:\/\/www.notrefrance.fr\/#\/schema\/logo\/image\/"},"sameAs":["https:\/\/www.facebook.com\/NotreFranceOfficiel\/","https:\/\/x.com\/_notrefrance","https:\/\/www.linkedin.com\/company\/notre-france\/"]}]}},"_links":{"self":[{"href":"https:\/\/www.notrefrance.fr\/index.php\/wp-json\/wp\/v2\/pages\/4427","targetHints":{"allow":["GET"]}}],"collection":[{"href":"https:\/\/www.notrefrance.fr\/index.php\/wp-json\/wp\/v2\/pages"}],"about":[{"href":"https:\/\/www.notrefrance.fr\/index.php\/wp-json\/wp\/v2\/types\/page"}],"author":[{"embeddable":true,"href":"https:\/\/www.notrefrance.fr\/index.php\/wp-json\/wp\/v2\/users\/2"}],"replies":[{"embeddable":true,"href":"https:\/\/www.notrefrance.fr\/index.php\/wp-json\/wp\/v2\/comments?post=4427"}],"version-history":[{"count":5,"href":"https:\/\/www.notrefrance.fr\/index.php\/wp-json\/wp\/v2\/pages\/4427\/revisions"}],"predecessor-version":[{"id":4452,"href":"https:\/\/www.notrefrance.fr\/index.php\/wp-json\/wp\/v2\/pages\/4427\/revisions\/4452"}],"wp:attachment":[{"href":"https:\/\/www.notrefrance.fr\/index.php\/wp-json\/wp\/v2\/media?parent=4427"}],"curies":[{"name":"wp","href":"https:\/\/api.w.org\/{rel}","templated":true}]}}